{"id":7145,"date":"2024-02-09T09:35:45","date_gmt":"2024-02-09T09:35:45","guid":{"rendered":"https:\/\/nordicbags.eu\/cartera-sobre-pequena-roja\/"},"modified":"2025-05-29T18:56:28","modified_gmt":"2025-05-29T18:56:28","slug":"cartera-sobre-pequena-roja","status":"publish","type":"product","link":"https:\/\/nordicbags.eu\/es\/producto\/cartera-sobre-pequena-roja\/","title":{"rendered":"Cartera sobre peque\u00f1a &#8211; Roja"},"content":{"rendered":"","protected":false},"excerpt":{"rendered":"<p>Cartera sobre de dise\u00f1o compacto y cl\u00e1sico.<\/p>\n<p>Detalles:<\/p>\n<ul>\n<li>Dimensiones 11 x 7,5 cm<\/li>\n<li>Una ranura para tarjetas de cr\u00e9dito<\/li>\n<li>Un gran bolsillo interior con cierre de bot\u00f3n a presi\u00f3n para recibos, dinero o tarjetas<\/li>\n<li>Detalle del logotipo RR<\/li>\n<li>Cierre con bot\u00f3n de presi\u00f3n<\/li>\n<li>Hecho a mano en Letonia<\/li>\n<\/ul><\/p>\n","protected":false},"featured_media":7086,"comment_status":"open","ping_status":"closed","template":"","meta":{"_acf_changed":false},"pwb-brand":[],"product_brand":[],"product_cat":[277,255],"product_tag":[],"class_list":{"0":"post-7145","1":"product","2":"type-product","3":"status-publish","4":"has-post-thumbnail","6":"product_cat-billeteros-mujer","7":"product_cat-billeteros-y-tarjeteros","9":"first","10":"instock","11":"taxable","12":"shipping-taxable","13":"purchasable","14":"product-type-simple"},"acf":[],"brands":[],"_links":{"self":[{"href":"https:\/\/nordicbags.eu\/es\/wp-json\/wp\/v2\/product\/7145","targetHints":{"allow":["GET"]}}],"collection":[{"href":"https:\/\/nordicbags.eu\/es\/wp-json\/wp\/v2\/product"}],"about":[{"href":"https:\/\/nordicbags.eu\/es\/wp-json\/wp\/v2\/types\/product"}],"replies":[{"embeddable":true,"href":"https:\/\/nordicbags.eu\/es\/wp-json\/wp\/v2\/comments?post=7145"}],"wp:featuredmedia":[{"embeddable":true,"href":"https:\/\/nordicbags.eu\/es\/wp-json\/wp\/v2\/media\/7086"}],"wp:attachment":[{"href":"https:\/\/nordicbags.eu\/es\/wp-json\/wp\/v2\/media?parent=7145"}],"wp:term":[{"taxonomy":"pwb-brand","embeddable":true,"href":"https:\/\/nordicbags.eu\/es\/wp-json\/wp\/v2\/pwb-brand?post=7145"},{"taxonomy":"product_brand","embeddable":true,"href":"https:\/\/nordicbags.eu\/es\/wp-json\/wp\/v2\/product_brand?post=7145"},{"taxonomy":"product_cat","embeddable":true,"href":"https:\/\/nordicbags.eu\/es\/wp-json\/wp\/v2\/product_cat?post=7145"},{"taxonomy":"product_tag","embeddable":true,"href":"https:\/\/nordicbags.eu\/es\/wp-json\/wp\/v2\/product_tag?post=7145"}],"curies":[{"name":"wp","href":"https:\/\/api.w.org\/{rel}","templated":true}]}}