{"id":7146,"date":"2024-02-09T09:28:39","date_gmt":"2024-02-09T09:28:39","guid":{"rendered":"https:\/\/nordicbags.eu\/mochila-impermeable-lazo-negro\/"},"modified":"2024-09-03T15:18:32","modified_gmt":"2024-09-03T15:18:32","slug":"mochila-impermeable-lazo-negro","status":"publish","type":"product","link":"https:\/\/nordicbags.eu\/es\/producto\/mochila-impermeable-lazo-negro\/","title":{"rendered":"Mochila impermeable &#8211; Lazo negro"},"content":{"rendered":"","protected":false},"excerpt":{"rendered":"<p>Lleva un poco de ternura all\u00e1 donde vayas con esta mochila negra con lazo. Perfectos tanto para el trabajo como para el d\u00eda a d\u00eda, y lo suficientemente resistentes como para ir al parque o de excursi\u00f3n. Adem\u00e1s, es impermeable, por lo que tus cosas permanecer\u00e1n secas pase lo que pase. Que no te pillen sin esta vers\u00e1til y bonita mochila.<\/p>\n<p><strong>Material:  <\/strong><\/p>\n<p>Parte superior: poli\u00e9ster resistente al agua en color negro con gran lazo. Parte inferior: poli\u00e9ster resistente al agua en color negro. Forro: tela de color gris.<\/p>\n<p>Dos correas ajustables para los hombros garantizar\u00e1n una experiencia c\u00f3moda.<\/p>\n<p>La mochila tiene cierre de cremallera, dos bolsillos interiores y un bolsillo grande para el port\u00e1til de 13\u2033.<\/p>\n<p><strong>Medidas<\/strong>:<\/p>\n<p>Altura: 38 cm Anchura: 34 cm<\/p>\n","protected":false},"featured_media":7067,"comment_status":"open","ping_status":"closed","template":"","meta":{"_acf_changed":false},"pwb-brand":[],"product_brand":[],"product_cat":[242],"product_tag":[],"class_list":{"0":"post-7146","1":"product","2":"type-product","3":"status-publish","4":"has-post-thumbnail","6":"product_cat-mochilas-y-mochilas-de-dia","8":"first","9":"outofstock","10":"taxable","11":"shipping-taxable","12":"purchasable","13":"product-type-simple"},"acf":[],"brands":[],"_links":{"self":[{"href":"https:\/\/nordicbags.eu\/es\/wp-json\/wp\/v2\/product\/7146","targetHints":{"allow":["GET"]}}],"collection":[{"href":"https:\/\/nordicbags.eu\/es\/wp-json\/wp\/v2\/product"}],"about":[{"href":"https:\/\/nordicbags.eu\/es\/wp-json\/wp\/v2\/types\/product"}],"replies":[{"embeddable":true,"href":"https:\/\/nordicbags.eu\/es\/wp-json\/wp\/v2\/comments?post=7146"}],"wp:featuredmedia":[{"embeddable":true,"href":"https:\/\/nordicbags.eu\/es\/wp-json\/wp\/v2\/media\/7067"}],"wp:attachment":[{"href":"https:\/\/nordicbags.eu\/es\/wp-json\/wp\/v2\/media?parent=7146"}],"wp:term":[{"taxonomy":"pwb-brand","embeddable":true,"href":"https:\/\/nordicbags.eu\/es\/wp-json\/wp\/v2\/pwb-brand?post=7146"},{"taxonomy":"product_brand","embeddable":true,"href":"https:\/\/nordicbags.eu\/es\/wp-json\/wp\/v2\/product_brand?post=7146"},{"taxonomy":"product_cat","embeddable":true,"href":"https:\/\/nordicbags.eu\/es\/wp-json\/wp\/v2\/product_cat?post=7146"},{"taxonomy":"product_tag","embeddable":true,"href":"https:\/\/nordicbags.eu\/es\/wp-json\/wp\/v2\/product_tag?post=7146"}],"curies":[{"name":"wp","href":"https:\/\/api.w.org\/{rel}","templated":true}]}}