{"id":7147,"date":"2024-02-09T09:21:33","date_gmt":"2024-02-09T09:21:33","guid":{"rendered":"https:\/\/nordicbags.eu\/mochila-acuarela\/"},"modified":"2024-08-23T11:07:32","modified_gmt":"2024-08-23T11:07:32","slug":"mochila-acuarela","status":"publish","type":"product","link":"https:\/\/nordicbags.eu\/es\/producto\/mochila-acuarela\/","title":{"rendered":"Mochila &#8211; Acuarela"},"content":{"rendered":"","protected":false},"excerpt":{"rendered":"<p>\u00bfVas a la oficina pero quieres destacar? La mochila PINK \u00abAcuarela\u00bb es la mezcla perfecta de practicidad y alegr\u00eda. Perfectos para el d\u00eda a d\u00eda, su dise\u00f1o elegante y sus colores vibrantes dar\u00e1n un toque extra a cualquier conjunto. As\u00ed que, \u00a1dir\u00edgete a la oficina o al parque con estilo!<\/p>\n<p><strong>Material:<\/strong><\/p>\n<p><strong>Parte superior<\/strong>: terciopelo con dise\u00f1o MUNI impreso \u00abAcuarela\u00bb. <strong>Parte inferior:<\/strong> poli\u00e9ster resistente impermeable en azul marino. <strong>Forro:<\/strong> tejido en azul.<\/p>\n<p>Dos correas ajustables para los hombros garantizar\u00e1n una experiencia c\u00f3moda.<\/p>\n<p>La mochila tiene cierre de cremallera, dos bolsillos interiores y un bolsillo grande para el port\u00e1til de 13\u2033.<\/p>\n<p><strong>Medidas<\/strong>:<\/p>\n<p>Altura: 38 cm Anchura: 34 cm<\/p>\n","protected":false},"featured_media":7054,"comment_status":"open","ping_status":"closed","template":"","meta":{"_acf_changed":false},"pwb-brand":[],"product_brand":[],"product_cat":[242],"product_tag":[],"class_list":{"0":"post-7147","1":"product","2":"type-product","3":"status-publish","4":"has-post-thumbnail","6":"product_cat-mochilas-y-mochilas-de-dia","8":"first","9":"instock","10":"taxable","11":"shipping-taxable","12":"purchasable","13":"product-type-simple"},"acf":[],"brands":[],"_links":{"self":[{"href":"https:\/\/nordicbags.eu\/es\/wp-json\/wp\/v2\/product\/7147","targetHints":{"allow":["GET"]}}],"collection":[{"href":"https:\/\/nordicbags.eu\/es\/wp-json\/wp\/v2\/product"}],"about":[{"href":"https:\/\/nordicbags.eu\/es\/wp-json\/wp\/v2\/types\/product"}],"replies":[{"embeddable":true,"href":"https:\/\/nordicbags.eu\/es\/wp-json\/wp\/v2\/comments?post=7147"}],"wp:featuredmedia":[{"embeddable":true,"href":"https:\/\/nordicbags.eu\/es\/wp-json\/wp\/v2\/media\/7054"}],"wp:attachment":[{"href":"https:\/\/nordicbags.eu\/es\/wp-json\/wp\/v2\/media?parent=7147"}],"wp:term":[{"taxonomy":"pwb-brand","embeddable":true,"href":"https:\/\/nordicbags.eu\/es\/wp-json\/wp\/v2\/pwb-brand?post=7147"},{"taxonomy":"product_brand","embeddable":true,"href":"https:\/\/nordicbags.eu\/es\/wp-json\/wp\/v2\/product_brand?post=7147"},{"taxonomy":"product_cat","embeddable":true,"href":"https:\/\/nordicbags.eu\/es\/wp-json\/wp\/v2\/product_cat?post=7147"},{"taxonomy":"product_tag","embeddable":true,"href":"https:\/\/nordicbags.eu\/es\/wp-json\/wp\/v2\/product_tag?post=7147"}],"curies":[{"name":"wp","href":"https:\/\/api.w.org\/{rel}","templated":true}]}}