{"id":7148,"date":"2024-02-09T09:14:33","date_gmt":"2024-02-09T09:14:33","guid":{"rendered":"https:\/\/nordicbags.eu\/mochila-impermeable-lazo-marron\/"},"modified":"2025-05-30T01:50:12","modified_gmt":"2025-05-30T01:50:12","slug":"mochila-impermeable-lazo-marron","status":"publish","type":"product","link":"https:\/\/nordicbags.eu\/es\/producto\/mochila-impermeable-lazo-marron\/","title":{"rendered":"Mochila impermeable &#8211; Lazo marr\u00f3n"},"content":{"rendered":"","protected":false},"excerpt":{"rendered":"<p>Esta es la mochila minimalista de MUNI. Una gran mochila para tus necesidades diarias. Es lo suficientemente espaciosa para tus libros favoritos, el port\u00e1til, el estuche de maquillaje y otras cosas de chica. Esta mochila \u00abLazo\u00bb es impermeable y mantendr\u00e1 a salvo todas las cosas importantes en un d\u00eda lluvioso.<\/p>\n<p><strong>Material:  <\/strong><\/p>\n<p>Parte superior: poli\u00e9ster resistente al agua en color marr\u00f3n con gran lazo. Parte inferior: poli\u00e9ster resistente al agua en color marr\u00f3n. Forro: tela de color gris.<\/p>\n<p>Dos correas ajustables para los hombros garantizar\u00e1n una experiencia c\u00f3moda.<\/p>\n<p>La mochila tiene cierre de cremallera, dos bolsillos interiores y un bolsillo grande para el port\u00e1til de 13\u2033.<\/p>\n<p><strong>Medidas<\/strong>:<\/p>\n<p>Altura: 38 cm Anchura: 34 cm<\/p>\n","protected":false},"featured_media":7033,"comment_status":"open","ping_status":"closed","template":"","meta":{"_acf_changed":false},"pwb-brand":[],"product_brand":[],"product_cat":[242],"product_tag":[],"class_list":{"0":"post-7148","1":"product","2":"type-product","3":"status-publish","4":"has-post-thumbnail","6":"product_cat-mochilas-y-mochilas-de-dia","8":"first","9":"outofstock","10":"taxable","11":"shipping-taxable","12":"purchasable","13":"product-type-simple"},"acf":[],"brands":[],"_links":{"self":[{"href":"https:\/\/nordicbags.eu\/es\/wp-json\/wp\/v2\/product\/7148","targetHints":{"allow":["GET"]}}],"collection":[{"href":"https:\/\/nordicbags.eu\/es\/wp-json\/wp\/v2\/product"}],"about":[{"href":"https:\/\/nordicbags.eu\/es\/wp-json\/wp\/v2\/types\/product"}],"replies":[{"embeddable":true,"href":"https:\/\/nordicbags.eu\/es\/wp-json\/wp\/v2\/comments?post=7148"}],"wp:featuredmedia":[{"embeddable":true,"href":"https:\/\/nordicbags.eu\/es\/wp-json\/wp\/v2\/media\/7033"}],"wp:attachment":[{"href":"https:\/\/nordicbags.eu\/es\/wp-json\/wp\/v2\/media?parent=7148"}],"wp:term":[{"taxonomy":"pwb-brand","embeddable":true,"href":"https:\/\/nordicbags.eu\/es\/wp-json\/wp\/v2\/pwb-brand?post=7148"},{"taxonomy":"product_brand","embeddable":true,"href":"https:\/\/nordicbags.eu\/es\/wp-json\/wp\/v2\/product_brand?post=7148"},{"taxonomy":"product_cat","embeddable":true,"href":"https:\/\/nordicbags.eu\/es\/wp-json\/wp\/v2\/product_cat?post=7148"},{"taxonomy":"product_tag","embeddable":true,"href":"https:\/\/nordicbags.eu\/es\/wp-json\/wp\/v2\/product_tag?post=7148"}],"curies":[{"name":"wp","href":"https:\/\/api.w.org\/{rel}","templated":true}]}}