{"id":7149,"date":"2024-02-09T09:07:27","date_gmt":"2024-02-09T09:07:27","guid":{"rendered":"https:\/\/nordicbags.eu\/mochila-cacatua\/"},"modified":"2025-06-07T16:12:09","modified_gmt":"2025-06-07T16:12:09","slug":"mochila-cacatua","status":"publish","type":"product","link":"https:\/\/nordicbags.eu\/es\/producto\/mochila-cacatua\/","title":{"rendered":"Mochila &#8211; Cacat\u00faa"},"content":{"rendered":"","protected":false},"excerpt":{"rendered":"<p>Causa una impresi\u00f3n duradera con la mochila COCKATOO. Su dise\u00f1o ligero y sus correas ajustables la convierten en la compa\u00f1era perfecta para las aventuras cotidianas, tanto si vas al parque como a la oficina. Vuele con comodidad y estilo.<\/p>\n<p><strong>Parte superior<\/strong>: tejido de terciopelo con dise\u00f1o \u00abCACATA\u00bb pintado y estampado MUNI. <strong>Parte inferior:<\/strong> poli\u00e9ster resistente impermeable de color gris. <strong>Forro:<\/strong> tela de color gris.<\/p>\n<p>Dos correas ajustables para los hombros garantizar\u00e1n una experiencia c\u00f3moda.<\/p>\n<p>La mochila tiene cierre de cremallera, dos bolsillos interiores y un bolsillo grande para el port\u00e1til de 13\u2033.<\/p>\n<p><strong>Medidas<\/strong><\/p>\n<p>Altura: 38 cm Anchura: 34 cm<\/p>\n","protected":false},"featured_media":7016,"comment_status":"open","ping_status":"closed","template":"","meta":{"_acf_changed":false},"pwb-brand":[],"product_brand":[],"product_cat":[242],"product_tag":[],"class_list":{"0":"post-7149","1":"product","2":"type-product","3":"status-publish","4":"has-post-thumbnail","6":"product_cat-mochilas-y-mochilas-de-dia","8":"first","9":"instock","10":"taxable","11":"shipping-taxable","12":"purchasable","13":"product-type-simple"},"acf":[],"brands":[],"_links":{"self":[{"href":"https:\/\/nordicbags.eu\/es\/wp-json\/wp\/v2\/product\/7149","targetHints":{"allow":["GET"]}}],"collection":[{"href":"https:\/\/nordicbags.eu\/es\/wp-json\/wp\/v2\/product"}],"about":[{"href":"https:\/\/nordicbags.eu\/es\/wp-json\/wp\/v2\/types\/product"}],"replies":[{"embeddable":true,"href":"https:\/\/nordicbags.eu\/es\/wp-json\/wp\/v2\/comments?post=7149"}],"wp:featuredmedia":[{"embeddable":true,"href":"https:\/\/nordicbags.eu\/es\/wp-json\/wp\/v2\/media\/7016"}],"wp:attachment":[{"href":"https:\/\/nordicbags.eu\/es\/wp-json\/wp\/v2\/media?parent=7149"}],"wp:term":[{"taxonomy":"pwb-brand","embeddable":true,"href":"https:\/\/nordicbags.eu\/es\/wp-json\/wp\/v2\/pwb-brand?post=7149"},{"taxonomy":"product_brand","embeddable":true,"href":"https:\/\/nordicbags.eu\/es\/wp-json\/wp\/v2\/product_brand?post=7149"},{"taxonomy":"product_cat","embeddable":true,"href":"https:\/\/nordicbags.eu\/es\/wp-json\/wp\/v2\/product_cat?post=7149"},{"taxonomy":"product_tag","embeddable":true,"href":"https:\/\/nordicbags.eu\/es\/wp-json\/wp\/v2\/product_tag?post=7149"}],"curies":[{"name":"wp","href":"https:\/\/api.w.org\/{rel}","templated":true}]}}