{"id":7151,"date":"2024-02-08T09:30:30","date_gmt":"2024-02-08T09:30:30","guid":{"rendered":"https:\/\/nordicbags.eu\/modelo-cubo-conac\/"},"modified":"2024-09-03T15:18:00","modified_gmt":"2024-09-03T15:18:00","slug":"modelo-cubo-conac","status":"publish","type":"product","link":"https:\/\/nordicbags.eu\/es\/producto\/modelo-cubo-conac\/","title":{"rendered":"Modelo Cubo &#8211; Co\u00f1ac"},"content":{"rendered":"","protected":false},"excerpt":{"rendered":"<p>En <strong>el modelo Bucket<\/strong> cabe todo lo necesario para el d\u00eda a d\u00eda: una botella de agua, un cuaderno, un tel\u00e9fono, una cartera y mucho m\u00e1s. Tiene un cierre magn\u00e9tico para facilitar el acceso, un peque\u00f1o bolsillo interior para la cartera o la barra de labios y dos asas superiores para llevar. Incluye una correa ajustable para llevarla al hombro o cruzada.<\/p>\n<ul>\n<li>Material: cuero de curtido ecol\u00f3gico<\/li>\n<li>Tama\u00f1o: 18\/32 cm x 22 cm x 14 cm<\/li>\n<li>Viene con una correa cruzada<\/li>\n<li>Presentado en una bolsa de regalo de lona reutilizable<\/li>\n<li>Dise\u00f1ado y fabricado en Estonia<\/li>\n<\/ul>\n","protected":false},"featured_media":6713,"comment_status":"open","ping_status":"closed","template":"","meta":{"_acf_changed":false},"pwb-brand":[],"product_brand":[],"product_cat":[251],"product_tag":[],"class_list":{"0":"post-7151","1":"product","2":"type-product","3":"status-publish","4":"has-post-thumbnail","6":"product_cat-bolsos","8":"first","9":"outofstock","10":"taxable","11":"shipping-taxable","12":"purchasable","13":"product-type-simple"},"acf":[],"brands":[],"_links":{"self":[{"href":"https:\/\/nordicbags.eu\/es\/wp-json\/wp\/v2\/product\/7151","targetHints":{"allow":["GET"]}}],"collection":[{"href":"https:\/\/nordicbags.eu\/es\/wp-json\/wp\/v2\/product"}],"about":[{"href":"https:\/\/nordicbags.eu\/es\/wp-json\/wp\/v2\/types\/product"}],"replies":[{"embeddable":true,"href":"https:\/\/nordicbags.eu\/es\/wp-json\/wp\/v2\/comments?post=7151"}],"wp:featuredmedia":[{"embeddable":true,"href":"https:\/\/nordicbags.eu\/es\/wp-json\/wp\/v2\/media\/6713"}],"wp:attachment":[{"href":"https:\/\/nordicbags.eu\/es\/wp-json\/wp\/v2\/media?parent=7151"}],"wp:term":[{"taxonomy":"pwb-brand","embeddable":true,"href":"https:\/\/nordicbags.eu\/es\/wp-json\/wp\/v2\/pwb-brand?post=7151"},{"taxonomy":"product_brand","embeddable":true,"href":"https:\/\/nordicbags.eu\/es\/wp-json\/wp\/v2\/product_brand?post=7151"},{"taxonomy":"product_cat","embeddable":true,"href":"https:\/\/nordicbags.eu\/es\/wp-json\/wp\/v2\/product_cat?post=7151"},{"taxonomy":"product_tag","embeddable":true,"href":"https:\/\/nordicbags.eu\/es\/wp-json\/wp\/v2\/product_tag?post=7151"}],"curies":[{"name":"wp","href":"https:\/\/api.w.org\/{rel}","templated":true}]}}