{"id":7173,"date":"2024-02-08T10:33:40","date_gmt":"2024-02-08T10:33:40","guid":{"rendered":"https:\/\/nordicbags.eu\/mochila-de-piel-barbara-calvados\/"},"modified":"2024-02-27T10:29:28","modified_gmt":"2024-02-27T10:29:28","slug":"mochila-de-piel-barbara-calvados","status":"publish","type":"product","link":"https:\/\/nordicbags.eu\/es\/producto\/mochila-de-piel-barbara-calvados\/","title":{"rendered":"Mochila de piel Barbara &#8211; Calvados"},"content":{"rendered":"","protected":false},"excerpt":{"rendered":"<div class=\"entry-content\">\n<p>ENG: Barbara es una mochila de cuero hecha a mano con restos de alta calidad procedentes de la fabricaci\u00f3n de muebles. Barbara est\u00e1 dise\u00f1ada y fabricada en Estonia. Barbara tiene 2 a\u00f1os de garant\u00eda.<\/p>\n<p>Trendbag fabrica bolsas hechas a mano a partir de los restos de la industria del mueble. Todas las bolsas se dise\u00f1an y fabrican en Estonia. Utilizar restos de la industria del mueble significa que los productos de Trendbag son ecol\u00f3gicos y muy duraderos, ya que la industria del mueble suele tener normas de durabilidad de las prendas mucho m\u00e1s estrictas que las de la industria de las bolsas.<\/p>\n<p><em>Env\u00edo: 2-4 d\u00edas laborables<\/em><\/p>\n<\/div>\n","protected":false},"featured_media":6891,"comment_status":"open","ping_status":"closed","template":"","meta":{"_acf_changed":false},"pwb-brand":[],"product_brand":[],"product_cat":[242],"product_tag":[],"class_list":{"0":"post-7173","1":"product","2":"type-product","3":"status-publish","4":"has-post-thumbnail","6":"product_cat-mochilas-y-mochilas-de-dia","8":"first","9":"instock","10":"taxable","11":"shipping-taxable","12":"purchasable","13":"product-type-simple"},"acf":[],"brands":[],"_links":{"self":[{"href":"https:\/\/nordicbags.eu\/es\/wp-json\/wp\/v2\/product\/7173","targetHints":{"allow":["GET"]}}],"collection":[{"href":"https:\/\/nordicbags.eu\/es\/wp-json\/wp\/v2\/product"}],"about":[{"href":"https:\/\/nordicbags.eu\/es\/wp-json\/wp\/v2\/types\/product"}],"replies":[{"embeddable":true,"href":"https:\/\/nordicbags.eu\/es\/wp-json\/wp\/v2\/comments?post=7173"}],"wp:featuredmedia":[{"embeddable":true,"href":"https:\/\/nordicbags.eu\/es\/wp-json\/wp\/v2\/media\/6891"}],"wp:attachment":[{"href":"https:\/\/nordicbags.eu\/es\/wp-json\/wp\/v2\/media?parent=7173"}],"wp:term":[{"taxonomy":"pwb-brand","embeddable":true,"href":"https:\/\/nordicbags.eu\/es\/wp-json\/wp\/v2\/pwb-brand?post=7173"},{"taxonomy":"product_brand","embeddable":true,"href":"https:\/\/nordicbags.eu\/es\/wp-json\/wp\/v2\/product_brand?post=7173"},{"taxonomy":"product_cat","embeddable":true,"href":"https:\/\/nordicbags.eu\/es\/wp-json\/wp\/v2\/product_cat?post=7173"},{"taxonomy":"product_tag","embeddable":true,"href":"https:\/\/nordicbags.eu\/es\/wp-json\/wp\/v2\/product_tag?post=7173"}],"curies":[{"name":"wp","href":"https:\/\/api.w.org\/{rel}","templated":true}]}}