{"id":7174,"date":"2024-02-08T09:51:31","date_gmt":"2024-02-08T09:51:31","guid":{"rendered":"https:\/\/nordicbags.eu\/bolso-de-hombro-luce-negro\/"},"modified":"2025-05-29T14:46:04","modified_gmt":"2025-05-29T14:46:04","slug":"bolso-de-hombro-luce-negro","status":"publish","type":"product","link":"https:\/\/nordicbags.eu\/es\/producto\/bolso-de-hombro-luce-negro\/","title":{"rendered":"Bolso de hombro Luce &#8211; Negro"},"content":{"rendered":"","protected":false},"excerpt":{"rendered":"<p>Bolso <strong>Luce<\/strong> de <strong>Gerda Retter<\/strong> hecho a mano <strong>.<\/strong> El bolso est\u00e1 hecho de cuero aut\u00e9ntico de Espa\u00f1a. El bolso tiene dos variantes de correa ajustable (seleccione la que prefiera) y un cierre magn\u00e9tico. En el interior, hay un bolsillo con cremallera para monedas.<\/p>\n<p>Gerda Retter es una dise\u00f1adora de accesorios estonia que cre\u00f3 su marca en 2016 mientras estudiaba en la Escuela Superior de Arte de Tartu en el campo del dise\u00f1o de cuero. Adem\u00e1s, Gerda ha estudiado bajo la direcci\u00f3n de maestros del dise\u00f1o de accesorios tanto en Italia como en Hungr\u00eda.  <strong>Gerda fue nominada al concurso Design-a-Bag de Hong Kong en 2015 y lleva varios a\u00f1os optando al Premio BRUNO del Premio de Dise\u00f1o de Estonia.<\/strong><\/p>\n<ul>\n<li>Tama\u00f1o: 17 cm x 17 cm x 9 cm<\/li>\n<li>Correa larga y delgada: 100-136 cm<\/li>\n<li>Correa corta y ancha extra\u00edble: 87-96 cm<\/li>\n<li>Material: cuero espa\u00f1ol de alta calidad<\/li>\n<li>Dise\u00f1ado y hecho a mano en Estonia<\/li>\n<\/ul>\n","protected":false},"featured_media":6743,"comment_status":"open","ping_status":"closed","template":"","meta":{"_acf_changed":false},"pwb-brand":[],"product_brand":[],"product_cat":[261],"product_tag":[],"class_list":{"0":"post-7174","1":"product","2":"type-product","3":"status-publish","4":"has-post-thumbnail","6":"product_cat-bandoleras","8":"first","9":"outofstock","10":"taxable","11":"shipping-taxable","12":"purchasable","13":"product-type-variable"},"acf":[],"brands":[],"_links":{"self":[{"href":"https:\/\/nordicbags.eu\/es\/wp-json\/wp\/v2\/product\/7174","targetHints":{"allow":["GET"]}}],"collection":[{"href":"https:\/\/nordicbags.eu\/es\/wp-json\/wp\/v2\/product"}],"about":[{"href":"https:\/\/nordicbags.eu\/es\/wp-json\/wp\/v2\/types\/product"}],"replies":[{"embeddable":true,"href":"https:\/\/nordicbags.eu\/es\/wp-json\/wp\/v2\/comments?post=7174"}],"wp:featuredmedia":[{"embeddable":true,"href":"https:\/\/nordicbags.eu\/es\/wp-json\/wp\/v2\/media\/6743"}],"wp:attachment":[{"href":"https:\/\/nordicbags.eu\/es\/wp-json\/wp\/v2\/media?parent=7174"}],"wp:term":[{"taxonomy":"pwb-brand","embeddable":true,"href":"https:\/\/nordicbags.eu\/es\/wp-json\/wp\/v2\/pwb-brand?post=7174"},{"taxonomy":"product_brand","embeddable":true,"href":"https:\/\/nordicbags.eu\/es\/wp-json\/wp\/v2\/product_brand?post=7174"},{"taxonomy":"product_cat","embeddable":true,"href":"https:\/\/nordicbags.eu\/es\/wp-json\/wp\/v2\/product_cat?post=7174"},{"taxonomy":"product_tag","embeddable":true,"href":"https:\/\/nordicbags.eu\/es\/wp-json\/wp\/v2\/product_tag?post=7174"}],"curies":[{"name":"wp","href":"https:\/\/api.w.org\/{rel}","templated":true}]}}