{"id":7180,"date":"2024-02-08T09:52:22","date_gmt":"2024-02-08T09:52:22","guid":{"rendered":"https:\/\/nordicbags.eu\/gran-mochila-cookie\/"},"modified":"2024-09-03T15:15:41","modified_gmt":"2024-09-03T15:15:41","slug":"gran-mochila-cookie","status":"publish","type":"product","link":"https:\/\/nordicbags.eu\/es\/producto\/gran-mochila-cookie\/","title":{"rendered":"Gran Mochila &#8211; Cookie"},"content":{"rendered":"","protected":false},"excerpt":{"rendered":"<p><strong>La mochila Great Rucksack<\/strong> le permite llevar su negocio absolutamente a cualquier parte, siendo a la vez elegante en el trabajo y elegante en la calle. Las dos correas ajustables para el hombro permiten alternar entre las configuraciones de mochila, bandolera y bandolera, y los laterales en forma de gota de lluvia aumentan la capacidad.<\/p>\n<p>La Gran Mochila ofrece diversas opciones pr\u00e1cticas de almacenamiento, con una funda interior para port\u00e1tiles de hasta 15&#8243;, un bolsillo seguro con cremallera para lo m\u00e1s valioso y un bolsillo exterior de acceso r\u00e1pido con llavero incorporado para las cosas que necesites sobre la marcha.<\/p>\n<ul>\n<li>Material: piel de curtido ecol\u00f3gico de la Toscana (Italia)<\/li>\n<li>Enchufe separado para port\u00e1tiles de hasta 15&#8243; en el compartimento principal<\/li>\n<li>1 bolsillo con cremallera en el compartimento principal<\/li>\n<li>1 bolsillo de f\u00e1cil acceso en el exterior<\/li>\n<li>Tirantes ajustables<\/li>\n<li>Color: blanco galleta<\/li>\n<li>Tama\u00f1o: 41 cm x 31 cm x 13 cm<\/li>\n<li>Presentado en una bolsa de regalo de lona reutilizable<\/li>\n<li>Dise\u00f1ado y hecho a mano en Estonia<\/li>\n<\/ul>\n","protected":false},"featured_media":6754,"comment_status":"open","ping_status":"closed","template":"","meta":{"_acf_changed":false},"pwb-brand":[],"product_brand":[],"product_cat":[242],"product_tag":[],"class_list":{"0":"post-7180","1":"product","2":"type-product","3":"status-publish","4":"has-post-thumbnail","6":"product_cat-mochilas-y-mochilas-de-dia","8":"first","9":"outofstock","10":"taxable","11":"shipping-taxable","12":"purchasable","13":"product-type-simple"},"acf":[],"brands":[],"_links":{"self":[{"href":"https:\/\/nordicbags.eu\/es\/wp-json\/wp\/v2\/product\/7180","targetHints":{"allow":["GET"]}}],"collection":[{"href":"https:\/\/nordicbags.eu\/es\/wp-json\/wp\/v2\/product"}],"about":[{"href":"https:\/\/nordicbags.eu\/es\/wp-json\/wp\/v2\/types\/product"}],"replies":[{"embeddable":true,"href":"https:\/\/nordicbags.eu\/es\/wp-json\/wp\/v2\/comments?post=7180"}],"wp:featuredmedia":[{"embeddable":true,"href":"https:\/\/nordicbags.eu\/es\/wp-json\/wp\/v2\/media\/6754"}],"wp:attachment":[{"href":"https:\/\/nordicbags.eu\/es\/wp-json\/wp\/v2\/media?parent=7180"}],"wp:term":[{"taxonomy":"pwb-brand","embeddable":true,"href":"https:\/\/nordicbags.eu\/es\/wp-json\/wp\/v2\/pwb-brand?post=7180"},{"taxonomy":"product_brand","embeddable":true,"href":"https:\/\/nordicbags.eu\/es\/wp-json\/wp\/v2\/product_brand?post=7180"},{"taxonomy":"product_cat","embeddable":true,"href":"https:\/\/nordicbags.eu\/es\/wp-json\/wp\/v2\/product_cat?post=7180"},{"taxonomy":"product_tag","embeddable":true,"href":"https:\/\/nordicbags.eu\/es\/wp-json\/wp\/v2\/product_tag?post=7180"}],"curies":[{"name":"wp","href":"https:\/\/api.w.org\/{rel}","templated":true}]}}