{"id":7181,"date":"2023-03-08T12:35:45","date_gmt":"2023-03-08T12:35:45","guid":{"rendered":"https:\/\/nordicbags.eu\/hof-tote-bag-negro\/"},"modified":"2024-09-03T15:16:05","modified_gmt":"2024-09-03T15:16:05","slug":"hof-tote-bag-negro","status":"publish","type":"product","link":"https:\/\/nordicbags.eu\/es\/producto\/hof-tote-bag-negro\/","title":{"rendered":"Hof Tote Bag &#8211; Negro"},"content":{"rendered":"","protected":false},"excerpt":{"rendered":"<p><strong>HOF es un bolso tote atemporal con mucho espacio para todos tus objetos esenciales y bolsillo interior para el port\u00e1til.  <\/strong>  HOF es para quienes aprecian el dise\u00f1o cl\u00e1sico y los materiales reciclados. HOF ofrece mucho espacio para todas las cosas que uno pueda necesitar, a la vez que sigue siendo vers\u00e1til para combinar con cualquier atuendo. Su fieltro resistente y su fabricaci\u00f3n artesanal hacen de este bolso de mano su compa\u00f1ero diario durante mucho tiempo. El caballo de batalla de un armario. El favorito. fieltro PET reciclado \u30fbResistente a la intemperie \u30fb100% hecho a mano en Estonia \u30fbSe env\u00eda en un paquete ecol\u00f3gico \u30fbTama\u00f1o 41 x32 x15 cm (alto, largo, ancho) \u30fbPeso 436 g<\/p>\n","protected":false},"featured_media":5921,"comment_status":"open","ping_status":"closed","template":"","meta":{"_acf_changed":false},"pwb-brand":[290],"product_brand":[],"product_cat":[243],"product_tag":[],"class_list":{"0":"post-7181","1":"product","2":"type-product","3":"status-publish","4":"has-post-thumbnail","6":"pwb-brand-nordhale-es","7":"product_cat-bolsos-de-mano","9":"first","10":"instock","11":"taxable","12":"shipping-taxable","13":"purchasable","14":"product-type-simple"},"acf":[],"brands":[{"id":290,"name":"Nordhale","slug":"nordhale-es"}],"_links":{"self":[{"href":"https:\/\/nordicbags.eu\/es\/wp-json\/wp\/v2\/product\/7181","targetHints":{"allow":["GET"]}}],"collection":[{"href":"https:\/\/nordicbags.eu\/es\/wp-json\/wp\/v2\/product"}],"about":[{"href":"https:\/\/nordicbags.eu\/es\/wp-json\/wp\/v2\/types\/product"}],"replies":[{"embeddable":true,"href":"https:\/\/nordicbags.eu\/es\/wp-json\/wp\/v2\/comments?post=7181"}],"wp:featuredmedia":[{"embeddable":true,"href":"https:\/\/nordicbags.eu\/es\/wp-json\/wp\/v2\/media\/5921"}],"wp:attachment":[{"href":"https:\/\/nordicbags.eu\/es\/wp-json\/wp\/v2\/media?parent=7181"}],"wp:term":[{"taxonomy":"pwb-brand","embeddable":true,"href":"https:\/\/nordicbags.eu\/es\/wp-json\/wp\/v2\/pwb-brand?post=7181"},{"taxonomy":"product_brand","embeddable":true,"href":"https:\/\/nordicbags.eu\/es\/wp-json\/wp\/v2\/product_brand?post=7181"},{"taxonomy":"product_cat","embeddable":true,"href":"https:\/\/nordicbags.eu\/es\/wp-json\/wp\/v2\/product_cat?post=7181"},{"taxonomy":"product_tag","embeddable":true,"href":"https:\/\/nordicbags.eu\/es\/wp-json\/wp\/v2\/product_tag?post=7181"}],"curies":[{"name":"wp","href":"https:\/\/api.w.org\/{rel}","templated":true}]}}