{"id":7182,"date":"2023-03-08T12:36:11","date_gmt":"2023-03-08T12:36:11","guid":{"rendered":"https:\/\/nordicbags.eu\/hennes-tote-bag-gris\/"},"modified":"2024-09-03T15:16:37","modified_gmt":"2024-09-03T15:16:37","slug":"hennes-tote-bag-gris","status":"publish","type":"product","link":"https:\/\/nordicbags.eu\/es\/producto\/hennes-tote-bag-gris\/","title":{"rendered":"Hennes Tote Bag &#8211; Gris"},"content":{"rendered":"","protected":false},"excerpt":{"rendered":"<p><strong>Bolso tote con detalles de piel con mucho espacio para todos tus objetos esenciales y bolsillo interior para el port\u00e1til.  <\/strong>  HENNES tiene un dise\u00f1o \u00fanico con detalles de piel para quienes aprecian el estilo cl\u00e1sico del bolso tote y los materiales reciclados. El fieltro duradero y la fabricaci\u00f3n artesanal hacen de este bolso su compa\u00f1ero diario durante mucho tiempo. Perfecto para los que llevan un ritmo de vida acelerado. HENNES ofrece mucho espacio para todos tus objetos esenciales. Hemos a\u00f1adido bolsillos adicionales con broches magn\u00e9ticos sin dejar de ser vers\u00e1til y minimalista para combinar con cualquier atuendo. \u30fbFieltro PET reciclado \u30fbResistente a la intemperie \u30fb100% hecho a mano en Estonia \u30fbSe env\u00eda en un paquete ecol\u00f3gico \u30fbTama\u00f1o 41 x32 x15 cm (alto, largo, ancho) \u30fbPeso 436 g  <\/p>\n","protected":false},"featured_media":5933,"comment_status":"open","ping_status":"closed","template":"","meta":{"_acf_changed":false},"pwb-brand":[290],"product_brand":[],"product_cat":[243],"product_tag":[],"class_list":{"0":"post-7182","1":"product","2":"type-product","3":"status-publish","4":"has-post-thumbnail","6":"pwb-brand-nordhale-es","7":"product_cat-bolsos-de-mano","9":"first","10":"instock","11":"taxable","12":"shipping-taxable","13":"purchasable","14":"product-type-simple"},"acf":[],"brands":[{"id":290,"name":"Nordhale","slug":"nordhale-es"}],"_links":{"self":[{"href":"https:\/\/nordicbags.eu\/es\/wp-json\/wp\/v2\/product\/7182","targetHints":{"allow":["GET"]}}],"collection":[{"href":"https:\/\/nordicbags.eu\/es\/wp-json\/wp\/v2\/product"}],"about":[{"href":"https:\/\/nordicbags.eu\/es\/wp-json\/wp\/v2\/types\/product"}],"replies":[{"embeddable":true,"href":"https:\/\/nordicbags.eu\/es\/wp-json\/wp\/v2\/comments?post=7182"}],"wp:featuredmedia":[{"embeddable":true,"href":"https:\/\/nordicbags.eu\/es\/wp-json\/wp\/v2\/media\/5933"}],"wp:attachment":[{"href":"https:\/\/nordicbags.eu\/es\/wp-json\/wp\/v2\/media?parent=7182"}],"wp:term":[{"taxonomy":"pwb-brand","embeddable":true,"href":"https:\/\/nordicbags.eu\/es\/wp-json\/wp\/v2\/pwb-brand?post=7182"},{"taxonomy":"product_brand","embeddable":true,"href":"https:\/\/nordicbags.eu\/es\/wp-json\/wp\/v2\/product_brand?post=7182"},{"taxonomy":"product_cat","embeddable":true,"href":"https:\/\/nordicbags.eu\/es\/wp-json\/wp\/v2\/product_cat?post=7182"},{"taxonomy":"product_tag","embeddable":true,"href":"https:\/\/nordicbags.eu\/es\/wp-json\/wp\/v2\/product_tag?post=7182"}],"curies":[{"name":"wp","href":"https:\/\/api.w.org\/{rel}","templated":true}]}}