{"id":7187,"date":"2024-02-08T09:58:32","date_gmt":"2024-02-08T09:58:32","guid":{"rendered":"https:\/\/nordicbags.eu\/bolso-cruzado-oslo\/"},"modified":"2024-02-27T10:33:41","modified_gmt":"2024-02-27T10:33:41","slug":"bolso-cruzado-oslo","status":"publish","type":"product","link":"https:\/\/nordicbags.eu\/es\/producto\/bolso-cruzado-oslo\/","title":{"rendered":"Bolso cruzado OSLO"},"content":{"rendered":"","protected":false},"excerpt":{"rendered":"<div class=\"entry-content\">\n<p>ENG: <strong>Bolsa cruzada OSLO <\/strong>: un accesorio resistente al agua y muy funcional dise\u00f1ado para mejorar su rutina diaria. Tanto si prefieres llevarla en horizontal como en vertical, engancharla al cintur\u00f3n, a la mochila o llevarla colgada del hombro, la OSLO Cross Body Bag ofrece opciones de transporte vers\u00e1tiles y c\u00f3modas.<\/p>\n<p>Con su dise\u00f1o elegante y contempor\u00e1neo, este bolso combina sin esfuerzo estilo y practicidad. Es el cl\u00e1sico moderno que complementa cualquier atuendo y se adapta a diversas ocasiones.<\/p>\n<\/div>\n","protected":false},"featured_media":6787,"comment_status":"open","ping_status":"closed","template":"","meta":{"_acf_changed":false},"pwb-brand":[],"product_brand":[],"product_cat":[250],"product_tag":[],"class_list":{"0":"post-7187","1":"product","2":"type-product","3":"status-publish","4":"has-post-thumbnail","6":"product_cat-bolsos-cruzados","8":"first","9":"instock","10":"taxable","11":"shipping-taxable","12":"purchasable","13":"product-type-simple"},"acf":[],"brands":[],"_links":{"self":[{"href":"https:\/\/nordicbags.eu\/es\/wp-json\/wp\/v2\/product\/7187","targetHints":{"allow":["GET"]}}],"collection":[{"href":"https:\/\/nordicbags.eu\/es\/wp-json\/wp\/v2\/product"}],"about":[{"href":"https:\/\/nordicbags.eu\/es\/wp-json\/wp\/v2\/types\/product"}],"replies":[{"embeddable":true,"href":"https:\/\/nordicbags.eu\/es\/wp-json\/wp\/v2\/comments?post=7187"}],"wp:featuredmedia":[{"embeddable":true,"href":"https:\/\/nordicbags.eu\/es\/wp-json\/wp\/v2\/media\/6787"}],"wp:attachment":[{"href":"https:\/\/nordicbags.eu\/es\/wp-json\/wp\/v2\/media?parent=7187"}],"wp:term":[{"taxonomy":"pwb-brand","embeddable":true,"href":"https:\/\/nordicbags.eu\/es\/wp-json\/wp\/v2\/pwb-brand?post=7187"},{"taxonomy":"product_brand","embeddable":true,"href":"https:\/\/nordicbags.eu\/es\/wp-json\/wp\/v2\/product_brand?post=7187"},{"taxonomy":"product_cat","embeddable":true,"href":"https:\/\/nordicbags.eu\/es\/wp-json\/wp\/v2\/product_cat?post=7187"},{"taxonomy":"product_tag","embeddable":true,"href":"https:\/\/nordicbags.eu\/es\/wp-json\/wp\/v2\/product_tag?post=7187"}],"curies":[{"name":"wp","href":"https:\/\/api.w.org\/{rel}","templated":true}]}}