{"id":7190,"date":"2024-02-08T10:26:34","date_gmt":"2024-02-08T10:26:34","guid":{"rendered":"https:\/\/nordicbags.eu\/bolso-grande-adele-piel-autentica-negra\/"},"modified":"2025-05-30T03:39:03","modified_gmt":"2025-05-30T03:39:03","slug":"bolso-grande-adele-piel-autentica-negra","status":"publish","type":"product","link":"https:\/\/nordicbags.eu\/es\/producto\/bolso-grande-adele-piel-autentica-negra\/","title":{"rendered":"Bolso grande Adele &#8211; Piel aut\u00e9ntica negra"},"content":{"rendered":"","protected":false},"excerpt":{"rendered":"<p>Confeccionado en piel aut\u00e9ntica de primera calidad, el espacioso bolso Adele, de 50 x 35 cm, es el accesorio perfecto para transportar con estilo todos tus objetos cotidianos.<\/p>\n<p>Las correas de mano ajustables ofrecen comodidad y versatilidad, mientras que el interior lleva la organizaci\u00f3n al siguiente nivel. Con dos bolsillos dise\u00f1ados para objetos peque\u00f1os y un mosquet\u00f3n para sujetar las llaves, sabr\u00e1s exactamente d\u00f3nde est\u00e1 todo.<\/p>\n<p>El cierre magn\u00e9tico facilita el acceso y mantiene seguras sus pertenencias.<\/p>\n<p>Elegante y pr\u00e1ctica, Adele es el toque final que se merece tu conjunto de diario.<\/p>\n<p>Detalles:<\/p>\n<ul>\n<li>Correas de mano ajustables<\/li>\n<li>Dimensiones: 50 x 35 cm<\/li>\n<li>Cierre magn\u00e9tico<\/li>\n<li>Hecho a mano en Lituania<\/li>\n<\/ul>\n<p>PYKOK es una marca contempor\u00e1nea de accesorios de cuero que crea piezas estructurales. Se utilizan formas geom\u00e9tricas limpias e indicativas para acentuar y moldear el cuerpo. Los accesorios universales y caracter\u00edsticos pueden transformar un atuendo de lo m\u00e1s sencillo en un look femenino \u00fanico.<\/p>\n","protected":false},"featured_media":6865,"comment_status":"open","ping_status":"closed","template":"","meta":{"_acf_changed":false},"pwb-brand":[],"product_brand":[],"product_cat":[251],"product_tag":[],"class_list":{"0":"post-7190","1":"product","2":"type-product","3":"status-publish","4":"has-post-thumbnail","6":"product_cat-bolsos","8":"first","9":"instock","10":"taxable","11":"shipping-taxable","12":"purchasable","13":"product-type-simple"},"acf":[],"brands":[],"_links":{"self":[{"href":"https:\/\/nordicbags.eu\/es\/wp-json\/wp\/v2\/product\/7190","targetHints":{"allow":["GET"]}}],"collection":[{"href":"https:\/\/nordicbags.eu\/es\/wp-json\/wp\/v2\/product"}],"about":[{"href":"https:\/\/nordicbags.eu\/es\/wp-json\/wp\/v2\/types\/product"}],"replies":[{"embeddable":true,"href":"https:\/\/nordicbags.eu\/es\/wp-json\/wp\/v2\/comments?post=7190"}],"wp:featuredmedia":[{"embeddable":true,"href":"https:\/\/nordicbags.eu\/es\/wp-json\/wp\/v2\/media\/6865"}],"wp:attachment":[{"href":"https:\/\/nordicbags.eu\/es\/wp-json\/wp\/v2\/media?parent=7190"}],"wp:term":[{"taxonomy":"pwb-brand","embeddable":true,"href":"https:\/\/nordicbags.eu\/es\/wp-json\/wp\/v2\/pwb-brand?post=7190"},{"taxonomy":"product_brand","embeddable":true,"href":"https:\/\/nordicbags.eu\/es\/wp-json\/wp\/v2\/product_brand?post=7190"},{"taxonomy":"product_cat","embeddable":true,"href":"https:\/\/nordicbags.eu\/es\/wp-json\/wp\/v2\/product_cat?post=7190"},{"taxonomy":"product_tag","embeddable":true,"href":"https:\/\/nordicbags.eu\/es\/wp-json\/wp\/v2\/product_tag?post=7190"}],"curies":[{"name":"wp","href":"https:\/\/api.w.org\/{rel}","templated":true}]}}