{"id":7193,"date":"2024-02-08T10:19:34","date_gmt":"2024-02-08T10:19:34","guid":{"rendered":"https:\/\/nordicbags.eu\/bolso-olivia-azul-oceano\/"},"modified":"2024-09-03T15:22:00","modified_gmt":"2024-09-03T15:22:00","slug":"bolso-olivia-azul-oceano","status":"publish","type":"product","link":"https:\/\/nordicbags.eu\/es\/producto\/bolso-olivia-azul-oceano\/","title":{"rendered":"Bolso Olivia &#8211; Azul oc\u00e9ano"},"content":{"rendered":"","protected":false},"excerpt":{"rendered":"<p>Presentamos \u00abOlivia\u00bb, el bolso de mujer de piel natural negra dise\u00f1ado para destacar. Dise\u00f1ado y fabricado en Lituania, este bolso aporta un nuevo nivel de elegancia y funcionalidad a tu estilo. Su extraordinaria forma atrae todas las miradas, convirti\u00e9ndola en la pieza perfecta para cualquier atuendo.<\/p>\n<p>Olivia viene con dos asas: una corta para un look chic sobre el hombro y otra larga ajustable de 4 cm de ancho para cuando necesites m\u00e1s versatilidad. Sea cual sea tu d\u00eda, Olivia se adapta sin esfuerzo.<\/p>\n<p>Eleva tu look con este bolso \u00fanico, tan \u00fanico como t\u00fa.<\/p>\n<p>Detalles:<\/p>\n<ul>\n<li>Asa corta para llevar sobre el hombro<\/li>\n<li>Correa larga ajustable de 4 cm de ancho<\/li>\n<li>Dimensiones: 44 x 25 cm<\/li>\n<li>Hecho a mano en Lituania<\/li>\n<\/ul>\n<p>PYKOK es una marca contempor\u00e1nea de accesorios de cuero que crea piezas estructurales. Se utilizan formas geom\u00e9tricas limpias e indicativas para acentuar y moldear el cuerpo. Los accesorios universales y caracter\u00edsticos pueden transformar un atuendo de lo m\u00e1s sencillo en un look femenino \u00fanico.<\/p>\n","protected":false},"featured_media":6851,"comment_status":"open","ping_status":"closed","template":"","meta":{"_acf_changed":false},"pwb-brand":[],"product_brand":[],"product_cat":[251],"product_tag":[],"class_list":{"0":"post-7193","1":"product","2":"type-product","3":"status-publish","4":"has-post-thumbnail","6":"product_cat-bolsos","8":"first","9":"outofstock","10":"taxable","11":"shipping-taxable","12":"purchasable","13":"product-type-simple"},"acf":[],"brands":[],"_links":{"self":[{"href":"https:\/\/nordicbags.eu\/es\/wp-json\/wp\/v2\/product\/7193","targetHints":{"allow":["GET"]}}],"collection":[{"href":"https:\/\/nordicbags.eu\/es\/wp-json\/wp\/v2\/product"}],"about":[{"href":"https:\/\/nordicbags.eu\/es\/wp-json\/wp\/v2\/types\/product"}],"replies":[{"embeddable":true,"href":"https:\/\/nordicbags.eu\/es\/wp-json\/wp\/v2\/comments?post=7193"}],"wp:featuredmedia":[{"embeddable":true,"href":"https:\/\/nordicbags.eu\/es\/wp-json\/wp\/v2\/media\/6851"}],"wp:attachment":[{"href":"https:\/\/nordicbags.eu\/es\/wp-json\/wp\/v2\/media?parent=7193"}],"wp:term":[{"taxonomy":"pwb-brand","embeddable":true,"href":"https:\/\/nordicbags.eu\/es\/wp-json\/wp\/v2\/pwb-brand?post=7193"},{"taxonomy":"product_brand","embeddable":true,"href":"https:\/\/nordicbags.eu\/es\/wp-json\/wp\/v2\/product_brand?post=7193"},{"taxonomy":"product_cat","embeddable":true,"href":"https:\/\/nordicbags.eu\/es\/wp-json\/wp\/v2\/product_cat?post=7193"},{"taxonomy":"product_tag","embeddable":true,"href":"https:\/\/nordicbags.eu\/es\/wp-json\/wp\/v2\/product_tag?post=7193"}],"curies":[{"name":"wp","href":"https:\/\/api.w.org\/{rel}","templated":true}]}}