{"id":7195,"date":"2023-02-27T23:10:28","date_gmt":"2023-02-27T23:10:28","guid":{"rendered":"https:\/\/nordicbags.eu\/mochila-reflectante-splash\/"},"modified":"2025-05-29T21:00:08","modified_gmt":"2025-05-29T21:00:08","slug":"mochila-reflectante-splash","status":"publish","type":"product","link":"https:\/\/nordicbags.eu\/es\/producto\/mochila-reflectante-splash\/","title":{"rendered":"mochila reflectante SPLASH"},"content":{"rendered":"","protected":false},"excerpt":{"rendered":"<p>\u00a1Bolsa reflectante MARCH al rescate! Deja tu reflector anticuado en el estante superior. Hazte con esta bolsa dise\u00f1ada para descubrirte. Mantente visible y seguro por la noche. Queda bien al amanecer. S\u00e9 due\u00f1o de tus pertenencias para que ellas no lo sean de ti. . <strong>Tama\u00f1o:<\/strong> peque\u00f1o 36 x 40 cm grande 42 x 47 cm<\/p>\n<ul>\n<li>Impresi\u00f3n duradera y reflectante<\/li>\n<li>Resistente al agua<\/li>\n<li>Bolsillo interior<\/li>\n<li>Fabricado en Lituania (UE)<\/li>\n<li>Dise\u00f1ado por Martynas Kazimier\u0117nas<\/li>\n<li>OEKO-TEX\u00ae EST\u00c1NDAR 100<\/li>\n<\/ul>\n","protected":false},"featured_media":5132,"comment_status":"open","ping_status":"closed","template":"","meta":{"_acf_changed":false},"pwb-brand":[],"product_brand":[],"product_cat":[242],"product_tag":[],"class_list":{"0":"post-7195","1":"product","2":"type-product","3":"status-publish","4":"has-post-thumbnail","6":"product_cat-mochilas-y-mochilas-de-dia","8":"first","9":"instock","10":"taxable","11":"shipping-taxable","12":"purchasable","13":"product-type-variable"},"acf":[],"brands":[],"_links":{"self":[{"href":"https:\/\/nordicbags.eu\/es\/wp-json\/wp\/v2\/product\/7195","targetHints":{"allow":["GET"]}}],"collection":[{"href":"https:\/\/nordicbags.eu\/es\/wp-json\/wp\/v2\/product"}],"about":[{"href":"https:\/\/nordicbags.eu\/es\/wp-json\/wp\/v2\/types\/product"}],"replies":[{"embeddable":true,"href":"https:\/\/nordicbags.eu\/es\/wp-json\/wp\/v2\/comments?post=7195"}],"wp:featuredmedia":[{"embeddable":true,"href":"https:\/\/nordicbags.eu\/es\/wp-json\/wp\/v2\/media\/5132"}],"wp:attachment":[{"href":"https:\/\/nordicbags.eu\/es\/wp-json\/wp\/v2\/media?parent=7195"}],"wp:term":[{"taxonomy":"pwb-brand","embeddable":true,"href":"https:\/\/nordicbags.eu\/es\/wp-json\/wp\/v2\/pwb-brand?post=7195"},{"taxonomy":"product_brand","embeddable":true,"href":"https:\/\/nordicbags.eu\/es\/wp-json\/wp\/v2\/product_brand?post=7195"},{"taxonomy":"product_cat","embeddable":true,"href":"https:\/\/nordicbags.eu\/es\/wp-json\/wp\/v2\/product_cat?post=7195"},{"taxonomy":"product_tag","embeddable":true,"href":"https:\/\/nordicbags.eu\/es\/wp-json\/wp\/v2\/product_tag?post=7195"}],"curies":[{"name":"wp","href":"https:\/\/api.w.org\/{rel}","templated":true}]}}