{"id":7198,"date":"2024-02-08T10:19:35","date_gmt":"2024-02-08T10:19:35","guid":{"rendered":"https:\/\/nordicbags.eu\/tote-reflectante-splash\/"},"modified":"2024-09-03T15:24:20","modified_gmt":"2024-09-03T15:24:20","slug":"tote-reflectante-splash","status":"publish","type":"product","link":"https:\/\/nordicbags.eu\/es\/producto\/tote-reflectante-splash\/","title":{"rendered":"Tote reflectante SPLASH"},"content":{"rendered":"","protected":false},"excerpt":{"rendered":"<p><strong>\u00a1La bolsa reflectante MARCH al rescate!<\/strong><\/p>\n<p>La bolsa reflectante MARCH funciona como tu habitual favorita durante el d\u00eda y se dobla como reflector tras la puesta de sol. Un dise\u00f1o inspirado en el espacio cubre un lado de la bolsa, mientras que el otro sigue siendo negro. El algod\u00f3n resistente la hace ideal para sus cat\u00e1logos de galer\u00edas y art\u00edculos de alimentaci\u00f3n, mientras que el bolsillo interior ayuda a mantener a raya todas las cosas peque\u00f1as. Dato friki sobre seguridad: un bolso de mano se lleva a la misma altura a la que las luces del coche brillan con mayor intensidad. Este bolso de mano reflectante brillar\u00e1, centellear\u00e1 y resplandecer\u00e1 como la V\u00eda L\u00e1ctea de cualquier manera.<\/p>\n<p>MARCH Design Studio es una empresa de desarrollo de productos fundada en 2012. Empez\u00f3 como una empresa local en Vilna y, al cabo de unos a\u00f1os, el estudio se ha convertido en una marca reconocida internacionalmente, con productos vendidos en m\u00e1s de 50 pa\u00edses de todo el mundo.<\/p>\n<ul>\n<li>Impresi\u00f3n y textil duraderos y reflectantes<\/li>\n<li>Bolsillo interior<\/li>\n<li>Empaquetado en un bonito sobre de cart\u00f3n negro<\/li>\n<li>Material: 65% poli\u00e9ster, 35% algod\u00f3n<\/li>\n<li>OEKO-TEX\u00ae EST\u00c1NDAR 100<\/li>\n<li>35 x 42 cm<\/li>\n<li>Fabricado en Europa<\/li>\n<li>Dise\u00f1ado por Martynas Kazimier\u0117nas<\/li>\n<\/ul>\n<p>Env\u00edo dentro de la UE: 4-8 d\u00edas laborables. Env\u00edo dentro del B\u00e1ltico y Finlandia: 2-5 d\u00edas laborables.<\/p>\n","protected":false},"featured_media":6853,"comment_status":"open","ping_status":"closed","template":"","meta":{"_acf_changed":false},"pwb-brand":[],"product_brand":[],"product_cat":[243],"product_tag":[],"class_list":{"0":"post-7198","1":"product","2":"type-product","3":"status-publish","4":"has-post-thumbnail","6":"product_cat-bolsos-de-mano","8":"first","9":"instock","10":"taxable","11":"shipping-taxable","12":"purchasable","13":"product-type-simple"},"acf":[],"brands":[],"_links":{"self":[{"href":"https:\/\/nordicbags.eu\/es\/wp-json\/wp\/v2\/product\/7198","targetHints":{"allow":["GET"]}}],"collection":[{"href":"https:\/\/nordicbags.eu\/es\/wp-json\/wp\/v2\/product"}],"about":[{"href":"https:\/\/nordicbags.eu\/es\/wp-json\/wp\/v2\/types\/product"}],"replies":[{"embeddable":true,"href":"https:\/\/nordicbags.eu\/es\/wp-json\/wp\/v2\/comments?post=7198"}],"wp:featuredmedia":[{"embeddable":true,"href":"https:\/\/nordicbags.eu\/es\/wp-json\/wp\/v2\/media\/6853"}],"wp:attachment":[{"href":"https:\/\/nordicbags.eu\/es\/wp-json\/wp\/v2\/media?parent=7198"}],"wp:term":[{"taxonomy":"pwb-brand","embeddable":true,"href":"https:\/\/nordicbags.eu\/es\/wp-json\/wp\/v2\/pwb-brand?post=7198"},{"taxonomy":"product_brand","embeddable":true,"href":"https:\/\/nordicbags.eu\/es\/wp-json\/wp\/v2\/product_brand?post=7198"},{"taxonomy":"product_cat","embeddable":true,"href":"https:\/\/nordicbags.eu\/es\/wp-json\/wp\/v2\/product_cat?post=7198"},{"taxonomy":"product_tag","embeddable":true,"href":"https:\/\/nordicbags.eu\/es\/wp-json\/wp\/v2\/product_tag?post=7198"}],"curies":[{"name":"wp","href":"https:\/\/api.w.org\/{rel}","templated":true}]}}