{"id":7199,"date":"2023-03-08T12:35:15","date_gmt":"2023-03-08T12:35:15","guid":{"rendered":"https:\/\/nordicbags.eu\/bolsa-para-panales-espresso\/"},"modified":"2024-09-03T15:24:26","modified_gmt":"2024-09-03T15:24:26","slug":"bolsa-para-panales-espresso","status":"publish","type":"product","link":"https:\/\/nordicbags.eu\/es\/producto\/bolsa-para-panales-espresso\/","title":{"rendered":"Bolsa para pa\u00f1ales &#8211; Espresso"},"content":{"rendered":"","protected":false},"excerpt":{"rendered":"<p>Echa un vistazo a la mochila para pa\u00f1ales Cappuccino de \u00c4lly, una marca estonia. Con esta mochila, podr\u00e1s tener todas las cosas de tu beb\u00e9 organizadas y f\u00e1cilmente accesibles, dejando tus manos libres para los mimos. Se acabaron los malabares con el bolso y el peque\u00f1o al mismo tiempo. Emprende tus aventuras con facilidad y estilo con la mochila Cappuccino.<\/p>\n<ul>\n<li>Dimensiones: 46 \u00d7 26 \u00d7 16 cm<\/li>\n<li>Peso: 1 kg<\/li>\n<li>Dise\u00f1ado y desarrollado en Estonia<\/li>\n<li>Fabricado con cuero vegano PU de calidad y cremalleras YKK duraderas<\/li>\n<li>Cabe en la mayor\u00eda de los equipajes de mano de las compa\u00f1\u00edas a\u00e9reas<\/li>\n<li>Muy espacioso: 16 bolsillos en total<\/li>\n<li>Bolsillo especial para port\u00e1til<\/li>\n<li>Bolsillo con forro t\u00e9rmico para comida de beb\u00e9<\/li>\n<li>Incluye correas para el cochecito y cambiador<\/li>\n<\/ul>\n<p>Env\u00edo: 3-5 d\u00edas laborables<\/p>\n","protected":false},"featured_media":5906,"comment_status":"open","ping_status":"closed","template":"","meta":{"_acf_changed":false},"pwb-brand":[294],"product_brand":[],"product_cat":[263],"product_tag":[],"class_list":{"0":"post-7199","1":"product","2":"type-product","3":"status-publish","4":"has-post-thumbnail","6":"pwb-brand-ally-es","7":"product_cat-bolsas-para-panales","9":"first","10":"instock","11":"taxable","12":"shipping-taxable","13":"purchasable","14":"product-type-simple"},"acf":[],"brands":[{"id":294,"name":"\u00c4lly","slug":"ally-es"}],"_links":{"self":[{"href":"https:\/\/nordicbags.eu\/es\/wp-json\/wp\/v2\/product\/7199","targetHints":{"allow":["GET"]}}],"collection":[{"href":"https:\/\/nordicbags.eu\/es\/wp-json\/wp\/v2\/product"}],"about":[{"href":"https:\/\/nordicbags.eu\/es\/wp-json\/wp\/v2\/types\/product"}],"replies":[{"embeddable":true,"href":"https:\/\/nordicbags.eu\/es\/wp-json\/wp\/v2\/comments?post=7199"}],"wp:featuredmedia":[{"embeddable":true,"href":"https:\/\/nordicbags.eu\/es\/wp-json\/wp\/v2\/media\/5906"}],"wp:attachment":[{"href":"https:\/\/nordicbags.eu\/es\/wp-json\/wp\/v2\/media?parent=7199"}],"wp:term":[{"taxonomy":"pwb-brand","embeddable":true,"href":"https:\/\/nordicbags.eu\/es\/wp-json\/wp\/v2\/pwb-brand?post=7199"},{"taxonomy":"product_brand","embeddable":true,"href":"https:\/\/nordicbags.eu\/es\/wp-json\/wp\/v2\/product_brand?post=7199"},{"taxonomy":"product_cat","embeddable":true,"href":"https:\/\/nordicbags.eu\/es\/wp-json\/wp\/v2\/product_cat?post=7199"},{"taxonomy":"product_tag","embeddable":true,"href":"https:\/\/nordicbags.eu\/es\/wp-json\/wp\/v2\/product_tag?post=7199"}],"curies":[{"name":"wp","href":"https:\/\/api.w.org\/{rel}","templated":true}]}}