{"id":7204,"date":"2023-03-08T12:35:35","date_gmt":"2023-03-08T12:35:35","guid":{"rendered":"https:\/\/nordicbags.eu\/mochila-pequena-para-panales-espresso\/"},"modified":"2025-05-29T10:51:18","modified_gmt":"2025-05-29T10:51:18","slug":"mochila-pequena-para-panales-espresso","status":"publish","type":"product","link":"https:\/\/nordicbags.eu\/es\/producto\/mochila-pequena-para-panales-espresso\/","title":{"rendered":"Mochila peque\u00f1a para pa\u00f1ales &#8211; Espresso"},"content":{"rendered":"","protected":false},"excerpt":{"rendered":"<p><strong>Mochila peque\u00f1a para pa\u00f1ales<\/strong>: una pr\u00e1ctica bolsa dise\u00f1ada y desarrollada en Estonia. Esta bolsa es a la vez duradera y elegante y est\u00e1 fabricada con cuero vegano PU de alta calidad y cremalleras YKK. Su dise\u00f1o compacto pero espacioso da cabida a un port\u00e1til o tableta de hasta 13\u2033, lo que lo hace perfecto para el trabajo o los viajes. Con correas para el cochecito incluidas, esta bolsa es la soluci\u00f3n definitiva para los padres que se desplazan, y sus m\u00faltiples bolsillos ofrecen un amplio espacio de almacenamiento para todos sus objetos esenciales. Perfectamente dise\u00f1ada para adaptarse a los requisitos de equipaje de mano de la mayor\u00eda de las aerol\u00edneas, esta bolsa es imprescindible para cualquiera que busque estilo y funcionalidad.<\/p>\n<ul>\n<li>Dimensiones: 35 \u00d7 26 \u00d7 15 cm<\/li>\n<li>Peso: 0,8 kg<\/li>\n<li>Acomoda hasta un port\u00e1til o tableta de 13\u2033.<\/li>\n<li>Dise\u00f1ado y desarrollado en Estonia<\/li>\n<li>Fabricado con cuero vegano PU de calidad y cremalleras YKK duraderas<\/li>\n<li>Dise\u00f1ado para adaptarse a los requisitos de equipaje de mano de la mayor\u00eda de las compa\u00f1\u00edas a\u00e9reas<\/li>\n<li>Muy espacioso &#8211; con seis bolsillos exteriores y siete interiores<\/li>\n<li>Incluye correas para el cochecito<\/li>\n<\/ul>\n<p>Env\u00edo: 3-5 d\u00edas laborables<\/p>\n","protected":false},"featured_media":5915,"comment_status":"open","ping_status":"closed","template":"","meta":{"_acf_changed":false},"pwb-brand":[294],"product_brand":[],"product_cat":[263],"product_tag":[],"class_list":{"0":"post-7204","1":"product","2":"type-product","3":"status-publish","4":"has-post-thumbnail","6":"pwb-brand-ally-es","7":"product_cat-bolsas-para-panales","9":"first","10":"instock","11":"taxable","12":"shipping-taxable","13":"purchasable","14":"product-type-simple"},"acf":[],"brands":[{"id":294,"name":"\u00c4lly","slug":"ally-es"}],"_links":{"self":[{"href":"https:\/\/nordicbags.eu\/es\/wp-json\/wp\/v2\/product\/7204","targetHints":{"allow":["GET"]}}],"collection":[{"href":"https:\/\/nordicbags.eu\/es\/wp-json\/wp\/v2\/product"}],"about":[{"href":"https:\/\/nordicbags.eu\/es\/wp-json\/wp\/v2\/types\/product"}],"replies":[{"embeddable":true,"href":"https:\/\/nordicbags.eu\/es\/wp-json\/wp\/v2\/comments?post=7204"}],"wp:featuredmedia":[{"embeddable":true,"href":"https:\/\/nordicbags.eu\/es\/wp-json\/wp\/v2\/media\/5915"}],"wp:attachment":[{"href":"https:\/\/nordicbags.eu\/es\/wp-json\/wp\/v2\/media?parent=7204"}],"wp:term":[{"taxonomy":"pwb-brand","embeddable":true,"href":"https:\/\/nordicbags.eu\/es\/wp-json\/wp\/v2\/pwb-brand?post=7204"},{"taxonomy":"product_brand","embeddable":true,"href":"https:\/\/nordicbags.eu\/es\/wp-json\/wp\/v2\/product_brand?post=7204"},{"taxonomy":"product_cat","embeddable":true,"href":"https:\/\/nordicbags.eu\/es\/wp-json\/wp\/v2\/product_cat?post=7204"},{"taxonomy":"product_tag","embeddable":true,"href":"https:\/\/nordicbags.eu\/es\/wp-json\/wp\/v2\/product_tag?post=7204"}],"curies":[{"name":"wp","href":"https:\/\/api.w.org\/{rel}","templated":true}]}}