{"id":7205,"date":"2024-02-08T10:33:49","date_gmt":"2024-02-08T10:33:49","guid":{"rendered":"https:\/\/nordicbags.eu\/bolso-fiona-verde-descolorido\/"},"modified":"2025-05-30T06:48:25","modified_gmt":"2025-05-30T06:48:25","slug":"bolso-fiona-verde-descolorido","status":"publish","type":"product","link":"https:\/\/nordicbags.eu\/es\/producto\/bolso-fiona-verde-descolorido\/","title":{"rendered":"Bolso FIONA &#8211; Verde descolorido"},"content":{"rendered":"","protected":false},"excerpt":{"rendered":"<p>Precioso y raro bolso <strong>FIONA<\/strong> verde descolorido con cierre de im\u00e1n y un bolsillo trasero secreto para el tel\u00e9fono. Fiona es ideal para salir por la noche y llevar todo lo necesario. Como todos los bolsos TOKS VISOKS, FIONA est\u00e1 hecho a mano con amor en Lituania.<\/p>\n<p><strong>Info:<\/strong><\/p>\n<ul>\n<li>Medidas: 30 x 24 x 6 cm<\/li>\n<li>Mango: 72 cm<\/li>\n<li>Cierre magn\u00e9tico oculto<\/li>\n<li>Bandolera<\/li>\n<li>Bolsillo con cremallera<\/li>\n<li>Ideal para la vida en la ciudad o para salir por la noche<\/li>\n<li>Hecho a mano en Lituania<\/li>\n<\/ul>\n<p>Env\u00edo: 4-7 d\u00edas laborables.<\/p>\n","protected":false},"featured_media":6898,"comment_status":"open","ping_status":"closed","template":"","meta":{"_acf_changed":false},"pwb-brand":[],"product_brand":[],"product_cat":[251],"product_tag":[],"class_list":{"0":"post-7205","1":"product","2":"type-product","3":"status-publish","4":"has-post-thumbnail","6":"product_cat-bolsos","8":"first","9":"outofstock","10":"taxable","11":"shipping-taxable","12":"purchasable","13":"product-type-simple"},"acf":[],"brands":[],"_links":{"self":[{"href":"https:\/\/nordicbags.eu\/es\/wp-json\/wp\/v2\/product\/7205","targetHints":{"allow":["GET"]}}],"collection":[{"href":"https:\/\/nordicbags.eu\/es\/wp-json\/wp\/v2\/product"}],"about":[{"href":"https:\/\/nordicbags.eu\/es\/wp-json\/wp\/v2\/types\/product"}],"replies":[{"embeddable":true,"href":"https:\/\/nordicbags.eu\/es\/wp-json\/wp\/v2\/comments?post=7205"}],"wp:featuredmedia":[{"embeddable":true,"href":"https:\/\/nordicbags.eu\/es\/wp-json\/wp\/v2\/media\/6898"}],"wp:attachment":[{"href":"https:\/\/nordicbags.eu\/es\/wp-json\/wp\/v2\/media?parent=7205"}],"wp:term":[{"taxonomy":"pwb-brand","embeddable":true,"href":"https:\/\/nordicbags.eu\/es\/wp-json\/wp\/v2\/pwb-brand?post=7205"},{"taxonomy":"product_brand","embeddable":true,"href":"https:\/\/nordicbags.eu\/es\/wp-json\/wp\/v2\/product_brand?post=7205"},{"taxonomy":"product_cat","embeddable":true,"href":"https:\/\/nordicbags.eu\/es\/wp-json\/wp\/v2\/product_cat?post=7205"},{"taxonomy":"product_tag","embeddable":true,"href":"https:\/\/nordicbags.eu\/es\/wp-json\/wp\/v2\/product_tag?post=7205"}],"curies":[{"name":"wp","href":"https:\/\/api.w.org\/{rel}","templated":true}]}}