{"id":7288,"date":"2024-02-14T09:01:52","date_gmt":"2024-02-14T09:01:52","guid":{"rendered":"https:\/\/nordicbags.eu\/?post_type=product&#038;p=7288"},"modified":"2025-05-29T20:10:01","modified_gmt":"2025-05-29T20:10:01","slug":"mochila-benjamin-negra","status":"publish","type":"product","link":"https:\/\/nordicbags.eu\/es\/producto\/mochila-benjamin-negra\/","title":{"rendered":"Mochila BENJAMIN &#8211; Negra"},"content":{"rendered":"","protected":false},"excerpt":{"rendered":"<p>Mochila de piel <strong>BENJAMIN<\/strong> hecha a mano con dos bolsillos delanteros. La mochila est\u00e1 fabricada en piel resistente de alta calidad para un uso duradero. La espaciosa bolsa se cierra de forma segura con las cl\u00e1sicas hebillas a presi\u00f3n ocultas tras las correas del cintur\u00f3n. Se convierte en bandolera al cambiar la posici\u00f3n del asa. Esta elegante mochila resulta pr\u00e1ctica para pasear en bicicleta por la ciudad.<\/p>\n<p><strong>Info:<\/strong><\/p>\n<ul>\n<li>Medidas: 42 x 31 x 11 cm<\/li>\n<li>Piel duradera de alta calidad<\/li>\n<li>Dos bolsillos delanteros<\/li>\n<li>Bolsillo interior con cremallera para objetos peque\u00f1os y el tel\u00e9fono.<\/li>\n<li>Se cierra con las cl\u00e1sicas hebillas a presi\u00f3n ocultas tras las correas del cintur\u00f3n<\/li>\n<li>Amplio<\/li>\n<li>Dos asas ajustables y desmontables<\/li>\n<li>Se convierte en una bolsa bodycross tras cambiar la posici\u00f3n del asa<\/li>\n<li>Cabe un port\u00e1til de 13\u2033, documentos, libros y otros objetos.<\/li>\n<li>Hecho a mano en Lituania<\/li>\n<\/ul>\n<p>Env\u00edo en 3-7 d\u00edas laborables<\/p>\n","protected":false},"featured_media":7266,"comment_status":"open","ping_status":"closed","template":"","meta":{"_acf_changed":false},"pwb-brand":[],"product_brand":[],"product_cat":[242],"product_tag":[],"class_list":{"0":"post-7288","1":"product","2":"type-product","3":"status-publish","4":"has-post-thumbnail","6":"product_cat-mochilas-y-mochilas-de-dia","8":"first","9":"instock","10":"taxable","11":"shipping-taxable","12":"purchasable","13":"product-type-simple"},"acf":[],"brands":[],"_links":{"self":[{"href":"https:\/\/nordicbags.eu\/es\/wp-json\/wp\/v2\/product\/7288","targetHints":{"allow":["GET"]}}],"collection":[{"href":"https:\/\/nordicbags.eu\/es\/wp-json\/wp\/v2\/product"}],"about":[{"href":"https:\/\/nordicbags.eu\/es\/wp-json\/wp\/v2\/types\/product"}],"replies":[{"embeddable":true,"href":"https:\/\/nordicbags.eu\/es\/wp-json\/wp\/v2\/comments?post=7288"}],"wp:featuredmedia":[{"embeddable":true,"href":"https:\/\/nordicbags.eu\/es\/wp-json\/wp\/v2\/media\/7266"}],"wp:attachment":[{"href":"https:\/\/nordicbags.eu\/es\/wp-json\/wp\/v2\/media?parent=7288"}],"wp:term":[{"taxonomy":"pwb-brand","embeddable":true,"href":"https:\/\/nordicbags.eu\/es\/wp-json\/wp\/v2\/pwb-brand?post=7288"},{"taxonomy":"product_brand","embeddable":true,"href":"https:\/\/nordicbags.eu\/es\/wp-json\/wp\/v2\/product_brand?post=7288"},{"taxonomy":"product_cat","embeddable":true,"href":"https:\/\/nordicbags.eu\/es\/wp-json\/wp\/v2\/product_cat?post=7288"},{"taxonomy":"product_tag","embeddable":true,"href":"https:\/\/nordicbags.eu\/es\/wp-json\/wp\/v2\/product_tag?post=7288"}],"curies":[{"name":"wp","href":"https:\/\/api.w.org\/{rel}","templated":true}]}}