{"id":7312,"date":"2024-02-14T09:01:13","date_gmt":"2024-02-14T09:01:13","guid":{"rendered":"https:\/\/nordicbags.eu\/maletin-no-21-negro\/"},"modified":"2024-09-03T15:20:42","modified_gmt":"2024-09-03T15:20:42","slug":"maletin-no-21-negro","status":"publish","type":"product","link":"https:\/\/nordicbags.eu\/es\/producto\/maletin-no-21-negro\/","title":{"rendered":"Malet\u00edn n\u00ba 21 &#8211; Negro"},"content":{"rendered":"","protected":false},"excerpt":{"rendered":"<p>El <strong>malet\u00edn n.\u00ba<\/strong> 21 es de cuero aut\u00e9ntico y se fabrica en Estonia. Es el malet\u00edn m\u00e1s ligero y fino de nuestra gama. Tiene 1 compartimento grande y un bolsillo A4 con cremallera en la parte trasera. Dentro del compartimento grande, hay un bolsillo peque\u00f1o independiente con cremallera (para el pasaporte, por ejemplo), un bolsillo para el m\u00f3vil y un portabol\u00edgrafos. Por supuesto, este malet\u00edn tambi\u00e9n incluye un mosquet\u00f3n para las llaves.<\/p>\n<ul>\n<li>De cuero aut\u00e9ntico<\/li>\n<li>Dimensiones: 36 cm x 28 cm x 7,5 cm<\/li>\n<li>Dise\u00f1ado y producido en Estonia<\/li>\n<\/ul>\n<p>\/\/\/<\/p>\n<p>Ehtsast nahast ja Eestis toodetud <strong>portfell nr 21<\/strong> on k\u00f5ige kergem ja \u00f5hukesem meie tootevalikus olev portfell. Sellel on 1 suur lahter ning tagak\u00fcljel lukuga suletav A4 tasku. Suure lahtri sees on eraldi v\u00e4ike lukuga tasku (nt passile), mobiilitasku ja pastakahoidja. Muidugi ei puudu ka sellel portfellil karabiiner v\u00f5tmete jaoks.<\/p>\n<ul>\n<li>Para m\u00e1s informaci\u00f3n<\/li>\n<li>V\u00e4rv: debe<\/li>\n<li>Tama\u00f1o: 36 cm x 28 cm x 7,5 cm<\/li>\n<li>Disainitud ja toodetud Eestis<\/li>\n<\/ul>\n","protected":false},"featured_media":7259,"comment_status":"open","ping_status":"closed","template":"","meta":{"_acf_changed":false},"pwb-brand":[],"product_brand":[],"product_cat":[262],"product_tag":[],"class_list":{"0":"post-7312","1":"product","2":"type-product","3":"status-publish","4":"has-post-thumbnail","6":"product_cat-maletines","8":"first","9":"instock","10":"taxable","11":"shipping-taxable","12":"purchasable","13":"product-type-simple"},"acf":[],"brands":[],"_links":{"self":[{"href":"https:\/\/nordicbags.eu\/es\/wp-json\/wp\/v2\/product\/7312","targetHints":{"allow":["GET"]}}],"collection":[{"href":"https:\/\/nordicbags.eu\/es\/wp-json\/wp\/v2\/product"}],"about":[{"href":"https:\/\/nordicbags.eu\/es\/wp-json\/wp\/v2\/types\/product"}],"replies":[{"embeddable":true,"href":"https:\/\/nordicbags.eu\/es\/wp-json\/wp\/v2\/comments?post=7312"}],"wp:featuredmedia":[{"embeddable":true,"href":"https:\/\/nordicbags.eu\/es\/wp-json\/wp\/v2\/media\/7259"}],"wp:attachment":[{"href":"https:\/\/nordicbags.eu\/es\/wp-json\/wp\/v2\/media?parent=7312"}],"wp:term":[{"taxonomy":"pwb-brand","embeddable":true,"href":"https:\/\/nordicbags.eu\/es\/wp-json\/wp\/v2\/pwb-brand?post=7312"},{"taxonomy":"product_brand","embeddable":true,"href":"https:\/\/nordicbags.eu\/es\/wp-json\/wp\/v2\/product_brand?post=7312"},{"taxonomy":"product_cat","embeddable":true,"href":"https:\/\/nordicbags.eu\/es\/wp-json\/wp\/v2\/product_cat?post=7312"},{"taxonomy":"product_tag","embeddable":true,"href":"https:\/\/nordicbags.eu\/es\/wp-json\/wp\/v2\/product_tag?post=7312"}],"curies":[{"name":"wp","href":"https:\/\/api.w.org\/{rel}","templated":true}]}}