{"id":7750,"date":"2024-02-14T11:17:09","date_gmt":"2024-02-14T11:17:09","guid":{"rendered":"https:\/\/nordicbags.eu\/bolso-ruby-negro\/"},"modified":"2025-05-29T19:04:33","modified_gmt":"2025-05-29T19:04:33","slug":"bolso-ruby-negro","status":"publish","type":"product","link":"https:\/\/nordicbags.eu\/es\/producto\/bolso-ruby-negro\/","title":{"rendered":"Bolso RUBY &#8211; Negro"},"content":{"rendered":"","protected":false},"excerpt":{"rendered":"<p><strong>RUBY<\/strong> es una bolsa peque\u00f1a. Sin falsas promesas. Pero cabe perfectamente el tel\u00e9fono, la cartera y las llaves. Es peque\u00f1ita y mona, \u00a1ideal para la estaci\u00f3n c\u00e1lida! Peque\u00f1a, encantadora, agradable al tacto y a menudo necesaria: una gran compa\u00f1era para una cita nocturna.<\/p>\n<p><strong>Info:<\/strong><\/p>\n<ul>\n<li>Medidas: 19 x 13 x 4 cm<\/li>\n<li>Monedero de cuero hecho a mano<\/li>\n<li>Se cierra con una hebilla imantada<\/li>\n<li>Cabe lo esencial: tel\u00e9fono, cartera, gafas de sol<\/li>\n<li>Correa larga ajustable<\/li>\n<li>Fabricado en Lituania<\/li>\n<\/ul>\n<p>Env\u00edo: 4-7 d\u00edas laborables.<\/p>\n","protected":false},"featured_media":7735,"comment_status":"open","ping_status":"closed","template":"","meta":{"_acf_changed":false},"pwb-brand":[],"product_brand":[],"product_cat":[261],"product_tag":[],"class_list":{"0":"post-7750","1":"product","2":"type-product","3":"status-publish","4":"has-post-thumbnail","6":"product_cat-bandoleras","8":"first","9":"instock","10":"taxable","11":"shipping-taxable","12":"purchasable","13":"product-type-simple"},"acf":[],"brands":[],"_links":{"self":[{"href":"https:\/\/nordicbags.eu\/es\/wp-json\/wp\/v2\/product\/7750","targetHints":{"allow":["GET"]}}],"collection":[{"href":"https:\/\/nordicbags.eu\/es\/wp-json\/wp\/v2\/product"}],"about":[{"href":"https:\/\/nordicbags.eu\/es\/wp-json\/wp\/v2\/types\/product"}],"replies":[{"embeddable":true,"href":"https:\/\/nordicbags.eu\/es\/wp-json\/wp\/v2\/comments?post=7750"}],"wp:featuredmedia":[{"embeddable":true,"href":"https:\/\/nordicbags.eu\/es\/wp-json\/wp\/v2\/media\/7735"}],"wp:attachment":[{"href":"https:\/\/nordicbags.eu\/es\/wp-json\/wp\/v2\/media?parent=7750"}],"wp:term":[{"taxonomy":"pwb-brand","embeddable":true,"href":"https:\/\/nordicbags.eu\/es\/wp-json\/wp\/v2\/pwb-brand?post=7750"},{"taxonomy":"product_brand","embeddable":true,"href":"https:\/\/nordicbags.eu\/es\/wp-json\/wp\/v2\/product_brand?post=7750"},{"taxonomy":"product_cat","embeddable":true,"href":"https:\/\/nordicbags.eu\/es\/wp-json\/wp\/v2\/product_cat?post=7750"},{"taxonomy":"product_tag","embeddable":true,"href":"https:\/\/nordicbags.eu\/es\/wp-json\/wp\/v2\/product_tag?post=7750"}],"curies":[{"name":"wp","href":"https:\/\/api.w.org\/{rel}","templated":true}]}}