{"id":7751,"date":"2024-02-14T11:10:10","date_gmt":"2024-02-14T11:10:10","guid":{"rendered":"https:\/\/nordicbags.eu\/gran-cubo-modelo-cookie\/"},"modified":"2024-09-03T15:15:24","modified_gmt":"2024-09-03T15:15:24","slug":"gran-cubo-modelo-cookie","status":"publish","type":"product","link":"https:\/\/nordicbags.eu\/es\/producto\/gran-cubo-modelo-cookie\/","title":{"rendered":"Gran Cubo Modelo &#8211; Cookie"},"content":{"rendered":"","protected":false},"excerpt":{"rendered":"<p><strong>El Gran Cubo<\/strong> Modelo es la hermana mayor del querido Cubo Modelo. Las mismas propuestas, forma m\u00ednima incre\u00edble y estilo, pero la mitad de tama\u00f1o m\u00e1s grande. Tan fiable como su conocido hermano.<\/p>\n<p>El modelo Bucket es un bolso tote cl\u00e1sico en el fondo y funcional en el tama\u00f1o. La parte superior redonda y ancha permite un espacio de almacenamiento significativamente mayor que el de una bolsa tote t\u00edpica. Dise\u00f1ado para guardar con estilo sus objetos esenciales de uso diario. Cabe tu botella de agua, port\u00e1til de 13&#8243;, cartera y mucho m\u00e1s. Tiene un cierre magn\u00e9tico para facilitar el acceso y dos asas superiores para llevar. Disponible con una correa ajustable para llevarla al hombro o cruzada. Y un peque\u00f1o bolsillo interior guarda las llaves y la barra de labios.<\/p>\n<ul>\n<li>Material: piel de curtido ecol\u00f3gico de la Toscana (Italia)<\/li>\n<li>Tama\u00f1o: 27 cm x 46 cm x 14 cm<\/li>\n<li>Presentado en una bolsa de regalo de lona reutilizable<\/li>\n<li>Dise\u00f1ado y hecho a mano en Estonia<\/li>\n<\/ul>\n","protected":false},"featured_media":7718,"comment_status":"open","ping_status":"closed","template":"","meta":{"_acf_changed":false},"pwb-brand":[],"product_brand":[],"product_cat":[251],"product_tag":[],"class_list":{"0":"post-7751","1":"product","2":"type-product","3":"status-publish","4":"has-post-thumbnail","6":"product_cat-bolsos","8":"first","9":"outofstock","10":"taxable","11":"shipping-taxable","12":"purchasable","13":"product-type-simple"},"acf":[],"brands":[],"_links":{"self":[{"href":"https:\/\/nordicbags.eu\/es\/wp-json\/wp\/v2\/product\/7751","targetHints":{"allow":["GET"]}}],"collection":[{"href":"https:\/\/nordicbags.eu\/es\/wp-json\/wp\/v2\/product"}],"about":[{"href":"https:\/\/nordicbags.eu\/es\/wp-json\/wp\/v2\/types\/product"}],"replies":[{"embeddable":true,"href":"https:\/\/nordicbags.eu\/es\/wp-json\/wp\/v2\/comments?post=7751"}],"wp:featuredmedia":[{"embeddable":true,"href":"https:\/\/nordicbags.eu\/es\/wp-json\/wp\/v2\/media\/7718"}],"wp:attachment":[{"href":"https:\/\/nordicbags.eu\/es\/wp-json\/wp\/v2\/media?parent=7751"}],"wp:term":[{"taxonomy":"pwb-brand","embeddable":true,"href":"https:\/\/nordicbags.eu\/es\/wp-json\/wp\/v2\/pwb-brand?post=7751"},{"taxonomy":"product_brand","embeddable":true,"href":"https:\/\/nordicbags.eu\/es\/wp-json\/wp\/v2\/product_brand?post=7751"},{"taxonomy":"product_cat","embeddable":true,"href":"https:\/\/nordicbags.eu\/es\/wp-json\/wp\/v2\/product_cat?post=7751"},{"taxonomy":"product_tag","embeddable":true,"href":"https:\/\/nordicbags.eu\/es\/wp-json\/wp\/v2\/product_tag?post=7751"}],"curies":[{"name":"wp","href":"https:\/\/api.w.org\/{rel}","templated":true}]}}