{"id":7752,"date":"2024-02-14T11:03:08","date_gmt":"2024-02-14T11:03:08","guid":{"rendered":"https:\/\/nordicbags.eu\/lite-walnut-tarjetero-con-bloqueo-rfid\/"},"modified":"2025-05-29T17:21:28","modified_gmt":"2025-05-29T17:21:28","slug":"lite-walnut-tarjetero-con-bloqueo-rfid","status":"publish","type":"product","link":"https:\/\/nordicbags.eu\/es\/producto\/lite-walnut-tarjetero-con-bloqueo-rfid\/","title":{"rendered":"Lite Walnut &#8211; Tarjetero con bloqueo RFID"},"content":{"rendered":"","protected":false},"excerpt":{"rendered":"<div class=\"entry-content\">\n<p><strong>Lite<\/strong> es un tarjetero met\u00e1lico dise\u00f1ado con aluminio resistente y madera aut\u00e9ntica. Es minimalista, \u00fanico y seguro, ya que almacena c\u00f3modamente hasta 12 tarjetas al tiempo que le protege de los robos sin contacto. El producto se envasa con materiales totalmente respetuosos con el medio ambiente. Dimensiones: 9 x 5,5 x 1,5 cm.<\/p>\n<p>Seif Design es una marca estonia conocida por sus tarjeteros \u00fanicos dise\u00f1ados en piedra. Seif Design utiliza exclusivamente materiales totalmente reciclables para sus envases y ha transformado sus procesos de producci\u00f3n para utilizar energ\u00eda verde procedente de paneles solares. Todos los productos de Seif Design se fabrican en Estonia. El ex Presidente de Estonia Kersti Kaljulaid: \u00ab\u00a1Una cartera de piedra no puede ser m\u00e1s sostenible! Un verdadero contrapunto a las cosas con una vida \u00fatil corta, que ojal\u00e1 perduren de padres a hijos. Me encanta cuando las cosas no se rompen ni se desgastan\u00bb.<\/p>\n<\/div>\n","protected":false},"featured_media":7713,"comment_status":"open","ping_status":"closed","template":"","meta":{"_acf_changed":false},"pwb-brand":[],"product_brand":[],"product_cat":[255,258],"product_tag":[],"class_list":{"0":"post-7752","1":"product","2":"type-product","3":"status-publish","4":"has-post-thumbnail","6":"product_cat-billeteros-y-tarjeteros","7":"product_cat-tarjeteros","9":"first","10":"instock","11":"taxable","12":"shipping-taxable","13":"purchasable","14":"product-type-simple"},"acf":[],"brands":[],"_links":{"self":[{"href":"https:\/\/nordicbags.eu\/es\/wp-json\/wp\/v2\/product\/7752","targetHints":{"allow":["GET"]}}],"collection":[{"href":"https:\/\/nordicbags.eu\/es\/wp-json\/wp\/v2\/product"}],"about":[{"href":"https:\/\/nordicbags.eu\/es\/wp-json\/wp\/v2\/types\/product"}],"replies":[{"embeddable":true,"href":"https:\/\/nordicbags.eu\/es\/wp-json\/wp\/v2\/comments?post=7752"}],"wp:featuredmedia":[{"embeddable":true,"href":"https:\/\/nordicbags.eu\/es\/wp-json\/wp\/v2\/media\/7713"}],"wp:attachment":[{"href":"https:\/\/nordicbags.eu\/es\/wp-json\/wp\/v2\/media?parent=7752"}],"wp:term":[{"taxonomy":"pwb-brand","embeddable":true,"href":"https:\/\/nordicbags.eu\/es\/wp-json\/wp\/v2\/pwb-brand?post=7752"},{"taxonomy":"product_brand","embeddable":true,"href":"https:\/\/nordicbags.eu\/es\/wp-json\/wp\/v2\/product_brand?post=7752"},{"taxonomy":"product_cat","embeddable":true,"href":"https:\/\/nordicbags.eu\/es\/wp-json\/wp\/v2\/product_cat?post=7752"},{"taxonomy":"product_tag","embeddable":true,"href":"https:\/\/nordicbags.eu\/es\/wp-json\/wp\/v2\/product_tag?post=7752"}],"curies":[{"name":"wp","href":"https:\/\/api.w.org\/{rel}","templated":true}]}}