{"id":7753,"date":"2024-02-14T10:55:52","date_gmt":"2024-02-14T10:55:52","guid":{"rendered":"https:\/\/nordicbags.eu\/bolso-reciclado-marss-azul\/"},"modified":"2025-05-29T12:47:01","modified_gmt":"2025-05-29T12:47:01","slug":"bolso-reciclado-marss-azul","status":"publish","type":"product","link":"https:\/\/nordicbags.eu\/es\/producto\/bolso-reciclado-marss-azul\/","title":{"rendered":"Bolso reciclado M\u00e4rss &#8211; Azul"},"content":{"rendered":"","protected":false},"excerpt":{"rendered":"<div class=\"entry-content\">\n<p><strong>M\u00e4rss<\/strong> es una bolsa reciclada hecha a mano con restos de tela de la fabricaci\u00f3n de muebles. La parte inferior y los detalles de la correa son de piel sint\u00e9tica compuesta por un 70% de piel aut\u00e9ntica y un 30% de material fibroso. M\u00e4rss puede llevarse como bolso de mano o bandolera. Como cada bolsa se hace a mano con los materiales sobrantes de la industria del mueble para desperdiciar lo menos posible, cada bolsa es \u00fanica y su aspecto puede diferir ligeramente del de la bolsa de la foto. M\u00e4rss se dise\u00f1a y fabrica en Estonia.<\/p>\n<p>Trendbag fabrica bolsas hechas a mano a partir de los restos de la industria del mueble. Todas las bolsas se dise\u00f1an y fabrican en Estonia. Utilizar restos de la industria del mueble significa que los productos de Trendbag son ecol\u00f3gicos y muy duraderos, ya que la industria del mueble suele tener normas de durabilidad de las prendas mucho m\u00e1s estrictas que las de la industria de las bolsas.<\/p>\n<p><em>Env\u00edo: 4-7 d\u00edas laborables<\/em><\/p>\n<\/div>\n","protected":false},"featured_media":7702,"comment_status":"open","ping_status":"closed","template":"","meta":{"_acf_changed":false},"pwb-brand":[],"product_brand":[],"product_cat":[242],"product_tag":[],"class_list":{"0":"post-7753","1":"product","2":"type-product","3":"status-publish","4":"has-post-thumbnail","6":"product_cat-mochilas-y-mochilas-de-dia","8":"first","9":"instock","10":"taxable","11":"shipping-taxable","12":"purchasable","13":"product-type-simple"},"acf":[],"brands":[],"_links":{"self":[{"href":"https:\/\/nordicbags.eu\/es\/wp-json\/wp\/v2\/product\/7753","targetHints":{"allow":["GET"]}}],"collection":[{"href":"https:\/\/nordicbags.eu\/es\/wp-json\/wp\/v2\/product"}],"about":[{"href":"https:\/\/nordicbags.eu\/es\/wp-json\/wp\/v2\/types\/product"}],"replies":[{"embeddable":true,"href":"https:\/\/nordicbags.eu\/es\/wp-json\/wp\/v2\/comments?post=7753"}],"wp:featuredmedia":[{"embeddable":true,"href":"https:\/\/nordicbags.eu\/es\/wp-json\/wp\/v2\/media\/7702"}],"wp:attachment":[{"href":"https:\/\/nordicbags.eu\/es\/wp-json\/wp\/v2\/media?parent=7753"}],"wp:term":[{"taxonomy":"pwb-brand","embeddable":true,"href":"https:\/\/nordicbags.eu\/es\/wp-json\/wp\/v2\/pwb-brand?post=7753"},{"taxonomy":"product_brand","embeddable":true,"href":"https:\/\/nordicbags.eu\/es\/wp-json\/wp\/v2\/product_brand?post=7753"},{"taxonomy":"product_cat","embeddable":true,"href":"https:\/\/nordicbags.eu\/es\/wp-json\/wp\/v2\/product_cat?post=7753"},{"taxonomy":"product_tag","embeddable":true,"href":"https:\/\/nordicbags.eu\/es\/wp-json\/wp\/v2\/product_tag?post=7753"}],"curies":[{"name":"wp","href":"https:\/\/api.w.org\/{rel}","templated":true}]}}