{"id":7755,"date":"2024-02-14T09:59:27","date_gmt":"2024-02-14T09:59:27","guid":{"rendered":"https:\/\/nordicbags.eu\/mochila-bolsa-bandolera-go-to-the-library-mediana\/"},"modified":"2025-05-31T20:07:39","modified_gmt":"2025-05-31T20:07:39","slug":"mochila-bolsa-bandolera-go-to-the-library-mediana","status":"publish","type":"product","link":"https:\/\/nordicbags.eu\/es\/producto\/mochila-bolsa-bandolera-go-to-the-library-mediana\/","title":{"rendered":"Mochila\/Bolsa bandolera Go to the Library &#8211; Mediana"},"content":{"rendered":"","protected":false},"excerpt":{"rendered":"<p>La mochila de piel multifuncional m\u00e1s conocida y legendaria de Stella Soomlais es una belleza tan pr\u00e1ctica como elegante. Las correas f\u00e1cilmente transformables de <strong>la Mochila\/Bolsa bandolera Ir a la Biblioteca<\/strong> te permiten llevarla a la espalda, sobre el hombro o en la mano: \u00a1qu\u00e9 multitarea! Tiene una cremallera en la parte superior, dos bolsillos interiores y un compartimento para el port\u00e1til. La longitud de las correas puede modificarse en funci\u00f3n de sus necesidades.<\/p>\n<p>Stella Soomlais ofrece bolsos de piel artesanales y sostenibles dise\u00f1ados y fabricados en Estonia. Dirigidos por la galardonada Stella Runnel, no nos limitamos a fabricar bolsas, sino que vamos m\u00e1s all\u00e1 en el dise\u00f1o ecol\u00f3gico. Nuestro exclusivo concepto de \u00abRonda 2\u00bb maximiza la vida \u00fatil del producto y minimiza los residuos, que actualmente se reducen a s\u00f3lo un 2-4%. Nuestras bolsas son elegantes y funcionales, dise\u00f1adas para evolucionar con el tiempo, con piezas f\u00e1cilmente intercambiables y espacio para la personalizaci\u00f3n. En resumen, no s\u00f3lo fabricamos bolsos, sino que estamos fabricando el futuro de la moda sostenible.<\/p>\n<\/p>\n<ul>\n<li>Piel de curtido vegetal fabricada de forma responsable<\/li>\n<li>Medidas: 41 x 34 x 10 cm<\/li>\n<li>Longitud de la correa 61 cm, anchura 2,5 cm<\/li>\n<li>Se adapta a un port\u00e1til de hasta 13\u2033.<\/li>\n<li>Hecho a mano en Estonia, Europa<\/li>\n<li>Todas las bolsas se fabrican por encargo y se entregan en 4-6 semanas<\/li>\n<\/ul>\n","protected":false},"featured_media":7674,"comment_status":"open","ping_status":"closed","template":"","meta":{"_acf_changed":false},"pwb-brand":[],"product_brand":[],"product_cat":[261,242],"product_tag":[],"class_list":{"0":"post-7755","1":"product","2":"type-product","3":"status-publish","4":"has-post-thumbnail","6":"product_cat-bandoleras","7":"product_cat-mochilas-y-mochilas-de-dia","9":"first","10":"instock","11":"taxable","12":"shipping-taxable","13":"purchasable","14":"product-type-variable"},"acf":[],"brands":[],"_links":{"self":[{"href":"https:\/\/nordicbags.eu\/es\/wp-json\/wp\/v2\/product\/7755","targetHints":{"allow":["GET"]}}],"collection":[{"href":"https:\/\/nordicbags.eu\/es\/wp-json\/wp\/v2\/product"}],"about":[{"href":"https:\/\/nordicbags.eu\/es\/wp-json\/wp\/v2\/types\/product"}],"replies":[{"embeddable":true,"href":"https:\/\/nordicbags.eu\/es\/wp-json\/wp\/v2\/comments?post=7755"}],"wp:featuredmedia":[{"embeddable":true,"href":"https:\/\/nordicbags.eu\/es\/wp-json\/wp\/v2\/media\/7674"}],"wp:attachment":[{"href":"https:\/\/nordicbags.eu\/es\/wp-json\/wp\/v2\/media?parent=7755"}],"wp:term":[{"taxonomy":"pwb-brand","embeddable":true,"href":"https:\/\/nordicbags.eu\/es\/wp-json\/wp\/v2\/pwb-brand?post=7755"},{"taxonomy":"product_brand","embeddable":true,"href":"https:\/\/nordicbags.eu\/es\/wp-json\/wp\/v2\/product_brand?post=7755"},{"taxonomy":"product_cat","embeddable":true,"href":"https:\/\/nordicbags.eu\/es\/wp-json\/wp\/v2\/product_cat?post=7755"},{"taxonomy":"product_tag","embeddable":true,"href":"https:\/\/nordicbags.eu\/es\/wp-json\/wp\/v2\/product_tag?post=7755"}],"curies":[{"name":"wp","href":"https:\/\/api.w.org\/{rel}","templated":true}]}}