{"id":7758,"date":"2024-02-14T09:57:22","date_gmt":"2024-02-14T09:57:22","guid":{"rendered":"https:\/\/nordicbags.eu\/modelo-tote\/"},"modified":"2024-09-03T15:18:25","modified_gmt":"2024-09-03T15:18:25","slug":"modelo-tote","status":"publish","type":"product","link":"https:\/\/nordicbags.eu\/es\/producto\/modelo-tote\/","title":{"rendered":"Modelo Tote"},"content":{"rendered":"","protected":false},"excerpt":{"rendered":"<p>Un bolso tote de piel dise\u00f1ado y dimensionado para los desplazamientos. Sin pretender estar a la moda, <strong>el Bolso Modelo<\/strong> no pasar\u00e1 de moda.<\/p>\n<p>Quer\u00edamos crear un bolso de l\u00edneas limpias y formas cl\u00e1sicas para una mujer ocupada que no tiene tiempo de cambiar de bolso varias veces al d\u00eda. Nunca parece fuera de lugar: ll\u00e9vala al trabajo, al teatro, de fiesta y luego al mercado local los fines de semana. Siempre elegante, siempre pr\u00e1ctico.<\/p>\n<p>El modelo Tote tiene 2 bolsillos delanteros y 1 compartimento principal con funda para port\u00e1tiles de hasta 13&#8243;. Bonus: tiene una cremallera en la parte superior para proteger tus objetos de valor de las condiciones clim\u00e1ticas del hemisferio norte. Ll\u00e9velo en la mano o sobre el hombro si tiene las manos ocupadas.<\/p>\n<ul>\n<li>Material: cuero de curtido ecol\u00f3gico<\/li>\n<li>Tama\u00f1o: 34 cm x 32 cm x 12 cm<\/li>\n<li>Asas dobles<\/li>\n<li>Presentado en una bolsa de regalo de lona reutilizable<\/li>\n<li>Dise\u00f1ado y fabricado en Estonia<\/li>\n<\/ul>\n","protected":false},"featured_media":7657,"comment_status":"open","ping_status":"closed","template":"","meta":{"_acf_changed":false},"pwb-brand":[],"product_brand":[],"product_cat":[261,243],"product_tag":[],"class_list":{"0":"post-7758","1":"product","2":"type-product","3":"status-publish","4":"has-post-thumbnail","6":"product_cat-bandoleras","7":"product_cat-bolsos-de-mano","9":"first","10":"outofstock","11":"taxable","12":"shipping-taxable","13":"purchasable","14":"product-type-variable"},"acf":[],"brands":[],"_links":{"self":[{"href":"https:\/\/nordicbags.eu\/es\/wp-json\/wp\/v2\/product\/7758","targetHints":{"allow":["GET"]}}],"collection":[{"href":"https:\/\/nordicbags.eu\/es\/wp-json\/wp\/v2\/product"}],"about":[{"href":"https:\/\/nordicbags.eu\/es\/wp-json\/wp\/v2\/types\/product"}],"replies":[{"embeddable":true,"href":"https:\/\/nordicbags.eu\/es\/wp-json\/wp\/v2\/comments?post=7758"}],"wp:featuredmedia":[{"embeddable":true,"href":"https:\/\/nordicbags.eu\/es\/wp-json\/wp\/v2\/media\/7657"}],"wp:attachment":[{"href":"https:\/\/nordicbags.eu\/es\/wp-json\/wp\/v2\/media?parent=7758"}],"wp:term":[{"taxonomy":"pwb-brand","embeddable":true,"href":"https:\/\/nordicbags.eu\/es\/wp-json\/wp\/v2\/pwb-brand?post=7758"},{"taxonomy":"product_brand","embeddable":true,"href":"https:\/\/nordicbags.eu\/es\/wp-json\/wp\/v2\/product_brand?post=7758"},{"taxonomy":"product_cat","embeddable":true,"href":"https:\/\/nordicbags.eu\/es\/wp-json\/wp\/v2\/product_cat?post=7758"},{"taxonomy":"product_tag","embeddable":true,"href":"https:\/\/nordicbags.eu\/es\/wp-json\/wp\/v2\/product_tag?post=7758"}],"curies":[{"name":"wp","href":"https:\/\/api.w.org\/{rel}","templated":true}]}}