{"id":7761,"date":"2024-02-14T09:52:23","date_gmt":"2024-02-14T09:52:23","guid":{"rendered":"https:\/\/nordicbags.eu\/bolsa-para-telefono-by-your-side\/"},"modified":"2024-09-03T15:11:50","modified_gmt":"2024-09-03T15:11:50","slug":"bolsa-para-telefono-by-your-side","status":"publish","type":"product","link":"https:\/\/nordicbags.eu\/es\/producto\/bolsa-para-telefono-by-your-side\/","title":{"rendered":"Bolsa para tel\u00e9fono By Your Side"},"content":{"rendered":"","protected":false},"excerpt":{"rendered":"<p>La bolsa <strong>By Your<\/strong> Side est\u00e1 dise\u00f1ada para mantener tu tel\u00e9fono seguro y a tu lado en todo momento. Con un pr\u00e1ctico bolsillo peque\u00f1o para tarjetas y un cierre magn\u00e9tico seguro, esta funda para tel\u00e9fono es funcional y minimalista. Se adapta perfectamente a modelos de tel\u00e9fono de tama\u00f1o similar, como el iPhone 13 Pro.<\/p>\n<p>La correa desmontable te permite utilizar la bolsa de diferentes formas y el mosquet\u00f3n adicional para las llaves te facilita la vida cuando s\u00f3lo quieres llevar lo imprescindible.<\/p>\n<p><strong>Stella Soomlais<\/strong> ofrece bolsos de piel artesanales y sostenibles dise\u00f1ados y fabricados en Estonia. Dirigidos por la galardonada Stella Runnel, no nos limitamos a fabricar bolsas, sino que vamos m\u00e1s all\u00e1 en el dise\u00f1o ecol\u00f3gico. Nuestro exclusivo concepto de \u00abRonda 2\u00bb maximiza la vida \u00fatil del producto y minimiza los residuos, que actualmente se reducen a s\u00f3lo un 2-4%. Nuestras bolsas son elegantes y funcionales, dise\u00f1adas para evolucionar con el tiempo, con piezas f\u00e1cilmente intercambiables y espacio para la personalizaci\u00f3n. En resumen, no s\u00f3lo fabricamos bolsos, sino que estamos fabricando el futuro de la moda sostenible.<\/p>\n<\/p>\n<ul>\n<li>Piel de curtido vegetal fabricada de forma responsable<\/li>\n<li>Medidas: 12 x 19,5 cm<\/li>\n<li>Correa: 1,5 x 120 cm<\/li>\n<li>Hecho a mano en Estonia, Europa<\/li>\n<li>Todas las bolsas se fabrican por encargo y se entregan en 2 semanas<\/li>\n<\/ul>\n","protected":false},"featured_media":7632,"comment_status":"open","ping_status":"closed","template":"","meta":{"_acf_changed":false},"pwb-brand":[],"product_brand":[],"product_cat":[250,272],"product_tag":[],"class_list":{"0":"post-7761","1":"product","2":"type-product","3":"status-publish","4":"has-post-thumbnail","6":"product_cat-bolsos-cruzados","7":"product_cat-rinoneras","9":"first","10":"instock","11":"taxable","12":"shipping-taxable","13":"purchasable","14":"product-type-variable"},"acf":[],"brands":[],"_links":{"self":[{"href":"https:\/\/nordicbags.eu\/es\/wp-json\/wp\/v2\/product\/7761","targetHints":{"allow":["GET"]}}],"collection":[{"href":"https:\/\/nordicbags.eu\/es\/wp-json\/wp\/v2\/product"}],"about":[{"href":"https:\/\/nordicbags.eu\/es\/wp-json\/wp\/v2\/types\/product"}],"replies":[{"embeddable":true,"href":"https:\/\/nordicbags.eu\/es\/wp-json\/wp\/v2\/comments?post=7761"}],"wp:featuredmedia":[{"embeddable":true,"href":"https:\/\/nordicbags.eu\/es\/wp-json\/wp\/v2\/media\/7632"}],"wp:attachment":[{"href":"https:\/\/nordicbags.eu\/es\/wp-json\/wp\/v2\/media?parent=7761"}],"wp:term":[{"taxonomy":"pwb-brand","embeddable":true,"href":"https:\/\/nordicbags.eu\/es\/wp-json\/wp\/v2\/pwb-brand?post=7761"},{"taxonomy":"product_brand","embeddable":true,"href":"https:\/\/nordicbags.eu\/es\/wp-json\/wp\/v2\/product_brand?post=7761"},{"taxonomy":"product_cat","embeddable":true,"href":"https:\/\/nordicbags.eu\/es\/wp-json\/wp\/v2\/product_cat?post=7761"},{"taxonomy":"product_tag","embeddable":true,"href":"https:\/\/nordicbags.eu\/es\/wp-json\/wp\/v2\/product_tag?post=7761"}],"curies":[{"name":"wp","href":"https:\/\/api.w.org\/{rel}","templated":true}]}}