{"id":7765,"date":"2024-02-14T09:50:32","date_gmt":"2024-02-14T09:50:32","guid":{"rendered":"https:\/\/nordicbags.eu\/bolso-reciclado-marss-gris-claro\/"},"modified":"2024-02-27T10:19:31","modified_gmt":"2024-02-27T10:19:31","slug":"bolso-reciclado-marss-gris-claro","status":"publish","type":"product","link":"https:\/\/nordicbags.eu\/es\/producto\/bolso-reciclado-marss-gris-claro\/","title":{"rendered":"Bolso reciclado M\u00e4rss &#8211; Gris claro"},"content":{"rendered":"","protected":false},"excerpt":{"rendered":"<div class=\"entry-content\">\n<p><strong>M\u00e4rss<\/strong> es una bolsa reciclada hecha a mano con restos de tela de la fabricaci\u00f3n de muebles. La parte inferior y los detalles de la correa son de piel sint\u00e9tica compuesta por un 70% de piel aut\u00e9ntica y un 30% de material fibroso. M\u00e4rss puede llevarse como bolso de mano o bandolera. Como cada bolsa se hace a mano con los materiales sobrantes de la industria del mueble para desperdiciar lo menos posible, cada bolsa es \u00fanica y su aspecto puede diferir ligeramente del de la bolsa de la foto. M\u00e4rss se dise\u00f1a y fabrica en Estonia.<\/p>\n<p>Trendbag fabrica bolsas hechas a mano a partir de los restos de la industria del mueble. Todas las bolsas se dise\u00f1an y fabrican en Estonia. Utilizar restos de la industria del mueble significa que los productos de Trendbag son ecol\u00f3gicos y muy duraderos, ya que la industria del mueble suele tener normas de durabilidad de las prendas mucho m\u00e1s estrictas que las de la industria de las bolsas.<\/p>\n<p><em>Env\u00edo: 4-7 d\u00edas laborables<\/em><\/p>\n<\/div>\n","protected":false},"featured_media":7612,"comment_status":"open","ping_status":"closed","template":"","meta":{"_acf_changed":false},"pwb-brand":[],"product_brand":[],"product_cat":[261,242],"product_tag":[],"class_list":{"0":"post-7765","1":"product","2":"type-product","3":"status-publish","4":"has-post-thumbnail","6":"product_cat-bandoleras","7":"product_cat-mochilas-y-mochilas-de-dia","9":"first","10":"instock","11":"taxable","12":"shipping-taxable","13":"purchasable","14":"product-type-simple"},"acf":[],"brands":[],"_links":{"self":[{"href":"https:\/\/nordicbags.eu\/es\/wp-json\/wp\/v2\/product\/7765","targetHints":{"allow":["GET"]}}],"collection":[{"href":"https:\/\/nordicbags.eu\/es\/wp-json\/wp\/v2\/product"}],"about":[{"href":"https:\/\/nordicbags.eu\/es\/wp-json\/wp\/v2\/types\/product"}],"replies":[{"embeddable":true,"href":"https:\/\/nordicbags.eu\/es\/wp-json\/wp\/v2\/comments?post=7765"}],"wp:featuredmedia":[{"embeddable":true,"href":"https:\/\/nordicbags.eu\/es\/wp-json\/wp\/v2\/media\/7612"}],"wp:attachment":[{"href":"https:\/\/nordicbags.eu\/es\/wp-json\/wp\/v2\/media?parent=7765"}],"wp:term":[{"taxonomy":"pwb-brand","embeddable":true,"href":"https:\/\/nordicbags.eu\/es\/wp-json\/wp\/v2\/pwb-brand?post=7765"},{"taxonomy":"product_brand","embeddable":true,"href":"https:\/\/nordicbags.eu\/es\/wp-json\/wp\/v2\/product_brand?post=7765"},{"taxonomy":"product_cat","embeddable":true,"href":"https:\/\/nordicbags.eu\/es\/wp-json\/wp\/v2\/product_cat?post=7765"},{"taxonomy":"product_tag","embeddable":true,"href":"https:\/\/nordicbags.eu\/es\/wp-json\/wp\/v2\/product_tag?post=7765"}],"curies":[{"name":"wp","href":"https:\/\/api.w.org\/{rel}","templated":true}]}}