{"id":7766,"date":"2024-02-14T09:45:13","date_gmt":"2024-02-14T09:45:13","guid":{"rendered":"https:\/\/nordicbags.eu\/clutch-billetera-capital-of-plenty\/"},"modified":"2024-09-03T15:12:11","modified_gmt":"2024-09-03T15:12:11","slug":"clutch-billetera-capital-of-plenty","status":"publish","type":"product","link":"https:\/\/nordicbags.eu\/es\/producto\/clutch-billetera-capital-of-plenty\/","title":{"rendered":"Clutch\/Billetera Capital of Plenty"},"content":{"rendered":"","protected":false},"excerpt":{"rendered":"<p><strong>El bolso-cartera Stella Soomlais Capital of Plenty<\/strong> es un bolso-cartera de piel bien organizado en el que caben todas tus tarjetas, dinero en efectivo, cheques, monedas y tel\u00e9fono. Al transformar f\u00e1cilmente las correas, puedes usar el bolso como clutch, cartera o llevarlo a la cadera o como un bolso normal. Las correas desmontables se pueden llevar como mu\u00f1equera y como cintur\u00f3n. En el interior de la bolsa hay ranuras para tarjetas bancarias, por lo que no es necesario llevar la cartera. En la parte trasera hay un bolsillo con cremallera para las monedas.<\/p>\n<p><strong>Stella Soomlais:<\/strong> Respetamos mucho los materiales que utilizamos. Nuestros dise\u00f1os est\u00e1n pensados para minimizar los restos de corte.  <strong>Hasta ahora, hemos conseguido reducir los restos a s\u00f3lo un 2-4%.<\/strong>  Nuestro objetivo es llegar a cero residuos en los pr\u00f3ximos a\u00f1os. Los dise\u00f1os de las bolsas siguen nuestro propio concepto circular, que llamamos Ronda 2. Nos permite dar al producto y al material la mayor vida \u00fatil. Por eso el dise\u00f1o de nuestros bolsos es minimalista y sin adornos: todos los detalles tienen una funci\u00f3n. Como se utiliza piel de acabado natural de alta calidad, la parte decorativa la hace el propio material: con el tiempo, tendr\u00e1 una gran p\u00e1tina y contar\u00e1 su historia. Las piezas intercambiables facilitan el mantenimiento y el cuidado posterior. El lavado de cara de los productos usados es f\u00e1cil y nos permite dirigir las bolsas renovadas a las siguientes rondas de uso. La extensa superficie del material, sin costuras, tambi\u00e9n permite redise\u00f1arlo si es necesario (por ejemplo, si se producen manchas y ara\u00f1azos, es posible a\u00f1adir un bolsillo, etc.) o crear algo totalmente nuevo con el material usado.<\/p>\n<ul>\n<li>Piel de curtido vegetal fabricada de forma responsable<\/li>\n<li>Tama\u00f1o de la bolsa: 19 x 11 x 3 cm<\/li>\n<li>Ancho de la correa 1 cm, longitud m\u00e1xima de la correa 130 cm<\/li>\n<li>Hecho a mano en Estonia, Europa<\/li>\n<li>Todas las bolsas se fabrican por encargo y se entregan en 4-6 semanas<\/li>\n<\/ul>\n","protected":false},"featured_media":7579,"comment_status":"open","ping_status":"closed","template":"","meta":{"_acf_changed":false},"pwb-brand":[],"product_brand":[],"product_cat":[277,255],"product_tag":[],"class_list":{"0":"post-7766","1":"product","2":"type-product","3":"status-publish","4":"has-post-thumbnail","6":"product_cat-billeteros-mujer","7":"product_cat-billeteros-y-tarjeteros","9":"first","10":"instock","11":"taxable","12":"shipping-taxable","13":"purchasable","14":"product-type-variable"},"acf":[],"brands":[],"_links":{"self":[{"href":"https:\/\/nordicbags.eu\/es\/wp-json\/wp\/v2\/product\/7766","targetHints":{"allow":["GET"]}}],"collection":[{"href":"https:\/\/nordicbags.eu\/es\/wp-json\/wp\/v2\/product"}],"about":[{"href":"https:\/\/nordicbags.eu\/es\/wp-json\/wp\/v2\/types\/product"}],"replies":[{"embeddable":true,"href":"https:\/\/nordicbags.eu\/es\/wp-json\/wp\/v2\/comments?post=7766"}],"wp:featuredmedia":[{"embeddable":true,"href":"https:\/\/nordicbags.eu\/es\/wp-json\/wp\/v2\/media\/7579"}],"wp:attachment":[{"href":"https:\/\/nordicbags.eu\/es\/wp-json\/wp\/v2\/media?parent=7766"}],"wp:term":[{"taxonomy":"pwb-brand","embeddable":true,"href":"https:\/\/nordicbags.eu\/es\/wp-json\/wp\/v2\/pwb-brand?post=7766"},{"taxonomy":"product_brand","embeddable":true,"href":"https:\/\/nordicbags.eu\/es\/wp-json\/wp\/v2\/product_brand?post=7766"},{"taxonomy":"product_cat","embeddable":true,"href":"https:\/\/nordicbags.eu\/es\/wp-json\/wp\/v2\/product_cat?post=7766"},{"taxonomy":"product_tag","embeddable":true,"href":"https:\/\/nordicbags.eu\/es\/wp-json\/wp\/v2\/product_tag?post=7766"}],"curies":[{"name":"wp","href":"https:\/\/api.w.org\/{rel}","templated":true}]}}