{"id":7770,"date":"2024-02-14T09:38:10","date_gmt":"2024-02-14T09:38:10","guid":{"rendered":"https:\/\/nordicbags.eu\/bolsa-para-chupete-negra\/"},"modified":"2025-05-31T06:43:41","modified_gmt":"2025-05-31T06:43:41","slug":"bolsa-para-chupete-negra","status":"publish","type":"product","link":"https:\/\/nordicbags.eu\/es\/producto\/bolsa-para-chupete-negra\/","title":{"rendered":"Bolsa para chupete &#8211; Negra"},"content":{"rendered":"","protected":false},"excerpt":{"rendered":"<div class=\"entry-content\">\n<p>La bolsa m\u00e1s peque\u00f1a de la colecci\u00f3n \u00c4lly est\u00e1 dise\u00f1ada para guardar chupetes, pero tambi\u00e9n es perfecta para guardar objetos esenciales de los padres, como auriculares peque\u00f1os, b\u00e1lsamo labial, cintas para el pelo o llaves.<\/p>\n<ul>\n<li>Se sujeta firmemente a la bolsa, el cochecito y la silla de coche, y es f\u00e1cil de quitar<\/li>\n<li>Capacidad para 2-3 chupetes<\/li>\n<li>Mantiene los chupetes limpios y seguros<\/li>\n<li>Dimensiones: 7x7x5 cm<\/li>\n<li>S\u00f3lo pesa 50 g<\/li>\n<li>Limpia la bolsa del chupete con un pa\u00f1o h\u00famedo<\/li>\n<li>A\u00f1ade un accesorio multifuncional y brillante a tu bolso \u00c4lly.<\/li>\n<\/ul>\n<p>Silja, fundadora y directora general de \u00c4lly, una marca estonia, y madre de dos hijos, ha creado la marca para ofrecer productos valiosos y \u00fanicos para los padres. \u00c4lly, que se esfuerza por combinar comodidad, estilo y calidad, ofrece soluciones para guardar c\u00f3modamente los art\u00edculos del beb\u00e9. Los productos presentan un dise\u00f1o escandinavo, centrado en la funcionalidad y la sostenibilidad medioambiental. Utilizan materiales cuidadosamente seleccionados, como tejidos duraderos, ligeros y f\u00e1ciles de mantener, que cumplen las normas de seguridad y evitan la crueldad con los animales. El objetivo de \u00c4lly es ofrecer art\u00edculos elegantes y duraderos que crezcan con la familia, reflejando el compromiso de Silja con la calidad y su trayectoria como madre.<\/p>\n<\/div>\n","protected":false},"featured_media":7559,"comment_status":"open","ping_status":"closed","template":"","meta":{"_acf_changed":false},"pwb-brand":[],"product_brand":[],"product_cat":[263],"product_tag":[],"class_list":{"0":"post-7770","1":"product","2":"type-product","3":"status-publish","4":"has-post-thumbnail","6":"product_cat-bolsas-para-panales","8":"first","9":"instock","10":"taxable","11":"shipping-taxable","12":"purchasable","13":"product-type-simple"},"acf":[],"brands":[],"_links":{"self":[{"href":"https:\/\/nordicbags.eu\/es\/wp-json\/wp\/v2\/product\/7770","targetHints":{"allow":["GET"]}}],"collection":[{"href":"https:\/\/nordicbags.eu\/es\/wp-json\/wp\/v2\/product"}],"about":[{"href":"https:\/\/nordicbags.eu\/es\/wp-json\/wp\/v2\/types\/product"}],"replies":[{"embeddable":true,"href":"https:\/\/nordicbags.eu\/es\/wp-json\/wp\/v2\/comments?post=7770"}],"wp:featuredmedia":[{"embeddable":true,"href":"https:\/\/nordicbags.eu\/es\/wp-json\/wp\/v2\/media\/7559"}],"wp:attachment":[{"href":"https:\/\/nordicbags.eu\/es\/wp-json\/wp\/v2\/media?parent=7770"}],"wp:term":[{"taxonomy":"pwb-brand","embeddable":true,"href":"https:\/\/nordicbags.eu\/es\/wp-json\/wp\/v2\/pwb-brand?post=7770"},{"taxonomy":"product_brand","embeddable":true,"href":"https:\/\/nordicbags.eu\/es\/wp-json\/wp\/v2\/product_brand?post=7770"},{"taxonomy":"product_cat","embeddable":true,"href":"https:\/\/nordicbags.eu\/es\/wp-json\/wp\/v2\/product_cat?post=7770"},{"taxonomy":"product_tag","embeddable":true,"href":"https:\/\/nordicbags.eu\/es\/wp-json\/wp\/v2\/product_tag?post=7770"}],"curies":[{"name":"wp","href":"https:\/\/api.w.org\/{rel}","templated":true}]}}