{"id":7771,"date":"2024-02-14T09:37:35","date_gmt":"2024-02-14T09:37:35","guid":{"rendered":"https:\/\/nordicbags.eu\/bolso-bandolera-suvi-xs-azul-mar\/"},"modified":"2024-02-27T10:21:53","modified_gmt":"2024-02-27T10:21:53","slug":"bolso-bandolera-suvi-xs-azul-mar","status":"publish","type":"product","link":"https:\/\/nordicbags.eu\/es\/producto\/bolso-bandolera-suvi-xs-azul-mar\/","title":{"rendered":"Bolso bandolera Suvi XS &#8211; Azul mar"},"content":{"rendered":"","protected":false},"excerpt":{"rendered":"<div class=\"entry-content\">\n<p>ENG: <b>Suvi XS <\/b>es un peque\u00f1o bolso bandolera de piel hecho a mano que tambi\u00e9n puede llevarse como bolso de mano. Suvi XS se ha fabricado con restos de alta calidad procedentes de la fabricaci\u00f3n de muebles. Como cada bolso se fabrica a mano con los materiales sobrantes de la industria del mueble para desperdiciarlos lo menos posible, cada bolso es \u00fanico y su aspecto puede diferir ligeramente del bolso de la foto. La bandolera <b>Suvi XS<\/b> est\u00e1 dise\u00f1ada y fabricada en Estonia. Tama\u00f1o: 23 x 13 cm.<\/p>\n<p>Trendbag fabrica bolsas hechas a mano a partir de los restos de la industria del mueble. Todas las bolsas se dise\u00f1an y fabrican en Estonia. Utilizar restos de la industria del mueble significa que los productos de Trendbag son ecol\u00f3gicos y muy duraderos, ya que la industria del mueble suele tener normas de durabilidad de las prendas mucho m\u00e1s estrictas que las de la industria de las bolsas.<\/p>\n<p>Env\u00edo dentro de la UE: 4-8 d\u00edas laborables.<\/p>\n<\/div>\n","protected":false},"featured_media":7554,"comment_status":"open","ping_status":"closed","template":"","meta":{"_acf_changed":false},"pwb-brand":[],"product_brand":[],"product_cat":[261],"product_tag":[],"class_list":{"0":"post-7771","1":"product","2":"type-product","3":"status-publish","4":"has-post-thumbnail","6":"product_cat-bandoleras","8":"first","9":"instock","10":"taxable","11":"shipping-taxable","12":"purchasable","13":"product-type-simple"},"acf":[],"brands":[],"_links":{"self":[{"href":"https:\/\/nordicbags.eu\/es\/wp-json\/wp\/v2\/product\/7771","targetHints":{"allow":["GET"]}}],"collection":[{"href":"https:\/\/nordicbags.eu\/es\/wp-json\/wp\/v2\/product"}],"about":[{"href":"https:\/\/nordicbags.eu\/es\/wp-json\/wp\/v2\/types\/product"}],"replies":[{"embeddable":true,"href":"https:\/\/nordicbags.eu\/es\/wp-json\/wp\/v2\/comments?post=7771"}],"wp:featuredmedia":[{"embeddable":true,"href":"https:\/\/nordicbags.eu\/es\/wp-json\/wp\/v2\/media\/7554"}],"wp:attachment":[{"href":"https:\/\/nordicbags.eu\/es\/wp-json\/wp\/v2\/media?parent=7771"}],"wp:term":[{"taxonomy":"pwb-brand","embeddable":true,"href":"https:\/\/nordicbags.eu\/es\/wp-json\/wp\/v2\/pwb-brand?post=7771"},{"taxonomy":"product_brand","embeddable":true,"href":"https:\/\/nordicbags.eu\/es\/wp-json\/wp\/v2\/product_brand?post=7771"},{"taxonomy":"product_cat","embeddable":true,"href":"https:\/\/nordicbags.eu\/es\/wp-json\/wp\/v2\/product_cat?post=7771"},{"taxonomy":"product_tag","embeddable":true,"href":"https:\/\/nordicbags.eu\/es\/wp-json\/wp\/v2\/product_tag?post=7771"}],"curies":[{"name":"wp","href":"https:\/\/api.w.org\/{rel}","templated":true}]}}