{"id":7773,"date":"2024-02-14T09:36:17","date_gmt":"2024-02-14T09:36:17","guid":{"rendered":"https:\/\/nordicbags.eu\/bolsa-slim\/"},"modified":"2024-09-03T15:24:01","modified_gmt":"2024-09-03T15:24:01","slug":"bolsa-slim","status":"publish","type":"product","link":"https:\/\/nordicbags.eu\/es\/producto\/bolsa-slim\/","title":{"rendered":"Bolsa Slim"},"content":{"rendered":"","protected":false},"excerpt":{"rendered":"<p>Dise\u00f1ado s\u00f3lo para lo esencial de cada d\u00eda, el complemento m\u00e1s peque\u00f1o y delgado de nuestra gama de productos almacena hasta 8 tarjetas y algunos billetes doblados, si es necesario. Lleva 2 tarjetas en 2 ranuras externas de acceso r\u00e1pido y hasta 6 tarjetas (menos usadas) en el bolsillo central. Su tarjetero de piel no puede ser m\u00e1s peque\u00f1o y sencillo.<\/p>\n<ul>\n<li>Piel de curtido ecol\u00f3gico<\/li>\n<li>Tama\u00f1o: 6,5 cm x 10 cm<\/li>\n<li>Capacidad para 7-8 tarjetas de cr\u00e9dito, 1 en cada ranura externa y hasta 6 en el centro<\/li>\n<li>Presentado en una bolsa de regalo de lona reutilizable<\/li>\n<li>Dise\u00f1ado y fabricado en Estonia<\/li>\n<\/ul>\n","protected":false},"featured_media":7540,"comment_status":"open","ping_status":"closed","template":"","meta":{"_acf_changed":false},"pwb-brand":[],"product_brand":[],"product_cat":[257,277,255,258,256],"product_tag":[],"class_list":{"0":"post-7773","1":"product","2":"type-product","3":"status-publish","4":"has-post-thumbnail","6":"product_cat-billeteros-y-carteras-de-hombre","7":"product_cat-billeteros-mujer","8":"product_cat-billeteros-y-tarjeteros","9":"product_cat-tarjeteros","10":"product_cat-tarjeteros-de-piel","12":"first","13":"outofstock","14":"taxable","15":"shipping-taxable","16":"purchasable","17":"product-type-variable"},"acf":[],"brands":[],"_links":{"self":[{"href":"https:\/\/nordicbags.eu\/es\/wp-json\/wp\/v2\/product\/7773","targetHints":{"allow":["GET"]}}],"collection":[{"href":"https:\/\/nordicbags.eu\/es\/wp-json\/wp\/v2\/product"}],"about":[{"href":"https:\/\/nordicbags.eu\/es\/wp-json\/wp\/v2\/types\/product"}],"replies":[{"embeddable":true,"href":"https:\/\/nordicbags.eu\/es\/wp-json\/wp\/v2\/comments?post=7773"}],"wp:featuredmedia":[{"embeddable":true,"href":"https:\/\/nordicbags.eu\/es\/wp-json\/wp\/v2\/media\/7540"}],"wp:attachment":[{"href":"https:\/\/nordicbags.eu\/es\/wp-json\/wp\/v2\/media?parent=7773"}],"wp:term":[{"taxonomy":"pwb-brand","embeddable":true,"href":"https:\/\/nordicbags.eu\/es\/wp-json\/wp\/v2\/pwb-brand?post=7773"},{"taxonomy":"product_brand","embeddable":true,"href":"https:\/\/nordicbags.eu\/es\/wp-json\/wp\/v2\/product_brand?post=7773"},{"taxonomy":"product_cat","embeddable":true,"href":"https:\/\/nordicbags.eu\/es\/wp-json\/wp\/v2\/product_cat?post=7773"},{"taxonomy":"product_tag","embeddable":true,"href":"https:\/\/nordicbags.eu\/es\/wp-json\/wp\/v2\/product_tag?post=7773"}],"curies":[{"name":"wp","href":"https:\/\/api.w.org\/{rel}","templated":true}]}}