{"id":7776,"date":"2024-02-14T09:31:29","date_gmt":"2024-02-14T09:31:29","guid":{"rendered":"https:\/\/nordicbags.eu\/mochila-impermeable-holar\/"},"modified":"2025-05-30T21:25:55","modified_gmt":"2025-05-30T21:25:55","slug":"mochila-impermeable-holar","status":"publish","type":"product","link":"https:\/\/nordicbags.eu\/es\/producto\/mochila-impermeable-holar\/","title":{"rendered":"Mochila impermeable H\u00d8LAR"},"content":{"rendered":"","protected":false},"excerpt":{"rendered":"<p>Presentamos la <strong>mochila impermeable unisex Nordhale H\u00d8LAR<\/strong>, donde el estilo se une a la funcionalidad. Disponible en dos tama\u00f1os, esta mochila elegante y minimalista empieza siendo espaciosa y puede ampliarse gracias a su dise\u00f1o \u00fanico. La apertura de doble cremallera en la parte superior revela un espacioso compartimento principal con una funda para port\u00e1til de 13 pulgadas, varios bolsillos peque\u00f1os y una pr\u00e1ctica anilla en D para las llaves. Para mayor comodidad, la mochila cuenta con un bolsillo lateral con cremallera para guardar objetos de acceso r\u00e1pido, un asa de transporte resistente y un panel trasero acolchado con correas ajustables para mayor confort durante los desplazamientos. Este es tu accesorio imprescindible para los desplazamientos urbanos y las aventuras al aire libre.<\/p>\n<p><strong>Acerca de Nordhale:<\/strong> En una \u00e9poca de excesos, Nordhale opta por la sencillez. Fundada en 2016, nos centramos en la calidad por encima de la cantidad, abrazando el minimalismo y la sostenibilidad. Cada art\u00edculo de la colecci\u00f3n Nordhale se elabora a mano en colaboraci\u00f3n con artesanos locales, celebrando dise\u00f1os \u00fanicos y atemporales. Nuestras bolsas, fabricadas principalmente con fieltro reciclado, no s\u00f3lo son duraderas e impermeables, sino tambi\u00e9n ligeras. Como defensores de la \u00abmoda lenta\u00bb, ofrecemos una garant\u00eda de 2 a\u00f1os como sello de nuestro compromiso con la calidad y la autenticidad.<\/p>\n<p><strong>Caracter\u00edsticas de la mochila H\u00d8LAR<\/strong><\/p>\n<ul>\n<li>Poli\u00e9ster hidr\u00f3fugo<\/li>\n<li>Resistente a la intemperie<\/li>\n<li>100% hecho a mano en Estonia<\/li>\n<li>Apertura superior con doble cremallera<\/li>\n<li>Bolsillo interior para port\u00e1til<\/li>\n<li>Bolsillo lateral impermeable con cremallera<\/li>\n<li>Envases ecol\u00f3gicos<\/li>\n<\/ul>\n<p><strong>H\u00d8LAR Grande:<\/strong><\/p>\n<p>Capacidad: 25L-28L Bolsillo interior para un port\u00e1til de 16&#8243; Dimensiones: An 40 x Al 53 x Pr 12 cm<\/p>\n<p><strong>H\u00d8LAR Peque\u00f1o:<\/strong><\/p>\n<p>Capacidad: 17L-19L Bolsillo interior para un port\u00e1til de 13&#8243; Dimensiones: An 37 x Al 43 x Pr 11 cm<\/p>\n","protected":false},"featured_media":7505,"comment_status":"open","ping_status":"closed","template":"","meta":{"_acf_changed":false},"pwb-brand":[],"product_brand":[],"product_cat":[242],"product_tag":[],"class_list":{"0":"post-7776","1":"product","2":"type-product","3":"status-publish","4":"has-post-thumbnail","6":"product_cat-mochilas-y-mochilas-de-dia","8":"first","9":"instock","10":"taxable","11":"shipping-taxable","12":"purchasable","13":"product-type-variable"},"acf":[],"brands":[],"_links":{"self":[{"href":"https:\/\/nordicbags.eu\/es\/wp-json\/wp\/v2\/product\/7776","targetHints":{"allow":["GET"]}}],"collection":[{"href":"https:\/\/nordicbags.eu\/es\/wp-json\/wp\/v2\/product"}],"about":[{"href":"https:\/\/nordicbags.eu\/es\/wp-json\/wp\/v2\/types\/product"}],"replies":[{"embeddable":true,"href":"https:\/\/nordicbags.eu\/es\/wp-json\/wp\/v2\/comments?post=7776"}],"wp:featuredmedia":[{"embeddable":true,"href":"https:\/\/nordicbags.eu\/es\/wp-json\/wp\/v2\/media\/7505"}],"wp:attachment":[{"href":"https:\/\/nordicbags.eu\/es\/wp-json\/wp\/v2\/media?parent=7776"}],"wp:term":[{"taxonomy":"pwb-brand","embeddable":true,"href":"https:\/\/nordicbags.eu\/es\/wp-json\/wp\/v2\/pwb-brand?post=7776"},{"taxonomy":"product_brand","embeddable":true,"href":"https:\/\/nordicbags.eu\/es\/wp-json\/wp\/v2\/product_brand?post=7776"},{"taxonomy":"product_cat","embeddable":true,"href":"https:\/\/nordicbags.eu\/es\/wp-json\/wp\/v2\/product_cat?post=7776"},{"taxonomy":"product_tag","embeddable":true,"href":"https:\/\/nordicbags.eu\/es\/wp-json\/wp\/v2\/product_tag?post=7776"}],"curies":[{"name":"wp","href":"https:\/\/api.w.org\/{rel}","templated":true}]}}