{"id":7782,"date":"2024-02-14T09:29:14","date_gmt":"2024-02-14T09:29:14","guid":{"rendered":"https:\/\/nordicbags.eu\/modelo-sling-musgo\/"},"modified":"2024-09-15T12:36:40","modified_gmt":"2024-09-15T12:36:40","slug":"modelo-sling-musgo","status":"publish","type":"product","link":"https:\/\/nordicbags.eu\/es\/producto\/modelo-sling-musgo\/","title":{"rendered":"Modelo Sling &#8211; Musgo"},"content":{"rendered":"","protected":false},"excerpt":{"rendered":"<p><strong>Model Sling<\/strong> es el segundo y m\u00e1s atrevido <strong>intento de<\/strong> Craftory <strong>de crear algo para la mujer moderna<\/strong>. Fabricado en piel de curtido vegetal de 2,5 mm de grosor, este bolso representa la <strong>artesan\u00eda n\u00f3rdica y la resistencia<\/strong>. Su <strong>silueta atemporal y femenina irradia confianza y gracia<\/strong>.<\/p>\n<p>El bolso, muy pr\u00e1ctico, cuenta con un <strong>cierre de cremallera y un bolsillo interior<\/strong>, ideal para guardar objetos esenciales como las llaves. Pero eso no es todo: acomoda sin esfuerzo tus objetos cotidianos, desde tel\u00e9fonos y carteras hasta cepillos para el pelo, cuadernos y gafas de sol.<\/p>\n<p>Model Sling ofrece versatilidad gracias a sus <strong>correas ajustables<\/strong>, que te permiten llevarlo <strong>sobre el hombro<\/strong>, <strong>cruzado sobre el pecho<\/strong> o <strong>drapeado sobre el cuerpo<\/strong>, garantizando que tengas las manos libres con estilo.<\/p>\n<ul>\n<li>Dise\u00f1ado y fabricado en Estonia<\/li>\n<li>Hecho para durar d\u00e9cadas<\/li>\n<li>Cuero curtido de forma ecol\u00f3gica procedente de la curtidur\u00eda T\u00e4rnsj\u00f6, Suecia (negro y co\u00f1ac) \/ Toscana, Italia (galleta)<\/li>\n<li>2 correas de 75 cm y 124 cm<\/li>\n<li>1 bolsillo exterior<\/li>\n<li>Medidas: 25 cm x 16 cm x 10 cm<\/li>\n<li>Cremallera YKK<\/li>\n<li>Su Model Sling llegar\u00e1 en una bolsa de regalo de algod\u00f3n reutilizable<\/li>\n<\/ul>\n","protected":false},"featured_media":7467,"comment_status":"open","ping_status":"closed","template":"","meta":{"_acf_changed":false},"pwb-brand":[],"product_brand":[],"product_cat":[261,251],"product_tag":[],"class_list":{"0":"post-7782","1":"product","2":"type-product","3":"status-publish","4":"has-post-thumbnail","6":"product_cat-bandoleras","7":"product_cat-bolsos","9":"first","10":"outofstock","11":"taxable","12":"shipping-taxable","13":"purchasable","14":"product-type-simple"},"acf":[],"brands":[],"_links":{"self":[{"href":"https:\/\/nordicbags.eu\/es\/wp-json\/wp\/v2\/product\/7782","targetHints":{"allow":["GET"]}}],"collection":[{"href":"https:\/\/nordicbags.eu\/es\/wp-json\/wp\/v2\/product"}],"about":[{"href":"https:\/\/nordicbags.eu\/es\/wp-json\/wp\/v2\/types\/product"}],"replies":[{"embeddable":true,"href":"https:\/\/nordicbags.eu\/es\/wp-json\/wp\/v2\/comments?post=7782"}],"wp:featuredmedia":[{"embeddable":true,"href":"https:\/\/nordicbags.eu\/es\/wp-json\/wp\/v2\/media\/7467"}],"wp:attachment":[{"href":"https:\/\/nordicbags.eu\/es\/wp-json\/wp\/v2\/media?parent=7782"}],"wp:term":[{"taxonomy":"pwb-brand","embeddable":true,"href":"https:\/\/nordicbags.eu\/es\/wp-json\/wp\/v2\/pwb-brand?post=7782"},{"taxonomy":"product_brand","embeddable":true,"href":"https:\/\/nordicbags.eu\/es\/wp-json\/wp\/v2\/product_brand?post=7782"},{"taxonomy":"product_cat","embeddable":true,"href":"https:\/\/nordicbags.eu\/es\/wp-json\/wp\/v2\/product_cat?post=7782"},{"taxonomy":"product_tag","embeddable":true,"href":"https:\/\/nordicbags.eu\/es\/wp-json\/wp\/v2\/product_tag?post=7782"}],"curies":[{"name":"wp","href":"https:\/\/api.w.org\/{rel}","templated":true}]}}