{"id":7786,"date":"2024-02-14T09:23:44","date_gmt":"2024-02-14T09:23:44","guid":{"rendered":"https:\/\/nordicbags.eu\/tote-reflectante-dot\/"},"modified":"2024-09-03T15:13:27","modified_gmt":"2024-09-03T15:13:27","slug":"tote-reflectante-dot","status":"publish","type":"product","link":"https:\/\/nordicbags.eu\/es\/producto\/tote-reflectante-dot\/","title":{"rendered":"Tote reflectante DOT"},"content":{"rendered":"","protected":false},"excerpt":{"rendered":"<p><strong>\u00a1La bolsa reflectante MARCH al rescate!<\/strong><\/p>\n<p>Deja tu reflector anticuado en el estante superior. Hazte con este bolso dise\u00f1ado para descubrirte. Mantente visible y seguro por la noche. Queda bien al amanecer. S\u00e9 due\u00f1o de tus pertenencias para que ellas no lo sean de ti.<\/p>\n<p>MARCH Design Studio es una empresa de desarrollo de productos fundada en 2012. Empez\u00f3 como una empresa local en Vilna y, al cabo de unos a\u00f1os, el estudio se ha convertido en una marca reconocida internacionalmente, con productos vendidos en m\u00e1s de 50 pa\u00edses de todo el mundo.<\/p>\n<ul>\n<li>Impresi\u00f3n y textil duraderos y reflectantes<\/li>\n<li>Bolsillo interior<\/li>\n<li>Empaquetado en un bonito sobre de cart\u00f3n negro<\/li>\n<li>Material: 65% poli\u00e9ster, 35% algod\u00f3n<\/li>\n<li>OEKO-TEX\u00ae EST\u00c1NDAR 100<\/li>\n<li>35 x 42 cm<\/li>\n<li>Fabricado en Europa<\/li>\n<li>Dise\u00f1ado por Martynas Kazimier\u0117nas<\/li>\n<\/ul>\n<p>Env\u00edo dentro de la UE: 4-8 d\u00edas laborables. Env\u00edo dentro del B\u00e1ltico y Finlandia: 2-5 d\u00edas laborables.<\/p>\n","protected":false},"featured_media":7441,"comment_status":"open","ping_status":"closed","template":"","meta":{"_acf_changed":false},"pwb-brand":[],"product_brand":[],"product_cat":[261,251],"product_tag":[],"class_list":{"0":"post-7786","1":"product","2":"type-product","3":"status-publish","4":"has-post-thumbnail","6":"product_cat-bandoleras","7":"product_cat-bolsos","9":"first","10":"instock","11":"taxable","12":"shipping-taxable","13":"purchasable","14":"product-type-simple"},"acf":[],"brands":[],"_links":{"self":[{"href":"https:\/\/nordicbags.eu\/es\/wp-json\/wp\/v2\/product\/7786","targetHints":{"allow":["GET"]}}],"collection":[{"href":"https:\/\/nordicbags.eu\/es\/wp-json\/wp\/v2\/product"}],"about":[{"href":"https:\/\/nordicbags.eu\/es\/wp-json\/wp\/v2\/types\/product"}],"replies":[{"embeddable":true,"href":"https:\/\/nordicbags.eu\/es\/wp-json\/wp\/v2\/comments?post=7786"}],"wp:featuredmedia":[{"embeddable":true,"href":"https:\/\/nordicbags.eu\/es\/wp-json\/wp\/v2\/media\/7441"}],"wp:attachment":[{"href":"https:\/\/nordicbags.eu\/es\/wp-json\/wp\/v2\/media?parent=7786"}],"wp:term":[{"taxonomy":"pwb-brand","embeddable":true,"href":"https:\/\/nordicbags.eu\/es\/wp-json\/wp\/v2\/pwb-brand?post=7786"},{"taxonomy":"product_brand","embeddable":true,"href":"https:\/\/nordicbags.eu\/es\/wp-json\/wp\/v2\/product_brand?post=7786"},{"taxonomy":"product_cat","embeddable":true,"href":"https:\/\/nordicbags.eu\/es\/wp-json\/wp\/v2\/product_cat?post=7786"},{"taxonomy":"product_tag","embeddable":true,"href":"https:\/\/nordicbags.eu\/es\/wp-json\/wp\/v2\/product_tag?post=7786"}],"curies":[{"name":"wp","href":"https:\/\/api.w.org\/{rel}","templated":true}]}}