{"id":7789,"date":"2024-02-14T09:15:50","date_gmt":"2024-02-14T09:15:50","guid":{"rendered":"https:\/\/nordicbags.eu\/rinonera-y-bandolera\/"},"modified":"2024-02-27T10:24:22","modified_gmt":"2024-02-27T10:24:22","slug":"rinonera-y-bandolera","status":"publish","type":"product","link":"https:\/\/nordicbags.eu\/es\/producto\/rinonera-y-bandolera\/","title":{"rendered":"Ri\u00f1onera y bandolera"},"content":{"rendered":"","protected":false},"excerpt":{"rendered":"<div class=\"entry-content\">\n<p>ENG: Ri\u00f1onera hecha a mano por <strong>Gerda Retter<\/strong> que tambi\u00e9n puede llevarse como bandolera. El bolso est\u00e1 fabricado en piel aut\u00e9ntica de Espa\u00f1a. El bolso tiene una correa ajustable y un cierre magn\u00e9tico. En el interior, hay un bolsillo con cremallera para monedas y 4 ranuras para tarjetas.<\/p>\n<p>Gerda Retter es una dise\u00f1adora de accesorios estonia que cre\u00f3 su marca en 2016 mientras estudiaba en la Escuela Superior de Arte de Tartu en el campo del dise\u00f1o de cuero. Adem\u00e1s, Gerda ha estudiado bajo la direcci\u00f3n de maestros del dise\u00f1o de accesorios tanto en Italia como en Hungr\u00eda. <strong>Gerda fue nominada al concurso Design-a-Bag de Hong Kong en 2015 y lleva varios a\u00f1os optando al Premio BRUNO del Premio de Dise\u00f1o de Estonia.<\/strong><\/p>\n<ul>\n<li>Tama\u00f1o: 20 cm x 12 cm x 14 cm<\/li>\n<li>Correa larga: 100-136 cm<\/li>\n<li>Correa corta: 62-102 cm<\/li>\n<li>Material: cuero espa\u00f1ol de alta calidad<\/li>\n<li>Dise\u00f1ado y hecho a mano en Estonia<\/li>\n<\/ul>\n<p>Entrega en la UE: 4-10 d\u00edas laborables<\/p>\n<\/div>\n","protected":false},"featured_media":7387,"comment_status":"open","ping_status":"closed","template":"","meta":{"_acf_changed":false},"pwb-brand":[],"product_brand":[],"product_cat":[261,272],"product_tag":[],"class_list":{"0":"post-7789","1":"product","2":"type-product","3":"status-publish","4":"has-post-thumbnail","6":"product_cat-bandoleras","7":"product_cat-rinoneras","9":"first","10":"outofstock","11":"taxable","12":"shipping-taxable","13":"purchasable","14":"product-type-variable"},"acf":[],"brands":[],"_links":{"self":[{"href":"https:\/\/nordicbags.eu\/es\/wp-json\/wp\/v2\/product\/7789","targetHints":{"allow":["GET"]}}],"collection":[{"href":"https:\/\/nordicbags.eu\/es\/wp-json\/wp\/v2\/product"}],"about":[{"href":"https:\/\/nordicbags.eu\/es\/wp-json\/wp\/v2\/types\/product"}],"replies":[{"embeddable":true,"href":"https:\/\/nordicbags.eu\/es\/wp-json\/wp\/v2\/comments?post=7789"}],"wp:featuredmedia":[{"embeddable":true,"href":"https:\/\/nordicbags.eu\/es\/wp-json\/wp\/v2\/media\/7387"}],"wp:attachment":[{"href":"https:\/\/nordicbags.eu\/es\/wp-json\/wp\/v2\/media?parent=7789"}],"wp:term":[{"taxonomy":"pwb-brand","embeddable":true,"href":"https:\/\/nordicbags.eu\/es\/wp-json\/wp\/v2\/pwb-brand?post=7789"},{"taxonomy":"product_brand","embeddable":true,"href":"https:\/\/nordicbags.eu\/es\/wp-json\/wp\/v2\/product_brand?post=7789"},{"taxonomy":"product_cat","embeddable":true,"href":"https:\/\/nordicbags.eu\/es\/wp-json\/wp\/v2\/product_cat?post=7789"},{"taxonomy":"product_tag","embeddable":true,"href":"https:\/\/nordicbags.eu\/es\/wp-json\/wp\/v2\/product_tag?post=7789"}],"curies":[{"name":"wp","href":"https:\/\/api.w.org\/{rel}","templated":true}]}}