{"id":7810,"date":"2024-02-14T09:08:05","date_gmt":"2024-02-14T09:08:05","guid":{"rendered":"https:\/\/nordicbags.eu\/mochila-romeo\/"},"modified":"2024-09-15T12:36:46","modified_gmt":"2024-09-15T12:36:46","slug":"mochila-romeo","status":"publish","type":"product","link":"https:\/\/nordicbags.eu\/es\/producto\/mochila-romeo\/","title":{"rendered":"Mochila Romeo"},"content":{"rendered":"","protected":false},"excerpt":{"rendered":"<p>Confeccionada en piel natural de primera calidad, la mochila Romeo no es s\u00f3lo un accesorio para llevar, sino una declaraci\u00f3n de sofisticaci\u00f3n.<\/p>\n<p>Romeo est\u00e1 dise\u00f1ado para que quepan f\u00e1cilmente tus objetos de uso diario. Sus dimensiones lo convierten en una opci\u00f3n perfecta tanto para salidas profesionales como informales<\/p>\n<p>Detalles:<\/p>\n<ul>\n<li>Dimensiones: 34 x 40 x 6 cm<\/li>\n<li>Tirantes de longitud ajustable<\/li>\n<li>Cierre magn\u00e9tico<\/li>\n<li>Cabe un port\u00e1til de 13&#8243;, documentos<\/li>\n<li>Hecho a mano en Lituania<\/li>\n<\/ul>\n<p>PYKOK es una marca contempor\u00e1nea de accesorios de piel que crea piezas estructurales y llamativas.<br \/>\nSe utilizan formas geom\u00e9tricas limpias e indicativas para acentuar y dar forma al cuerpo.<br \/>\nLos accesorios universales y caracter\u00edsticos pueden transformar un atuendo sencillo en un look femenino \u00fanico.  <\/p>\n","protected":false},"featured_media":7317,"comment_status":"open","ping_status":"closed","template":"","meta":{"_acf_changed":false},"pwb-brand":[],"product_brand":[],"product_cat":[242],"product_tag":[],"class_list":{"0":"post-7810","1":"product","2":"type-product","3":"status-publish","4":"has-post-thumbnail","6":"product_cat-mochilas-y-mochilas-de-dia","8":"first","9":"instock","10":"taxable","11":"shipping-taxable","12":"purchasable","13":"product-type-simple"},"acf":[],"brands":[],"_links":{"self":[{"href":"https:\/\/nordicbags.eu\/es\/wp-json\/wp\/v2\/product\/7810","targetHints":{"allow":["GET"]}}],"collection":[{"href":"https:\/\/nordicbags.eu\/es\/wp-json\/wp\/v2\/product"}],"about":[{"href":"https:\/\/nordicbags.eu\/es\/wp-json\/wp\/v2\/types\/product"}],"replies":[{"embeddable":true,"href":"https:\/\/nordicbags.eu\/es\/wp-json\/wp\/v2\/comments?post=7810"}],"wp:featuredmedia":[{"embeddable":true,"href":"https:\/\/nordicbags.eu\/es\/wp-json\/wp\/v2\/media\/7317"}],"wp:attachment":[{"href":"https:\/\/nordicbags.eu\/es\/wp-json\/wp\/v2\/media?parent=7810"}],"wp:term":[{"taxonomy":"pwb-brand","embeddable":true,"href":"https:\/\/nordicbags.eu\/es\/wp-json\/wp\/v2\/pwb-brand?post=7810"},{"taxonomy":"product_brand","embeddable":true,"href":"https:\/\/nordicbags.eu\/es\/wp-json\/wp\/v2\/product_brand?post=7810"},{"taxonomy":"product_cat","embeddable":true,"href":"https:\/\/nordicbags.eu\/es\/wp-json\/wp\/v2\/product_cat?post=7810"},{"taxonomy":"product_tag","embeddable":true,"href":"https:\/\/nordicbags.eu\/es\/wp-json\/wp\/v2\/product_tag?post=7810"}],"curies":[{"name":"wp","href":"https:\/\/api.w.org\/{rel}","templated":true}]}}