{"id":7811,"date":"2024-02-14T09:03:24","date_gmt":"2024-02-14T09:03:24","guid":{"rendered":"https:\/\/nordicbags.eu\/monedero-heavy-metal\/"},"modified":"2024-09-03T15:15:51","modified_gmt":"2024-09-03T15:15:51","slug":"monedero-heavy-metal","status":"publish","type":"product","link":"https:\/\/nordicbags.eu\/es\/producto\/monedero-heavy-metal\/","title":{"rendered":"Monedero Heavy Metal"},"content":{"rendered":"","protected":false},"excerpt":{"rendered":"<p>El monedero <strong>Heavy Metal<\/strong> de piel curtida al vegetal est\u00e1 disponible en dos tama\u00f1os. Peque\u00f1o nido de cuero para monedas y billetes. El m\u00e1s grande tiene una ranura especial para tarjetas.<\/p>\n<p><strong>Stella Soomlais:<\/strong> Respetamos mucho los materiales que utilizamos. Nuestros dise\u00f1os est\u00e1n pensados para minimizar los restos de corte.  <strong>Hasta ahora, hemos conseguido reducir los restos a s\u00f3lo un 2-4%.<\/strong>  Nuestro objetivo es llegar a cero residuos en los pr\u00f3ximos a\u00f1os. Los dise\u00f1os de las bolsas siguen nuestro propio concepto circular, que llamamos Ronda 2. Nos permite dar al producto y al material la mayor vida \u00fatil. Por eso el dise\u00f1o de nuestros bolsos es minimalista y sin adornos: todos los detalles tienen una funci\u00f3n. Como se utiliza piel de acabado natural de alta calidad, la parte decorativa la hace el propio material: con el tiempo, tendr\u00e1 una gran p\u00e1tina y contar\u00e1 su historia. Las piezas intercambiables facilitan el mantenimiento y el cuidado posterior. El lavado de cara de los productos usados es f\u00e1cil y nos permite dirigir las bolsas renovadas a las siguientes rondas de uso. La extensa superficie del material, sin costuras, tambi\u00e9n permite redise\u00f1arlo si es necesario (por ejemplo, si se producen manchas y ara\u00f1azos, es posible a\u00f1adir un bolsillo, etc.) o crear algo totalmente nuevo con el material usado.<\/p>\n<ul>\n<li>Piel de curtido vegetal fabricada de forma responsable<\/li>\n<li>Medidas para peque\u00f1o: 10 x 7 cm<\/li>\n<li>Medidas para Medium (con ranura para tarjetas): 8 x 11 cm<\/li>\n<li>Hecho a mano en Estonia, Europa<\/li>\n<li>Todas las bolsas se fabrican por encargo y se entregan en 10 d\u00edas laborables<\/li>\n<\/ul>\n","protected":false},"featured_media":7301,"comment_status":"open","ping_status":"closed","template":"","meta":{"_acf_changed":false},"pwb-brand":[],"product_brand":[],"product_cat":[257,277,255,276],"product_tag":[],"class_list":{"0":"post-7811","1":"product","2":"type-product","3":"status-publish","4":"has-post-thumbnail","6":"product_cat-billeteros-y-carteras-de-hombre","7":"product_cat-billeteros-mujer","8":"product_cat-billeteros-y-tarjeteros","9":"product_cat-carteras-de-piel","11":"first","12":"instock","13":"taxable","14":"shipping-taxable","15":"purchasable","16":"product-type-variable"},"acf":[],"brands":[],"_links":{"self":[{"href":"https:\/\/nordicbags.eu\/es\/wp-json\/wp\/v2\/product\/7811","targetHints":{"allow":["GET"]}}],"collection":[{"href":"https:\/\/nordicbags.eu\/es\/wp-json\/wp\/v2\/product"}],"about":[{"href":"https:\/\/nordicbags.eu\/es\/wp-json\/wp\/v2\/types\/product"}],"replies":[{"embeddable":true,"href":"https:\/\/nordicbags.eu\/es\/wp-json\/wp\/v2\/comments?post=7811"}],"wp:featuredmedia":[{"embeddable":true,"href":"https:\/\/nordicbags.eu\/es\/wp-json\/wp\/v2\/media\/7301"}],"wp:attachment":[{"href":"https:\/\/nordicbags.eu\/es\/wp-json\/wp\/v2\/media?parent=7811"}],"wp:term":[{"taxonomy":"pwb-brand","embeddable":true,"href":"https:\/\/nordicbags.eu\/es\/wp-json\/wp\/v2\/pwb-brand?post=7811"},{"taxonomy":"product_brand","embeddable":true,"href":"https:\/\/nordicbags.eu\/es\/wp-json\/wp\/v2\/product_brand?post=7811"},{"taxonomy":"product_cat","embeddable":true,"href":"https:\/\/nordicbags.eu\/es\/wp-json\/wp\/v2\/product_cat?post=7811"},{"taxonomy":"product_tag","embeddable":true,"href":"https:\/\/nordicbags.eu\/es\/wp-json\/wp\/v2\/product_tag?post=7811"}],"curies":[{"name":"wp","href":"https:\/\/api.w.org\/{rel}","templated":true}]}}