{"id":7816,"date":"2024-02-14T09:02:46","date_gmt":"2024-02-14T09:02:46","guid":{"rendered":"https:\/\/nordicbags.eu\/tour-portemonnaie-galleta\/"},"modified":"2024-09-03T15:25:36","modified_gmt":"2024-09-03T15:25:36","slug":"tour-portemonnaie-galleta","status":"publish","type":"product","link":"https:\/\/nordicbags.eu\/es\/producto\/tour-portemonnaie-galleta\/","title":{"rendered":"Tour Portemonnaie &#8211; Galleta"},"content":{"rendered":"","protected":false},"excerpt":{"rendered":"<p>Este viejo vagabundo ha estado en muchos lugares del mundo, acompa\u00f1ado de muchos pasaportes diferentes. Tambi\u00e9n puede llevar sin problemas unas cuantas tarjetas de cr\u00e9dito y la tarjeta de embarque. El objetivo de Tour Portemonnaie es reducir el estr\u00e9s en el aeropuerto reuniendo todos los art\u00edculos esenciales en un solo lugar. Ah, y no te preocupes, \u00a1tampoco empezar\u00e1 a hacer ruidos raros en el control de seguridad! Adem\u00e1s, \u00a1funciono perfectamente como cartera normal y corriente! Est\u00e1 dise\u00f1ado y fabricado a mano en Estonia.<\/p>\n<ul>\n<li>Material: piel de curtido ecol\u00f3gico de la Toscana (Italia)<\/li>\n<li>Tama\u00f1o: 14 cm x 9,8 cm<\/li>\n<li>2 ranuras para tarjetas de f\u00e1cil acceso<\/li>\n<li>Cabe el pasaporte y la tarjeta de embarque<\/li>\n<li>Presentado en una bolsa de regalo de lona reutilizable<\/li>\n<li>Dise\u00f1ado y fabricado en Estonia<\/li>\n<\/ul>\n","protected":false},"featured_media":7287,"comment_status":"open","ping_status":"closed","template":"","meta":{"_acf_changed":false},"pwb-brand":[],"product_brand":[],"product_cat":[255],"product_tag":[],"class_list":{"0":"post-7816","1":"product","2":"type-product","3":"status-publish","4":"has-post-thumbnail","6":"product_cat-billeteros-y-tarjeteros","8":"first","9":"outofstock","10":"taxable","11":"shipping-taxable","12":"purchasable","13":"product-type-simple"},"acf":[],"brands":[],"_links":{"self":[{"href":"https:\/\/nordicbags.eu\/es\/wp-json\/wp\/v2\/product\/7816","targetHints":{"allow":["GET"]}}],"collection":[{"href":"https:\/\/nordicbags.eu\/es\/wp-json\/wp\/v2\/product"}],"about":[{"href":"https:\/\/nordicbags.eu\/es\/wp-json\/wp\/v2\/types\/product"}],"replies":[{"embeddable":true,"href":"https:\/\/nordicbags.eu\/es\/wp-json\/wp\/v2\/comments?post=7816"}],"wp:featuredmedia":[{"embeddable":true,"href":"https:\/\/nordicbags.eu\/es\/wp-json\/wp\/v2\/media\/7287"}],"wp:attachment":[{"href":"https:\/\/nordicbags.eu\/es\/wp-json\/wp\/v2\/media?parent=7816"}],"wp:term":[{"taxonomy":"pwb-brand","embeddable":true,"href":"https:\/\/nordicbags.eu\/es\/wp-json\/wp\/v2\/pwb-brand?post=7816"},{"taxonomy":"product_brand","embeddable":true,"href":"https:\/\/nordicbags.eu\/es\/wp-json\/wp\/v2\/product_brand?post=7816"},{"taxonomy":"product_cat","embeddable":true,"href":"https:\/\/nordicbags.eu\/es\/wp-json\/wp\/v2\/product_cat?post=7816"},{"taxonomy":"product_tag","embeddable":true,"href":"https:\/\/nordicbags.eu\/es\/wp-json\/wp\/v2\/product_tag?post=7816"}],"curies":[{"name":"wp","href":"https:\/\/api.w.org\/{rel}","templated":true}]}}