{"id":7817,"date":"2024-02-14T08:53:59","date_gmt":"2024-02-14T08:53:59","guid":{"rendered":"https:\/\/nordicbags.eu\/bolsa-de-viaje-o-deporte-de-piel-20l-de-capacidad-negra\/"},"modified":"2025-05-30T05:35:34","modified_gmt":"2025-05-30T05:35:34","slug":"bolsa-de-viaje-o-deporte-de-piel-20l-de-capacidad-negra","status":"publish","type":"product","link":"https:\/\/nordicbags.eu\/es\/producto\/bolsa-de-viaje-o-deporte-de-piel-20l-de-capacidad-negra\/","title":{"rendered":"Bolsa de viaje o deporte de piel, 20L de capacidad &#8211; Negra"},"content":{"rendered":"","protected":false},"excerpt":{"rendered":"<p>Fabricada en piel de primera calidad, esta elegante bolsa de 20 litros es tu <strong>compa\u00f1era para viajes de un d\u00eda, sesiones de gimnasio y todo lo dem\u00e1s<\/strong>.<\/p>\n<p>Con unas medidas de 45 x 27 x 22 cm, est\u00e1 dise\u00f1ada para <strong>cumplir las normas de equipaje de mano de las aerol\u00edneas<\/strong>, por lo que es una opci\u00f3n sin complicaciones para viajar en avi\u00f3n. El resistente material de cuero garantiza que <strong>la bolsa le servir\u00e1 durante mucho<\/strong> tiempo, envejeciendo con gracia con cada aventura. Los dos bolsillos adicionales de la bolsa ayudan a mantener organizados tus objetos esenciales, tanto si haces la maleta para una escapada r\u00e1pida como para tu equipo de entrenamiento. Viene con una correa de hombro desmontable, que ofrece opciones de transporte vers\u00e1tiles para adaptarse a su comodidad, y un bolsillo interior con cremallera para guardar sus objetos de valor. Con un peso de s\u00f3lo 1,2 kg, esta bolsa no s\u00f3lo es elegante, sino tambi\u00e9n pr\u00e1ctica para quienes llevan un estilo de vida activo y valoran la eficacia y la elegancia en sus accesorios.<\/p>\n<p>Info:<\/p>\n<ul>\n<li>Medidas: 45 x 27 x 22 cm<\/li>\n<li>Dise\u00f1ado para cumplir las normas de equipaje de mano de las compa\u00f1\u00edas a\u00e9reas<\/li>\n<li>Peso: 1,2 kg<\/li>\n<li>Capacidad: 20 L<\/li>\n<li>Bandolera desmontable<\/li>\n<li>Bolsillo interior con cremallera<\/li>\n<li>Fabricado en Estonia<\/li>\n<\/ul>\n","protected":false},"featured_media":7211,"comment_status":"open","ping_status":"closed","template":"","meta":{"_acf_changed":false},"pwb-brand":[],"product_brand":[],"product_cat":[241],"product_tag":[],"class_list":{"0":"post-7817","1":"product","2":"type-product","3":"status-publish","4":"has-post-thumbnail","6":"product_cat-bolsas-de-viaje","8":"first","9":"instock","10":"taxable","11":"shipping-taxable","12":"purchasable","13":"product-type-simple"},"acf":[],"brands":[],"_links":{"self":[{"href":"https:\/\/nordicbags.eu\/es\/wp-json\/wp\/v2\/product\/7817","targetHints":{"allow":["GET"]}}],"collection":[{"href":"https:\/\/nordicbags.eu\/es\/wp-json\/wp\/v2\/product"}],"about":[{"href":"https:\/\/nordicbags.eu\/es\/wp-json\/wp\/v2\/types\/product"}],"replies":[{"embeddable":true,"href":"https:\/\/nordicbags.eu\/es\/wp-json\/wp\/v2\/comments?post=7817"}],"wp:featuredmedia":[{"embeddable":true,"href":"https:\/\/nordicbags.eu\/es\/wp-json\/wp\/v2\/media\/7211"}],"wp:attachment":[{"href":"https:\/\/nordicbags.eu\/es\/wp-json\/wp\/v2\/media?parent=7817"}],"wp:term":[{"taxonomy":"pwb-brand","embeddable":true,"href":"https:\/\/nordicbags.eu\/es\/wp-json\/wp\/v2\/pwb-brand?post=7817"},{"taxonomy":"product_brand","embeddable":true,"href":"https:\/\/nordicbags.eu\/es\/wp-json\/wp\/v2\/product_brand?post=7817"},{"taxonomy":"product_cat","embeddable":true,"href":"https:\/\/nordicbags.eu\/es\/wp-json\/wp\/v2\/product_cat?post=7817"},{"taxonomy":"product_tag","embeddable":true,"href":"https:\/\/nordicbags.eu\/es\/wp-json\/wp\/v2\/product_tag?post=7817"}],"curies":[{"name":"wp","href":"https:\/\/api.w.org\/{rel}","templated":true}]}}