{"id":7818,"date":"2023-02-28T06:21:37","date_gmt":"2023-02-28T06:21:37","guid":{"rendered":"https:\/\/nordicbags.eu\/estuche-neceser-daydreamer-negro\/"},"modified":"2024-09-15T12:35:34","modified_gmt":"2024-09-15T12:35:34","slug":"estuche-neceser-daydreamer-negro","status":"publish","type":"product","link":"https:\/\/nordicbags.eu\/es\/producto\/estuche-neceser-daydreamer-negro\/","title":{"rendered":"Estuche \/ Neceser Daydreamer &#8211; Negro"},"content":{"rendered":"","protected":false},"excerpt":{"rendered":"<p>El <strong>portal\u00e1pices de piel<\/strong> Stella Soomlais <strong>Daydreamer<\/strong> no es s\u00f3lo una pr\u00e1ctica soluci\u00f3n para guardar tus l\u00e1pices favoritos, sino un accesorio con estilo del que estar\u00e1s orgullosa de presumir. Fabricado con piel de curtido vegetal, resistente y elegante a la vez, este estuche est\u00e1 dise\u00f1ado para durar muchos a\u00f1os. \u00bfPor qu\u00e9 conformarse con un estuche normal y corriente cuando puede tener un Ferrari de estuches? Ah, y mucha gente tambi\u00e9n lo utiliza como neceser. <strong>Stella Soomlais<\/strong> es una aclamada marca de dise\u00f1o de Estonia que crea y produce todos sus art\u00edculos localmente. Su objetivo es crear bolsos y accesorios funcionales y duraderos, fabricados con responsabilidad. Adem\u00e1s, cada art\u00edculo se elabora de forma exclusiva por encargo.<\/p>\n<ul>\n<li>Piel de curtido vegetal<\/li>\n<li>Dimensiones: 20 x 6 x 6 cm<\/li>\n<li>Dise\u00f1ado y fabricado en Estonia<\/li>\n<\/ul>\n","protected":false},"featured_media":5679,"comment_status":"open","ping_status":"closed","template":"","meta":{"_acf_changed":false},"pwb-brand":[288],"product_brand":[],"product_cat":[275,280,249],"product_tag":[],"class_list":{"0":"post-7818","1":"product","2":"type-product","3":"status-publish","4":"has-post-thumbnail","6":"pwb-brand-stella-soomlais-es","7":"product_cat-accesorios","8":"product_cat-bolsas-de-maquillaje-y-cosmeticos","9":"product_cat-bolsos-de-piel","10":"product_shipping_class-por-encargo","12":"first","13":"instock","14":"taxable","15":"shipping-taxable","16":"purchasable","17":"product-type-variable"},"acf":[],"brands":[{"id":288,"name":"Stella Soomlais","slug":"stella-soomlais-es"}],"_links":{"self":[{"href":"https:\/\/nordicbags.eu\/es\/wp-json\/wp\/v2\/product\/7818","targetHints":{"allow":["GET"]}}],"collection":[{"href":"https:\/\/nordicbags.eu\/es\/wp-json\/wp\/v2\/product"}],"about":[{"href":"https:\/\/nordicbags.eu\/es\/wp-json\/wp\/v2\/types\/product"}],"replies":[{"embeddable":true,"href":"https:\/\/nordicbags.eu\/es\/wp-json\/wp\/v2\/comments?post=7818"}],"wp:featuredmedia":[{"embeddable":true,"href":"https:\/\/nordicbags.eu\/es\/wp-json\/wp\/v2\/media\/5679"}],"wp:attachment":[{"href":"https:\/\/nordicbags.eu\/es\/wp-json\/wp\/v2\/media?parent=7818"}],"wp:term":[{"taxonomy":"pwb-brand","embeddable":true,"href":"https:\/\/nordicbags.eu\/es\/wp-json\/wp\/v2\/pwb-brand?post=7818"},{"taxonomy":"product_brand","embeddable":true,"href":"https:\/\/nordicbags.eu\/es\/wp-json\/wp\/v2\/product_brand?post=7818"},{"taxonomy":"product_cat","embeddable":true,"href":"https:\/\/nordicbags.eu\/es\/wp-json\/wp\/v2\/product_cat?post=7818"},{"taxonomy":"product_tag","embeddable":true,"href":"https:\/\/nordicbags.eu\/es\/wp-json\/wp\/v2\/product_tag?post=7818"}],"curies":[{"name":"wp","href":"https:\/\/api.w.org\/{rel}","templated":true}]}}