{"id":7821,"date":"2023-02-28T06:18:05","date_gmt":"2023-02-28T06:18:05","guid":{"rendered":"https:\/\/nordicbags.eu\/bolso-wine-dine-negro\/"},"modified":"2025-05-29T21:39:24","modified_gmt":"2025-05-29T21:39:24","slug":"bolso-wine-dine-negro","status":"publish","type":"product","link":"https:\/\/nordicbags.eu\/es\/producto\/bolso-wine-dine-negro\/","title":{"rendered":"Bolso Wine &amp; Dine &#8211; Negro"},"content":{"rendered":"","protected":false},"excerpt":{"rendered":"<p>El bolso de noche <strong>Wine &amp; Dine<\/strong> es para esas ocasiones en las que la gente que te rodea es el centro de atenci\u00f3n, y s\u00f3lo necesitas llevar unos pocos objetos esenciales. Dise\u00f1ado pensando en sus necesidades, este elegante bolso cuenta con dos compartimentos, un pr\u00e1ctico bolsillo para sus tarjetas y un cierre magn\u00e9tico para mantenerlo todo seguro. Puedes elegir entre 3 estilos diferentes de correa: correa de piel con dos cadenas de metal, correa de piel con dos cadenas de cuero y cadena larga de metal.<\/p>\n<p><strong>Stella Soomlais<\/strong> es una aclamada marca de dise\u00f1o de Estonia que crea y produce todos sus art\u00edculos localmente. Su objetivo es crear bolsos y accesorios funcionales y duraderos, fabricados con responsabilidad. Adem\u00e1s, cada art\u00edculo se elabora de forma exclusiva por encargo.<\/p>\n<ul>\n<li>Piel de curtido vegetal<\/li>\n<li>Dimensiones: 23 x 14 x 2,5 cm<\/li>\n<li>Ancho de la correa de cuero: 1,5 cm<\/li>\n<li>Dise\u00f1ado y fabricado en Estonia<\/li>\n<\/ul>\n","protected":false},"featured_media":5644,"comment_status":"open","ping_status":"closed","template":"","meta":{"_acf_changed":false},"pwb-brand":[288],"product_brand":[],"product_cat":[261,251,249],"product_tag":[],"class_list":{"0":"post-7821","1":"product","2":"type-product","3":"status-publish","4":"has-post-thumbnail","6":"pwb-brand-stella-soomlais-es","7":"product_cat-bandoleras","8":"product_cat-bolsos","9":"product_cat-bolsos-de-piel","10":"product_shipping_class-por-encargo","12":"first","13":"outofstock","14":"taxable","15":"shipping-taxable","16":"purchasable","17":"product-type-variable"},"acf":[],"brands":[{"id":288,"name":"Stella Soomlais","slug":"stella-soomlais-es"}],"_links":{"self":[{"href":"https:\/\/nordicbags.eu\/es\/wp-json\/wp\/v2\/product\/7821","targetHints":{"allow":["GET"]}}],"collection":[{"href":"https:\/\/nordicbags.eu\/es\/wp-json\/wp\/v2\/product"}],"about":[{"href":"https:\/\/nordicbags.eu\/es\/wp-json\/wp\/v2\/types\/product"}],"replies":[{"embeddable":true,"href":"https:\/\/nordicbags.eu\/es\/wp-json\/wp\/v2\/comments?post=7821"}],"wp:featuredmedia":[{"embeddable":true,"href":"https:\/\/nordicbags.eu\/es\/wp-json\/wp\/v2\/media\/5644"}],"wp:attachment":[{"href":"https:\/\/nordicbags.eu\/es\/wp-json\/wp\/v2\/media?parent=7821"}],"wp:term":[{"taxonomy":"pwb-brand","embeddable":true,"href":"https:\/\/nordicbags.eu\/es\/wp-json\/wp\/v2\/pwb-brand?post=7821"},{"taxonomy":"product_brand","embeddable":true,"href":"https:\/\/nordicbags.eu\/es\/wp-json\/wp\/v2\/product_brand?post=7821"},{"taxonomy":"product_cat","embeddable":true,"href":"https:\/\/nordicbags.eu\/es\/wp-json\/wp\/v2\/product_cat?post=7821"},{"taxonomy":"product_tag","embeddable":true,"href":"https:\/\/nordicbags.eu\/es\/wp-json\/wp\/v2\/product_tag?post=7821"}],"curies":[{"name":"wp","href":"https:\/\/api.w.org\/{rel}","templated":true}]}}