{"id":7828,"date":"2023-02-28T06:17:54","date_gmt":"2023-02-28T06:17:54","guid":{"rendered":"https:\/\/nordicbags.eu\/capital-of-goods-rinonera-bandolera-negro\/"},"modified":"2024-09-03T15:12:01","modified_gmt":"2024-09-03T15:12:01","slug":"capital-of-goods-rinonera-bandolera-negro","status":"publish","type":"product","link":"https:\/\/nordicbags.eu\/es\/producto\/capital-of-goods-rinonera-bandolera-negro\/","title":{"rendered":"Capital of Goods Ri\u00f1onera \/ Bandolera &#8211; Negro"},"content":{"rendered":"","protected":false},"excerpt":{"rendered":"<p><strong>La ri\u00f1onera\/bolsa bandolera Capital of Goods<\/strong> es el accesorio vers\u00e1til definitivo que te encantar\u00e1 durante a\u00f1os. Fabricado en piel de curtido vegetal, este bolso es duradero y envejece maravillosamente, desarrollando una p\u00e1tina \u00fanica con el paso del tiempo. Se puede llevar como bandolera, ri\u00f1onera o ri\u00f1onera, e incluso se pueden quitar las correas. El interior presenta un elegante compartimento para el tel\u00e9fono, una ranura abierta m\u00e1s grande y un bolsillo extra\u00edble con cremallera. <strong>Stella Soomlais<\/strong> es una aclamada marca de dise\u00f1o de Estonia que crea y produce todos sus art\u00edculos localmente. Su objetivo es crear bolsos y accesorios funcionales y duraderos, fabricados con responsabilidad. Adem\u00e1s, cada art\u00edculo se elabora de forma exclusiva por encargo.<\/p>\n<ul>\n<li>Piel de curtido vegetal<\/li>\n<li>Dimensiones: 23 x 13 x 4 cm<\/li>\n<li>Ancho de la correa 3 cm, medida m\u00e1xima de la cintura 143 cm<\/li>\n<li>Dise\u00f1ado y fabricado en Estonia<\/li>\n<\/ul>\n","protected":false},"featured_media":5634,"comment_status":"open","ping_status":"closed","template":"","meta":{"_acf_changed":false},"pwb-brand":[288],"product_brand":[],"product_cat":[261,251,249,272],"product_tag":[],"class_list":{"0":"post-7828","1":"product","2":"type-product","3":"status-publish","4":"has-post-thumbnail","6":"pwb-brand-stella-soomlais-es","7":"product_cat-bandoleras","8":"product_cat-bolsos","9":"product_cat-bolsos-de-piel","10":"product_cat-rinoneras","11":"product_shipping_class-por-encargo","13":"first","14":"instock","15":"taxable","16":"shipping-taxable","17":"purchasable","18":"product-type-variable"},"acf":[],"brands":[{"id":288,"name":"Stella Soomlais","slug":"stella-soomlais-es"}],"_links":{"self":[{"href":"https:\/\/nordicbags.eu\/es\/wp-json\/wp\/v2\/product\/7828","targetHints":{"allow":["GET"]}}],"collection":[{"href":"https:\/\/nordicbags.eu\/es\/wp-json\/wp\/v2\/product"}],"about":[{"href":"https:\/\/nordicbags.eu\/es\/wp-json\/wp\/v2\/types\/product"}],"replies":[{"embeddable":true,"href":"https:\/\/nordicbags.eu\/es\/wp-json\/wp\/v2\/comments?post=7828"}],"wp:featuredmedia":[{"embeddable":true,"href":"https:\/\/nordicbags.eu\/es\/wp-json\/wp\/v2\/media\/5634"}],"wp:attachment":[{"href":"https:\/\/nordicbags.eu\/es\/wp-json\/wp\/v2\/media?parent=7828"}],"wp:term":[{"taxonomy":"pwb-brand","embeddable":true,"href":"https:\/\/nordicbags.eu\/es\/wp-json\/wp\/v2\/pwb-brand?post=7828"},{"taxonomy":"product_brand","embeddable":true,"href":"https:\/\/nordicbags.eu\/es\/wp-json\/wp\/v2\/product_brand?post=7828"},{"taxonomy":"product_cat","embeddable":true,"href":"https:\/\/nordicbags.eu\/es\/wp-json\/wp\/v2\/product_cat?post=7828"},{"taxonomy":"product_tag","embeddable":true,"href":"https:\/\/nordicbags.eu\/es\/wp-json\/wp\/v2\/product_tag?post=7828"}],"curies":[{"name":"wp","href":"https:\/\/api.w.org\/{rel}","templated":true}]}}