{"id":7834,"date":"2023-02-27T23:17:36","date_gmt":"2023-02-27T23:17:36","guid":{"rendered":"https:\/\/nordicbags.eu\/maletin-de-piel-con-solapa-para-portatil\/"},"modified":"2024-09-03T15:11:08","modified_gmt":"2024-09-03T15:11:08","slug":"maletin-de-piel-con-solapa-para-portatil","status":"publish","type":"product","link":"https:\/\/nordicbags.eu\/es\/producto\/maletin-de-piel-con-solapa-para-portatil\/","title":{"rendered":"Malet\u00edn de piel con solapa para port\u00e1til"},"content":{"rendered":"","protected":false},"excerpt":{"rendered":"<p>Este sofisticado <strong>malet\u00edn de piel con solapa para port\u00e1til<\/strong> est\u00e1 hecho a mano en el estudio de marroquiner\u00eda Stella Soomlais de Estonia. Est\u00e1 fabricado con cuero de curtido vegetal que utiliza \u00fanicamente agentes curtientes naturales y no contiene sustancias qu\u00edmicas nocivas. Con el tiempo adquiere una p\u00e1tina deliciosa y envejece de maravilla. Es duradero, f\u00e1cil de cuidar y dura d\u00e9cadas e incluso toda la vida. Una solapa mantiene el port\u00e1til seguro en la funda y lo protege del polvo y los ara\u00f1azos. La funda est\u00e1 disponible en 2 tama\u00f1os diferentes: 13&#8243; y 16&#8243;. El m\u00e1s peque\u00f1o se adapta al MacBook Air de 13&#8243; y al MacBook Pro de 13&#8243;. Y la m\u00e1s grande es ideal para un MacBook Pro de 16&#8243;. <strong>Stella Soomlais<\/strong> es una aclamada marca de dise\u00f1o de Estonia que crea y produce todos sus art\u00edculos localmente. Su objetivo es crear bolsos y accesorios funcionales y duraderos, fabricados con responsabilidad. Adem\u00e1s, cada art\u00edculo se elabora de forma exclusiva por encargo.<\/p>\n<ul>\n<li>Piel de curtido vegetal<\/li>\n<li>Dimensiones para 13 33 x 22,5 x 2,5 cm<\/li>\n<li>Dimensiones para 16 39 x 26 x 2,5 cm<\/li>\n<li>Dise\u00f1ado y fabricado en Estonia<\/li>\n<\/ul>\n","protected":false},"featured_media":5156,"comment_status":"open","ping_status":"closed","template":"","meta":{"_acf_changed":false},"pwb-brand":[288],"product_brand":[],"product_cat":[253,249],"product_tag":[],"class_list":{"0":"post-7834","1":"product","2":"type-product","3":"status-publish","4":"has-post-thumbnail","6":"pwb-brand-stella-soomlais-es","7":"product_cat-bolsas-y-mochilas-portatil","8":"product_cat-bolsos-de-piel","9":"product_shipping_class-por-encargo","11":"first","12":"outofstock","13":"taxable","14":"shipping-taxable","15":"purchasable","16":"product-type-variable"},"acf":[],"brands":[{"id":288,"name":"Stella Soomlais","slug":"stella-soomlais-es"}],"_links":{"self":[{"href":"https:\/\/nordicbags.eu\/es\/wp-json\/wp\/v2\/product\/7834","targetHints":{"allow":["GET"]}}],"collection":[{"href":"https:\/\/nordicbags.eu\/es\/wp-json\/wp\/v2\/product"}],"about":[{"href":"https:\/\/nordicbags.eu\/es\/wp-json\/wp\/v2\/types\/product"}],"replies":[{"embeddable":true,"href":"https:\/\/nordicbags.eu\/es\/wp-json\/wp\/v2\/comments?post=7834"}],"wp:featuredmedia":[{"embeddable":true,"href":"https:\/\/nordicbags.eu\/es\/wp-json\/wp\/v2\/media\/5156"}],"wp:attachment":[{"href":"https:\/\/nordicbags.eu\/es\/wp-json\/wp\/v2\/media?parent=7834"}],"wp:term":[{"taxonomy":"pwb-brand","embeddable":true,"href":"https:\/\/nordicbags.eu\/es\/wp-json\/wp\/v2\/pwb-brand?post=7834"},{"taxonomy":"product_brand","embeddable":true,"href":"https:\/\/nordicbags.eu\/es\/wp-json\/wp\/v2\/product_brand?post=7834"},{"taxonomy":"product_cat","embeddable":true,"href":"https:\/\/nordicbags.eu\/es\/wp-json\/wp\/v2\/product_cat?post=7834"},{"taxonomy":"product_tag","embeddable":true,"href":"https:\/\/nordicbags.eu\/es\/wp-json\/wp\/v2\/product_tag?post=7834"}],"curies":[{"name":"wp","href":"https:\/\/api.w.org\/{rel}","templated":true}]}}