{"id":8017,"date":"2023-03-01T12:53:35","date_gmt":"2023-03-01T12:53:35","guid":{"rendered":"https:\/\/nordicbags.eu\/koti-naljad\/"},"modified":"2024-08-20T06:43:58","modified_gmt":"2024-08-20T06:43:58","slug":"koti-naljad","status":"publish","type":"page","link":"https:\/\/nordicbags.eu\/et\/koti-naljad\/","title":{"rendered":"Koti naljad"},"content":{"rendered":"\n<p>Igal korralikul kotipoel peaks olema lehek\u00fclg, kus r\u00e4\u00e4gitakse halbu kotivitsu. Nii et siin on meie oma.<\/p>\n\n<p><\/p>\n\n<p>Miks ei ole kottidel s\u00f5pru?<br\/>Sest nad kannavad alati kogu oma pagasit kaasas!<\/p>\n\n<p><\/p>\n\n<p>Miks l\u00e4ks k\u00e4ekott koos rahakotiga l\u00f5hki?<br\/>Sest see oli liiga rahakeskne!<\/p>\n\n<p><\/p>\n\n<p>Miks l\u00e4ks rahakott koos rahakotiga l\u00f5hki?<br\/>Sest tundus, et see oli alati puudu!<\/p>\n\n<p><\/p>\n\n<p>Miks l\u00e4ks kott arsti juurde?  <br\/>Sest see tundus natuke plastiline!<\/p>\n\n<p><\/p>\n\n<p>Miks kott koos seljakotiga purunes?  <br\/>Sest seda oli liiga palju pagasit!<\/p>\n\n<p><\/p>\n\n<p>Miks l\u00e4ks seljakott j\u00f5usaali?<br\/>T\u00f6\u00f6tama oma fitness-paketi kallal!<\/p>\n\n<p><\/p>\n\n<p>Miks kott koos seljakotiga purunes?<br\/>Sest see oli liiga palju k\u00e4sipagas!<\/p>\n","protected":false},"excerpt":{"rendered":"<p>Igal korralikul kotipoel peaks olema lehek\u00fclg, kus r\u00e4\u00e4gitakse halbu kotivitsu. Nii et siin on meie oma. Miks ei ole kottidel s\u00f5pru?Sest nad kannavad alati kogu oma pagasit kaasas! Miks l\u00e4ks k\u00e4ekott koos rahakotiga l\u00f5hki?Sest see oli liiga rahakeskne! Miks l\u00e4ks rahakott koos rahakotiga l\u00f5hki?Sest tundus, et see oli alati puudu! Miks l\u00e4ks kott arsti juurde? [&#8230;]\n","protected":false},"author":1,"featured_media":0,"parent":0,"menu_order":0,"comment_status":"closed","ping_status":"closed","template":"","meta":{"_acf_changed":false,"footnotes":""},"class_list":["post-8017","page","type-page","status-publish","hentry"],"acf":[],"_links":{"self":[{"href":"https:\/\/nordicbags.eu\/et\/wp-json\/wp\/v2\/pages\/8017","targetHints":{"allow":["GET"]}}],"collection":[{"href":"https:\/\/nordicbags.eu\/et\/wp-json\/wp\/v2\/pages"}],"about":[{"href":"https:\/\/nordicbags.eu\/et\/wp-json\/wp\/v2\/types\/page"}],"author":[{"embeddable":true,"href":"https:\/\/nordicbags.eu\/et\/wp-json\/wp\/v2\/users\/1"}],"replies":[{"embeddable":true,"href":"https:\/\/nordicbags.eu\/et\/wp-json\/wp\/v2\/comments?post=8017"}],"version-history":[{"count":1,"href":"https:\/\/nordicbags.eu\/et\/wp-json\/wp\/v2\/pages\/8017\/revisions"}],"predecessor-version":[{"id":8021,"href":"https:\/\/nordicbags.eu\/et\/wp-json\/wp\/v2\/pages\/8017\/revisions\/8021"}],"wp:attachment":[{"href":"https:\/\/nordicbags.eu\/et\/wp-json\/wp\/v2\/media?parent=8017"}],"curies":[{"name":"wp","href":"https:\/\/api.w.org\/{rel}","templated":true}]}}