{"id":8020,"date":"2023-02-28T15:36:41","date_gmt":"2023-02-28T15:36:41","guid":{"rendered":"https:\/\/nordicbags.eu\/tagastamine-ja-tagastamine\/"},"modified":"2024-08-20T06:43:59","modified_gmt":"2024-08-20T06:43:59","slug":"tagastamine-ja-tagastamine","status":"publish","type":"page","link":"https:\/\/nordicbags.eu\/et\/tagastamine-ja-tagastamine\/","title":{"rendered":"Tagastamine ja tagastamine"},"content":{"rendered":"\n<p>Me loodame alati, et olete meie toodetega rahul, ja loomulikult on see tavaliselt nii, kuid m\u00f5nikord juhtub elu ja te peate oma tellimuse tagasi saatma. Kuid kuna me m\u00fc\u00fcme ainult kvaliteetseid kotte, juhtub seda v\u00e4ga harva.<\/p>\n\n<h2 class=\"wp-block-heading\">Tagastamise ja vahetamise protsess<\/h2>\n\n<p>\u00dclaltoodud juhul v\u00f5tke palun \u00fchendust meie klienditoega aadressil <a href=\"mailto:hello@studioabsurd.com\" target=\"_blank\" rel=\"noreferrer noopener\">hello@nordicbags.eu,<\/a> lisage oma tellimuse number \u00fcksikasjadesse ja me v\u00f5tame teiega \u00fchendust, et juhendada teid tagasisaatmisprotsessi kaudu.<\/p>\n\n<h2 class=\"wp-block-heading\">Abik\u00f5lblikkus<\/h2>\n\n<p><strong>Me v\u00f5tame tagasi, kui:<\/strong><\/p>\n\n<ul class=\"wp-block-list\">\n<li>Toode saadetakse meile tagasi 14 p\u00e4eva jooksul alates selle k\u00e4ttesaamisest (n\u00e4iteks pakiautomaadist v\u00e4lja v\u00f5tmine).<\/li>\n\n\n\n<li>Toode on kasutamata ja kahjustamata<\/li>\n\n\n\n<li>K\u00f5ik sildid on endiselt kinnitatud<\/li>\n\n\n\n<li>Toode on originaalpakendis, kuid originaalpakendi s\u00e4ilitamine ja tagastamine <em>ei ole kohustuslik<\/em>.<\/li>\n<\/ul>\n\n<p><strong>Me ei saa selliseid tagastusi vastu v\u00f5tta:<\/strong><\/p>\n\n<ul class=\"wp-block-list\">\n<li>Tellimusel valmistatud tooted (otsige alati sellist m\u00e4rget toote kirjeldusest v\u00f5i selle puudumist).<\/li>\n\n\n\n<li>tooted v\u00f5i originaalpakend on kahjustatud v\u00f5i puuduvad \u00fcksikasjad, st erinevad algsest seisundist.<\/li>\n\n\n\n<li>Kui tagastus saadetakse \u00e4ra hiljem kui 14 p\u00e4eva p\u00e4rast selle k\u00e4ttesaamist.<\/li>\n\n\n\n<li>Kui toode on isikup\u00e4rastatud (nt initsiaalid kotil).<\/li>\n<\/ul>\n\n<p>Kui eespool nimetatud tagasimaksekriteeriumid ei ole t\u00e4idetud, tagastatakse toode teile ja raha ei tagastata.<\/p>\n\n<h2 class=\"wp-block-heading\">Tagasimaksed<\/h2>\n\n<p>Kui teie tagastatud toode on k\u00e4tte saadud ja kontrollitud, saadame teile e-kirja, et teatada teile, et oleme teie tagastatud toote k\u00e4tte saanud. Me teavitame teid ka teie toetuse heakskiitmisest v\u00f5i tagasil\u00fckkamisest.<\/p>\n\n<p>Kui teie taotlus kiidetakse heaks, siis teie tagasimakseid t\u00f6\u00f6deldakse ja krediit kantakse automaatselt teie krediitkaardile v\u00f5i algsele makseviisile j\u00e4rgmise 14 t\u00f6\u00f6p\u00e4eva jooksul. Tavaliselt kulub selleks 1-3 p\u00e4eva, kuid m\u00f5nedel makseviisidel v\u00f5ib see v\u00f5tta kauem aega.  <\/p>\n\n<p>Tagastuse korral ei saa me teie m\u00f5lemasuunalisi saatekulusid tagasi maksta. Defektse eseme k\u00e4ttesaamise korral asendame selle tasuta v\u00f5i tagastame teie m\u00f5lemasuunalised saatekulud.<\/p>\n\n<h2 class=\"wp-block-heading\">Garantii  <\/h2>\n\n<p>Kuigi me oleme uhked, et meie kotid on suurep\u00e4rase kvaliteediga ja v\u00e4ga vastupidavad, v\u00f5ib harva esineda tootmisvead, mille eest me vastutame. Kui see on juhtunud, on meil v\u00e4ga kahju.<br\/><br\/>Sellistel juhtudel v\u00f5ib ostja esitada n\u00f5ude kuni 2 aastat p\u00e4rast tellimuse kohaletoimetamist. Esimese 6 kuu jooksul p\u00e4rast asja \u00fcleandmist ostjale eeldatakse, et viga oli olemas juba \u00fcleandmise ajal. Vastupidist t\u00f5estada on Nordicbags&#8217;i kohustus. Kuid pidage meeles, et Nordicbags ei vastuta defektide eest, mis tulenevad tarbija tegevusest v\u00f5i tegevusetusest (eba\u00f5ige kasutamine, \u00f5nnetusjuhtum jne) p\u00e4rast kauba \u00fcleandmist v\u00f5i tavap\u00e4rasest kulumisest, mis on tingitud kauba regulaarsest kasutamisest. Kui e-poest ostetud kaubal on defekt, mille eest Nordicbags vastutab, parandame v\u00f5i asendame defektse kauba. Kui kaupa ei ole v\u00f5imalik parandada v\u00f5i asendada, tagastame ostjale k\u00f5ik m\u00fc\u00fcgilepingu alusel tekkinud tasud.<\/p>\n\n<p>Igal juhul, kui on mingeid probleeme jalatsitega, siis kirjutage meile aadressil hello@nordicbags.eu.<\/p>\n","protected":false},"excerpt":{"rendered":"<p>Me loodame alati, et olete meie toodetega rahul, ja loomulikult on see tavaliselt nii, kuid m\u00f5nikord juhtub elu ja te peate oma tellimuse tagasi saatma. Kuid kuna me m\u00fc\u00fcme ainult kvaliteetseid kotte, juhtub seda v\u00e4ga harva. Tagastamise ja vahetamise protsess \u00dclaltoodud juhul v\u00f5tke palun \u00fchendust meie klienditoega aadressil hello@nordicbags.eu, lisage oma tellimuse number \u00fcksikasjadesse ja [&#8230;]\n","protected":false},"author":1,"featured_media":0,"parent":0,"menu_order":0,"comment_status":"closed","ping_status":"closed","template":"","meta":{"_acf_changed":false,"footnotes":""},"class_list":["post-8020","page","type-page","status-publish","hentry"],"acf":[],"_links":{"self":[{"href":"https:\/\/nordicbags.eu\/et\/wp-json\/wp\/v2\/pages\/8020","targetHints":{"allow":["GET"]}}],"collection":[{"href":"https:\/\/nordicbags.eu\/et\/wp-json\/wp\/v2\/pages"}],"about":[{"href":"https:\/\/nordicbags.eu\/et\/wp-json\/wp\/v2\/types\/page"}],"author":[{"embeddable":true,"href":"https:\/\/nordicbags.eu\/et\/wp-json\/wp\/v2\/users\/1"}],"replies":[{"embeddable":true,"href":"https:\/\/nordicbags.eu\/et\/wp-json\/wp\/v2\/comments?post=8020"}],"version-history":[{"count":1,"href":"https:\/\/nordicbags.eu\/et\/wp-json\/wp\/v2\/pages\/8020\/revisions"}],"predecessor-version":[{"id":8022,"href":"https:\/\/nordicbags.eu\/et\/wp-json\/wp\/v2\/pages\/8020\/revisions\/8022"}],"wp:attachment":[{"href":"https:\/\/nordicbags.eu\/et\/wp-json\/wp\/v2\/media?parent=8020"}],"curies":[{"name":"wp","href":"https:\/\/api.w.org\/{rel}","templated":true}]}}