{"id":8037,"date":"2023-03-15T15:29:13","date_gmt":"2023-03-15T15:29:13","guid":{"rendered":"https:\/\/nordicbags.eu\/garantii\/"},"modified":"2024-08-20T06:43:58","modified_gmt":"2024-08-20T06:43:58","slug":"garantii","status":"publish","type":"page","link":"https:\/\/nordicbags.eu\/et\/garantii\/","title":{"rendered":"Garantii"},"content":{"rendered":"\n<p>Kuigi me oleme v\u00e4ga uhked selle \u00fcle, et meie kotid on suurep\u00e4rase kvaliteediga ja v\u00e4ga vastupidavad, v\u00f5ib harva esineda tootmisvead.  <strong>Kuid te ei pea selle p\u00e4rast muretsema, sest pakume k\u00f5ikidele oma toodetele 2-aastast garantiid. M\u00f5nedel kottidel, n\u00e4iteks <a href=\"https:\/\/nordicbags.eu\/brand\/craftory\/\" target=\"_blank\" data-type=\"URL\" data-id=\"https:\/\/nordicbags.eu\/brand\/craftory\/\" rel=\"noreferrer noopener\">Craftory nahkkottidel<\/a>, on isegi eluaegne garantii.<\/strong><\/p>\n\n<p>Kuid pidage meeles, et Nordicbags ei vastuta defektide eest, mis on tekkinud tarbija tegevuse v\u00f5i tegevusetuse t\u00f5ttu (eba\u00f5ige kasutamine, \u00f5nnetusjuhtum jne) p\u00e4rast kauba \u00fcleandmist v\u00f5i kauba tavap\u00e4rase kulumise korral, mis on tingitud kauba regulaarsest kasutamisest. Kui e-poest ostetud kaubal on defekt, mille eest Nordicbags vastutab, parandame v\u00f5i asendame defektse kauba. Kui kaupa ei ole v\u00f5imalik parandada v\u00f5i asendada, tagastame ostjale k\u00f5ik m\u00fc\u00fcgilepingu alusel tekkinud tasud.<\/p>\n\n<p>Igal juhul, kui on mingeid probleeme teie tootega, palun kirjutage meile aadressil <strong>hello@nordicbags.eu<\/strong>.<\/p>\n","protected":false},"excerpt":{"rendered":"<p>Kuigi me oleme v\u00e4ga uhked selle \u00fcle, et meie kotid on suurep\u00e4rase kvaliteediga ja v\u00e4ga vastupidavad, v\u00f5ib harva esineda tootmisvead. Kuid te ei pea selle p\u00e4rast muretsema, sest pakume k\u00f5ikidele oma toodetele 2-aastast garantiid. M\u00f5nedel kottidel, n\u00e4iteks Craftory nahkkottidel, on isegi eluaegne garantii. Kuid pidage meeles, et Nordicbags ei vastuta defektide eest, mis on tekkinud [&#8230;]\n","protected":false},"author":2,"featured_media":0,"parent":0,"menu_order":0,"comment_status":"closed","ping_status":"closed","template":"","meta":{"_acf_changed":false,"footnotes":""},"class_list":["post-8037","page","type-page","status-publish","hentry"],"acf":[],"_links":{"self":[{"href":"https:\/\/nordicbags.eu\/et\/wp-json\/wp\/v2\/pages\/8037","targetHints":{"allow":["GET"]}}],"collection":[{"href":"https:\/\/nordicbags.eu\/et\/wp-json\/wp\/v2\/pages"}],"about":[{"href":"https:\/\/nordicbags.eu\/et\/wp-json\/wp\/v2\/types\/page"}],"author":[{"embeddable":true,"href":"https:\/\/nordicbags.eu\/et\/wp-json\/wp\/v2\/users\/2"}],"replies":[{"embeddable":true,"href":"https:\/\/nordicbags.eu\/et\/wp-json\/wp\/v2\/comments?post=8037"}],"version-history":[{"count":1,"href":"https:\/\/nordicbags.eu\/et\/wp-json\/wp\/v2\/pages\/8037\/revisions"}],"predecessor-version":[{"id":8038,"href":"https:\/\/nordicbags.eu\/et\/wp-json\/wp\/v2\/pages\/8037\/revisions\/8038"}],"wp:attachment":[{"href":"https:\/\/nordicbags.eu\/et\/wp-json\/wp\/v2\/media?parent=8037"}],"curies":[{"name":"wp","href":"https:\/\/api.w.org\/{rel}","templated":true}]}}