{"id":8040,"date":"2019-03-17T17:19:40","date_gmt":"2019-03-17T17:19:40","guid":{"rendered":"https:\/\/nordicbags.eu\/tingimused\/"},"modified":"2024-08-20T06:43:59","modified_gmt":"2024-08-20T06:43:59","slug":"tingimused","status":"publish","type":"page","link":"https:\/\/nordicbags.eu\/et\/tingimused\/","title":{"rendered":"Tingimused"},"content":{"rendered":"\n<p>Veebipoe <strong>Nordicbags<\/strong> (edaspidi veebipood) omanik on LIFTSPARK O\u00dc (14972020), Ahtri tn 6a Kesklinna linnaosa, Tallinn Harju maakond 10151.<\/p>\n\n<p><strong>M\u00fc\u00fcgilepingu t\u00e4htaeg ning teave kaupade ja hindade kohta<\/strong><\/p>\n\n<ul class=\"wp-block-list\">\n<li>Veebipoest kaupade ostmisel kehtivad m\u00fc\u00fcgitingimused.<\/li>\n\n\n\n<li>Veebipoes m\u00fc\u00fcdavate toodete hinnad on m\u00e4rgitud toodete juures.<\/li>\n\n\n\n<li>Hinnale lisandub tasu kauba kohaletoimetamise eest.<\/li>\n\n\n\n<li>Kauba k\u00e4ttetoimetamise tasu s\u00f5ltub ostja asukohast ja k\u00e4ttetoimetamise viisist.<\/li>\n\n\n\n<li>Tarnekulu kuvatakse ostjale tellimuse esitamisel.<\/li>\n\n\n\n<li>Tasuta kohaletoimetamine pakiautomaatidesse Euroopas kehtib k\u00f5igi tellimuste puhul, mis on suuremad kui 100 \u20ac.<\/li>\n\n\n\n<li>Teave kauba kohta on esitatud veebipoes kauba k\u00f5rval.<\/li>\n<\/ul>\n\n<p><strong>Tellimuse esitamine<\/strong><\/p>\n\n<ul class=\"wp-block-list\">\n<li>Kaupade tellimiseks tuleb soovitud kaubad lisada ostukorvi.<\/li>\n\n\n\n<li>Tellimuse vormistamiseks tuleb t\u00e4ita n\u00f5utavad andmev\u00e4ljad ja valida sobiv tarnevahend.<\/li>\n\n\n\n<li>Seej\u00e4rel kuvatakse ekraanil koguhind, mille saab tasuda pangalinkide v\u00f5i muu makselahenduse abil.<\/li>\n\n\n\n<li>Leping j\u00f5ustub p\u00e4rast seda, kui maksmisele kuuluv summa on kantud e-poe pangakontole.<\/li>\n\n\n\n<li>Kui tellitud kaupa ei ole v\u00f5imalik tarnida lao puudumise v\u00f5i muu p\u00f5hjuse t\u00f5ttu, teavitatakse sellest ostjat niipea kui v\u00f5imalik ja makstud maksumus (sealhulgas kohaletoimetamise tasu) tagastatakse tavaliselt 1-3 t\u00f6\u00f6p\u00e4eva jooksul.\nS\u00f5ltuvalt makseviisist v\u00f5ib tagasimaksmine v\u00f5tta kuni 14 t\u00f6\u00f6p\u00e4eva. <\/li>\n<\/ul>\n\n<p><strong>Kohaletoimetamine<\/strong><\/p>\n\n<ul class=\"wp-block-list\">\n<li>Kaupu tarnitakse j\u00e4rgmistesse riikidesse: Euroopa Liit.<\/li>\n\n\n\n<li>Kauba tarnekulu kuvatakse tarneviisi k\u00f5rval.<\/li>\n\n\n\n<li>Kaup tarnitakse tavaliselt 2-8 t\u00f6\u00f6p\u00e4eva jooksul p\u00e4rast m\u00fc\u00fcgilepingu j\u00f5ustumist.\nErandjuhtudel v\u00f5idakse kaup tarnida kuni 14 t\u00f6\u00f6p\u00e4eva jooksul.\nKui veebipood on ostjat oma veebilehel v\u00f5i tellimuse kinnituses teavitanud tarnek\u00fcsimustest ja 14 t\u00f6\u00f6p\u00e4eva \u00fcletavast t\u00e4htajast, kehtib veebipoe poolt m\u00e4\u00e4ratud t\u00e4htaeg.  <\/li>\n<\/ul>\n\n<p><strong>Taganemis\u00f5igus<\/strong><\/p>\n\n<ul class=\"wp-block-list\">\n<li>P\u00e4rast tellimuse k\u00e4ttesaamist on ostjal \u00f5igus e-poega s\u00f5lmitud lepingust taganeda 14 p\u00e4eva jooksul<em>[s\u00f5ltuvalt kaubast ei pruugi ostjal olla taganemis\u00f5igust; sellisel juhul peaksid asjaomased kaubad ja teenused olema loetletud ja vastama v\u00f5la\u00f5igusseaduse \u00a7 53 l\u00f5ikes 4 s\u00e4testatud n\u00f5uetele<\/em>].<\/li>\n\n\n\n<li>Taganemis\u00f5igus ei kehti, kui ostja on juriidiline isik.<\/li>\n\n\n\n<li>14-p\u00e4evase taganemis\u00f5iguse kasutamiseks ei tohi ostja kasutada tellitud kaupa muul viisil, kui see on vajalik kauba olemuse, omaduste ja toimimise kontrollimiseks, samamoodi oleks ostjal lubatud kaupa testida f\u00fc\u00fcsilises kaupluses.<\/li>\n\n\n\n<li>Kui tooteid on kasutatud muul viisil, kui on vajalik kauba olemuse, omaduste v\u00f5i funktsionaalsuse seisukohast, v\u00f5i kui neil on kulumisj\u00e4ljed, on e-poel \u00f5igus v\u00e4hendada tagastatavat summat vastavalt kauba v\u00e4\u00e4rtuse v\u00e4henemisele.<\/li>\n\n\n\n<li>Kauba tagastamiseks peab ostja esitama taganemisavalduse e-posti teel hiljemalt 14 p\u00e4eva jooksul p\u00e4rast tellimuse esitamist.<\/li>\n\n\n\n<li>Kauba tagastamise kulud kannab ostja, v\u00e4lja arvatud juhul, kui tagastamise p\u00f5hjuseks on asjaolu, et tagastatav toode ei vasta tellitule (nt vale v\u00f5i defektne toode).<\/li>\n\n\n\n<li>Ostja peab kauba tagastama 14 p\u00e4eva jooksul p\u00e4rast sellekohase taotluse esitamist v\u00f5i esitama t\u00f5endi, et kaup on selle aja jooksul vedajale \u00fcle antud.<\/li>\n\n\n\n<li>P\u00e4rast tagastatud kauba k\u00e4ttesaamist tagastab veebipood ostjale lepingu alusel saadud summad viivitamata, kuid mitte hiljem kui 14 p\u00e4eva jooksul p\u00e4rast taganemisavalduse saamist.<\/li>\n\n\n\n<li>Veebipood v\u00f5ib keelduda tagasimakse tegemisest, kuni ta saab lepingu eseme k\u00e4tte v\u00f5i kuni ostja esitab t\u00f5endi selle kohta, et kaup on tagasi saadetud, olenevalt sellest, kumb toimub varem.<\/li>\n\n\n\n<li>Veebipoel on \u00f5igus m\u00fc\u00fcgitehingust taganeda ja n\u00f5uda, et ostja tagastaks kauba, kui veebipoes m\u00e4rgitud hind on vea t\u00f5ttu oluliselt madalam kui kauba turuhind.<\/li>\n<\/ul>\n\n<p><strong>\u00d5igus esitada kaebus<\/strong><\/p>\n\n<ul class=\"wp-block-list\">\n<li>Veebipood vastutab ostjale m\u00fc\u00fcdud kauba mittevastavuse eest lepingutingimustele v\u00f5i puuduste eest, mis esinesid kauba \u00fcleandmise ajal ja mis ilmnevad kuni kahe aasta jooksul alates kauba \u00fcleandmisest ostjale.\nEsimese aasta jooksul p\u00e4rast asja \u00fcleandmist ostjale eeldatakse, et puudus oli olemas juba kauba \u00fcleandmise ajal.\nSelle \u00fcmberl\u00fckkamine on veebipoe kohustus.  <\/li>\n\n\n\n<li>Defekti korral on ostjal \u00f5igus hiljemalt kahe kuu jooksul v\u00f5tta \u00fchendust e-poega, saates e-kirja aadressile <a href=\"mailto:hello@studioabsurd.com\">hello@nordicabgs.eu.<\/a><\/li>\n\n\n\n<li>Veebipood ei vastuta defektide eest, mis on tekkinud tarbija tegevuse v\u00f5i tegevusetuse t\u00f5ttu (vale kasutamine, \u00f5nnetus jne) p\u00e4rast kauba \u00fcleandmist v\u00f5i kauba tavap\u00e4rasest kasutamisest tingitud normaalse kulumise korral.<\/li>\n\n\n\n<li>Kui veebipoest ostetud kaubal on defekt, mille eest veebipood vastutab, parandab v\u00f5i asendab veebipood defektse kauba.\nKui kaupa ei ole v\u00f5imalik parandada v\u00f5i asendada, tagastab veebipood ostjale k\u00f5ik m\u00fc\u00fcgilepingu alusel tekkinud kulud. <\/li>\n\n\n\n<li>Veebipood vastab tarbija kaebusele 15 p\u00e4eva jooksul kirjalikult v\u00f5i kirjalikku taasesitamist v\u00f5imaldavas vormis.<\/li>\n<\/ul>\n\n<p><strong><em>Vaidluste lahendamine<\/em><\/strong><\/p>\n\n<ul class=\"wp-block-list\">\n<li>Kui ostjal on veebipoe kohta kaebusi, peaks ta need saatma e-postiga aadressil<em> <\/em><a href=\"mailto:hello@studioabsurd.com\">hello@nordicbags.eu.<\/a>\nKui ostja ja veebipood ei suuda vaidlusk\u00fcsimust kokkuleppega lahendada, on ostjal \u00f5igus p\u00f6\u00f6rduda tarbijavaidluste komisjoni poole.  Menetlusreeglitega saab tutvuda ja taotluse esitada <a href=\"https:\/\/ttja.ee\/en\/consumer-disputes-committee\" target=\"_blank\" rel=\"noreferrer noopener\">siin<\/a>. Tarbijavaidluste komisjon on volitatud lahendama vaidlusi, mis tulenevad ostja ja e-poe vahel s\u00f5lmitud lepingust. Ostja kaebused vaatab komisjon tasuta l\u00e4bi.<\/li>\n\n\n\n<li>Ostja v\u00f5ib p\u00f6\u00f6rduda <a href=\"https:\/\/ec.europa.eu\/consumers\/odr\/main\/index.cfm?event=main.home2.show&amp;lng=EN\" target=\"_blank\" rel=\"noreferrer noopener\">ELi veebip\u00f5hise vaidluste lahendamise platvormi<\/a> poole.<\/li>\n<\/ul>\n","protected":false},"excerpt":{"rendered":"<p>Veebipoe Nordicbags (edaspidi veebipood) omanik on LIFTSPARK O\u00dc (14972020), Ahtri tn 6a Kesklinna linnaosa, Tallinn Harju maakond 10151. M\u00fc\u00fcgilepingu t\u00e4htaeg ning teave kaupade ja hindade kohta Tellimuse esitamine Kohaletoimetamine Taganemis\u00f5igus \u00d5igus esitada kaebus Vaidluste lahendamine<\/p>\n","protected":false},"author":1,"featured_media":0,"parent":0,"menu_order":0,"comment_status":"closed","ping_status":"closed","template":"","meta":{"_acf_changed":false,"footnotes":""},"class_list":["post-8040","page","type-page","status-publish","hentry"],"acf":[],"_links":{"self":[{"href":"https:\/\/nordicbags.eu\/et\/wp-json\/wp\/v2\/pages\/8040","targetHints":{"allow":["GET"]}}],"collection":[{"href":"https:\/\/nordicbags.eu\/et\/wp-json\/wp\/v2\/pages"}],"about":[{"href":"https:\/\/nordicbags.eu\/et\/wp-json\/wp\/v2\/types\/page"}],"author":[{"embeddable":true,"href":"https:\/\/nordicbags.eu\/et\/wp-json\/wp\/v2\/users\/1"}],"replies":[{"embeddable":true,"href":"https:\/\/nordicbags.eu\/et\/wp-json\/wp\/v2\/comments?post=8040"}],"version-history":[{"count":1,"href":"https:\/\/nordicbags.eu\/et\/wp-json\/wp\/v2\/pages\/8040\/revisions"}],"predecessor-version":[{"id":8046,"href":"https:\/\/nordicbags.eu\/et\/wp-json\/wp\/v2\/pages\/8040\/revisions\/8046"}],"wp:attachment":[{"href":"https:\/\/nordicbags.eu\/et\/wp-json\/wp\/v2\/media?parent=8040"}],"curies":[{"name":"wp","href":"https:\/\/api.w.org\/{rel}","templated":true}]}}