{"id":8053,"date":"2019-07-09T22:15:48","date_gmt":"2019-07-09T22:15:48","guid":{"rendered":"https:\/\/nordicbags.eu\/votke-meiega-uhendust\/"},"modified":"2024-08-20T06:43:59","modified_gmt":"2024-08-20T06:43:59","slug":"votke-meiega-uhendust","status":"publish","type":"page","link":"https:\/\/nordicbags.eu\/et\/votke-meiega-uhendust\/","title":{"rendered":"V\u00f5tke meiega \u00fchendust"},"content":{"rendered":"\n<h1>Kontaktid<\/h1>\n<h3>Saada meile e-kiri<\/h3>\n<p>Kui teil on midagi \u00f6elda v\u00f5i \u00f6elda, siis v\u00f5tke julgelt \u00fchendust&nbsp;<a href=\"mailto:hello@@nordicbags.eu\">hello@nordicbags.eu.<\/a><\/p>\n<p>Praegu me ei v\u00f5ta vastu telefonik\u00f5nesid, sest meile ei meeldi telefonitsi r\u00e4\u00e4kida.<\/p>\n<h3>Kirjutage meile<\/h3>\n<p>Kui sa oled see hull, kes tahab kirja kirjutada, siis tee seda julgelt:<\/p>\n<p>LIFTSPARK O\u00dc Ahtri tn 6a Tallinn 10151<\/p>\n\n\n","protected":false},"excerpt":{"rendered":"","protected":false},"author":1,"featured_media":0,"parent":0,"menu_order":0,"comment_status":"closed","ping_status":"closed","template":"","meta":{"_acf_changed":false,"footnotes":""},"class_list":["post-8053","page","type-page","status-publish","hentry"],"acf":[],"_links":{"self":[{"href":"https:\/\/nordicbags.eu\/et\/wp-json\/wp\/v2\/pages\/8053","targetHints":{"allow":["GET"]}}],"collection":[{"href":"https:\/\/nordicbags.eu\/et\/wp-json\/wp\/v2\/pages"}],"about":[{"href":"https:\/\/nordicbags.eu\/et\/wp-json\/wp\/v2\/types\/page"}],"author":[{"embeddable":true,"href":"https:\/\/nordicbags.eu\/et\/wp-json\/wp\/v2\/users\/1"}],"replies":[{"embeddable":true,"href":"https:\/\/nordicbags.eu\/et\/wp-json\/wp\/v2\/comments?post=8053"}],"version-history":[{"count":1,"href":"https:\/\/nordicbags.eu\/et\/wp-json\/wp\/v2\/pages\/8053\/revisions"}],"predecessor-version":[{"id":8058,"href":"https:\/\/nordicbags.eu\/et\/wp-json\/wp\/v2\/pages\/8053\/revisions\/8058"}],"wp:attachment":[{"href":"https:\/\/nordicbags.eu\/et\/wp-json\/wp\/v2\/media?parent=8053"}],"curies":[{"name":"wp","href":"https:\/\/api.w.org\/{rel}","templated":true}]}}